{"id":4429,"date":"2024-05-16T14:32:32","date_gmt":"2024-05-16T14:32:32","guid":{"rendered":"https:\/\/www.oceamic2.com\/sardinas\/"},"modified":"2024-05-16T14:51:23","modified_gmt":"2024-05-16T14:51:23","slug":"sardinas","status":"publish","type":"page","link":"https:\/\/www.oceamic2.com\/es\/sardinas\/","title":{"rendered":"Sardinas"},"content":{"rendered":"\n<div class=\"wp-block-cover alignwide is-light is-position-center-center landingImg eplus-Ngdf7V\"><span aria-hidden=\"true\" class=\"wp-block-cover__background has-background-dim-30 has-background-dim\"><\/span><img fetchpriority=\"high\" decoding=\"async\" width=\"992\" height=\"570\" class=\"wp-block-cover__image-background wp-image-137\" alt=\"\" src=\"https:\/\/mlby6cou2v80.i.optimole.com\/w:auto\/h:auto\/q:mauto\/f:best\/https:\/\/www.oceamic2.com\/wp-content\/uploads\/2021\/01\/raw-mackerel-with-spices_1_50.png\" data-object-fit=\"cover\" srcset=\"https:\/\/mlby6cou2v80.i.optimole.com\/w:auto\/h:auto\/q:mauto\/f:best\/https:\/\/www.oceamic2.com\/wp-content\/uploads\/2021\/01\/raw-mackerel-with-spices_1_50.png 992w, https:\/\/mlby6cou2v80.i.optimole.com\/w:300\/h:172\/q:mauto\/f:best\/https:\/\/www.oceamic2.com\/wp-content\/uploads\/2021\/01\/raw-mackerel-with-spices_1_50.png 300w, https:\/\/mlby6cou2v80.i.optimole.com\/w:768\/h:441\/q:mauto\/f:best\/https:\/\/www.oceamic2.com\/wp-content\/uploads\/2021\/01\/raw-mackerel-with-spices_1_50.png 768w\" sizes=\"(max-width: 992px) 100vw, 992px\" \/><div class=\"wp-block-cover__inner-container is-layout-flow wp-block-cover-is-layout-flow\">\n<p class=\"has-text-align-center display-2 fw-regular m-0 text-white has-text-color\" style=\"color:#fffffa;font-size:74px;line-height:1.1\">Sardinas<\/p>\n\n\n\n<p class=\"has-text-align-center text-white m-0\"><a href=\"https:\/\/www.oceamic2.com\/es\/\">Inicio<\/a> \/ Nuestros productos \/ Sardinas<\/p>\n<\/div><\/div>\n\n<div style=\"height:20px\" aria-hidden=\"true\" class=\"wp-block-spacer eplus-3OuIJr\"><\/div>\n\n<div class=\"wp-block-group px-1\"><div class=\"wp-block-group__inner-container is-layout-flow wp-block-group-is-layout-flow\">\n<h1>SARDINAS EN LATA  <br\/><strong>D&#8217;OCEAMIC II<\/strong><\/h1>\n\n\n\n<svg xmlns=\"http:\/\/www.w3.org\/2000\/svg\" class=\"mx-auto d-flex mt-4\" width=\"120\" height=\"26.688\"><path fill-rule=\"evenodd\" fill=\"#02BCEF\" d=\"M0 8s14.563 11.931 36 11c21.438-.931 36.192-9.945 59-13 14.446-1.631 12.971-.148 17 0 .293-.564-10.496-5.344-18-5-12.308-2.325-48.754 12.447-63 12-1.08.265-8.761 2.295-31-5z\"><\/path><\/svg>\n\n\n\n<p class=\"has-text-align-center text-muted mt-3 lh-sm px-3 px-6 p-intro\">Los m\u00e9todos de preparaci\u00f3n de las <strong>conservas de sardinas marroqu\u00edes<\/strong> de Oceamic II hacen que sus famosas recetas sean apreciadas tanto en el mercado marroqu\u00ed como en el extranjero. La f\u00e1brica de conservas de pescado de Marruecos utiliza maquinaria de alta tecnolog\u00eda y mano de obra cualificada para garantizar cada d\u00eda la calidad de sus conservas de sardinas. Desde que se reciben las sardinas hasta que se env\u00edan.<br\/><br\/>\nAs\u00ed pues, ya sean sardinas en aceite de oliva, sardinas en aceite vegetal o sardinas picantes, Oceamic II ofrece a todos sus clientes internacionales productos de calidad y sabor inigualables.\n<\/p>\n<\/div><\/div>\n\n<div style=\"height:60px\" aria-hidden=\"true\" class=\"wp-block-spacer my-5 my-md-1\"><\/div>\n\n<div class=\"wp-block-media-text alignwide is-stacked-on-mobile is-image-fill bg-cyan px-2 px-7 block-5 pt-5 mb-4\" style=\"grid-template-columns:42% auto\"><figure class=\"wp-block-media-text__media\" style=\"background-image:url(https:\/\/mlby6cou2v80.i.optimole.com\/w:1024\/h:576\/q:mauto\/f:best\/https:\/\/www.oceamic2.com\/wp-content\/uploads\/2021\/09\/sardines-maroc-1.jpg);background-position:50% 50%\"><img fetchpriority=\"high\" decoding=\"async\" width=\"1024\" height=\"576\" src=\"https:\/\/mlby6cou2v80.i.optimole.com\/w:1024\/h:576\/q:mauto\/f:best\/https:\/\/www.oceamic2.com\/wp-content\/uploads\/2021\/09\/sardines-maroc-1.jpg\" alt=\"Sardinas Marruecos\" class=\"wp-image-2395 size-full\" srcset=\"https:\/\/mlby6cou2v80.i.optimole.com\/w:1024\/h:576\/q:mauto\/f:best\/https:\/\/www.oceamic2.com\/wp-content\/uploads\/2021\/09\/sardines-maroc-1.jpg 1024w, https:\/\/mlby6cou2v80.i.optimole.com\/w:300\/h:169\/q:mauto\/f:best\/https:\/\/www.oceamic2.com\/wp-content\/uploads\/2021\/09\/sardines-maroc-1.jpg 300w, https:\/\/mlby6cou2v80.i.optimole.com\/w:768\/h:432\/q:mauto\/f:best\/https:\/\/www.oceamic2.com\/wp-content\/uploads\/2021\/09\/sardines-maroc-1.jpg 768w, https:\/\/mlby6cou2v80.i.optimole.com\/w:auto\/h:auto\/q:mauto\/f:best\/https:\/\/www.oceamic2.com\/wp-content\/uploads\/2021\/09\/sardines-maroc-1.jpg 1440w\" sizes=\"(max-width: 1024px) 100vw, 1024px\" \/><\/figure><div class=\"wp-block-media-text__content\">\n<div class=\"wp-block-group pl-2 pl-md-4\"><div class=\"wp-block-group__inner-container is-layout-flow wp-block-group-is-layout-flow\">\n<h2 class=\"fs-4 text-primary mt-lg-n5 fw-regular mb-0 mb-md-4 mt-4 has-large-font-size\">CARACTER\u00cdSTICAS ESPEC\u00cdFICAS DE LA SARDINA MARROQU\u00cd\n<\/h2>\n\n\n\n<ul class=\"eplus-j89Sp2 custom-bullet text-muted pl-4 lh-sm\"><li><strong>Nombre zool\u00f3gico<\/strong>: Sardina Pilchardus Walbaum<\/li><li><strong>Origen:<\/strong> C\u00f4tes Atlantiques centro-este<\/li><li><strong>Tama\u00f1os:<\/strong> de 12 a 20 cm<\/li><li><strong>Preparaci\u00f3n:<\/strong> Sardinas cl\u00e1sicas, Filetes de sardina, Sardinas sin piel y sin espinas, Trozos de sardina.<\/li><li><strong>Recetas:<\/strong> en salmuera, aceite vegetal, aceite vegetal especiado, aceite de oliva, salsa de tomate.<\/li><\/ul>\n\n\n\n<p class=\"text-muted lh-sm eplus-vb7F0j\">Marruecos es el primer productor y exportador mundial de sardinas, y ocupa el 17\u00ba lugar en cuanto a reservas pesqueras. Las sardinas se pescan entre mayo y noviembre.<br\/><br\/> <\/p>\n<\/div><\/div>\n<\/div><\/div>\n\n<div style=\"height:75px\" aria-hidden=\"true\" class=\"wp-block-spacer\"><\/div>\n\n<div class=\"wp-block-media-text alignwide is-stacked-on-mobile is-image-fill bg-cyan px-2 px-7 block-5 pt-5\" style=\"grid-template-columns:42% auto\"><figure class=\"wp-block-media-text__media\" style=\"background-image:url(https:\/\/mlby6cou2v80.i.optimole.com\/w:1024\/h:576\/q:mauto\/f:best\/https:\/\/www.oceamic2.com\/wp-content\/uploads\/2021\/09\/sardines-conserves-maroc.jpg);background-position:50% 50%\"><img fetchpriority=\"high\" decoding=\"async\" width=\"1024\" height=\"576\" src=\"https:\/\/mlby6cou2v80.i.optimole.com\/w:1024\/h:576\/q:mauto\/f:best\/https:\/\/www.oceamic2.com\/wp-content\/uploads\/2021\/09\/sardines-conserves-maroc.jpg\" alt=\"Sardinas en lata\" class=\"wp-image-2399 size-full\" srcset=\"https:\/\/mlby6cou2v80.i.optimole.com\/w:1024\/h:576\/q:mauto\/f:best\/https:\/\/www.oceamic2.com\/wp-content\/uploads\/2021\/09\/sardines-conserves-maroc.jpg 1024w, https:\/\/mlby6cou2v80.i.optimole.com\/w:300\/h:169\/q:mauto\/f:best\/https:\/\/www.oceamic2.com\/wp-content\/uploads\/2021\/09\/sardines-conserves-maroc.jpg 300w, https:\/\/mlby6cou2v80.i.optimole.com\/w:768\/h:432\/q:mauto\/f:best\/https:\/\/www.oceamic2.com\/wp-content\/uploads\/2021\/09\/sardines-conserves-maroc.jpg 768w, https:\/\/mlby6cou2v80.i.optimole.com\/w:auto\/h:auto\/q:mauto\/f:best\/https:\/\/www.oceamic2.com\/wp-content\/uploads\/2021\/09\/sardines-conserves-maroc.jpg 1440w\" sizes=\"(max-width: 1024px) 100vw, 1024px\" \/><\/figure><div class=\"wp-block-media-text__content\">\n<div class=\"wp-block-group pl-2 pl-md-4\"><div class=\"wp-block-group__inner-container is-layout-flow wp-block-group-is-layout-flow\">\n<p class=\"fs-4 text-primary mt-lg-n5 fw-regular mb-0 mb-md-4 mt-4 has-large-font-size\">PERO \u00bfPOR QU\u00c9 SON TAN PRECIADAS Y CODICIADAS LAS SARDINAS?\n<\/p>\n\n\n\n<p class=\"text-muted lh-sm mt-2\">A primera vista, este pececillo no tiene nada de especial. Con sus finas l\u00edneas, su vientre plateado, su dorso azulado y su tama\u00f1o que no suele superar los 20 cm&#8230; \u00bfPor qu\u00e9 es tan famosa? Lo que la hace especial es su carne y el hecho de que sea tan f\u00e1cil encontrarla en abundancia. Su carne, delicada y sabrosa, es rica en \u00e1cidos grasos omega-3 y nutrientes como f\u00f3sforo, selenio, calcio, vitamina D, vitamina B3 y vitamina B6. \u00a1Tantos componentes buenos para un pez tan peque\u00f1o! Y es f\u00e1cil de coger. Se encuentra en abundancia a lo largo de la costa marroqu\u00ed.\n<\/p>\n\n\n\n<p class=\"text-muted lh-sm eplus-vb7F0j\">Oceamic II se encargar\u00e1 entonces de presentarlo a todo el mundo, respetando las normas y reglamentos de pesca para que todo el mundo pueda disfrutarlo.\n<\/p>\n<\/div><\/div>\n<\/div><\/div>\n\n<div style=\"height:50px\" aria-hidden=\"true\" class=\"wp-block-spacer eplus-AuBisI\"><\/div>\n\n<div class=\"wp-block-group px-3 px-6\"><div class=\"wp-block-group__inner-container is-layout-flow wp-block-group-is-layout-flow\">\n<h2>Sardinas en lata de marca blanca<\/h2>\n\n\n\n<p class=\"text-justify\">En Oceamic II, puedes tener tu propia etiqueta de sardinas en lata. Etiquetar las latas de pescado con tu marca te ayudar\u00e1 a atraer compradores a tu mercado.<br\/><br\/>\nLas sardinas marroqu\u00edes en conserva Oceamic II pueden crearse seg\u00fan tus condiciones.<br\/>\nOceamic II est\u00e1 disponible en todos los mercados: Reino Unido, UE, UEE, Mena, \u00c1frica, PECO.\n\n<\/p>\n\n\n\n<h2>\u00bfPor qu\u00e9 elegir las sardinas en conserva Oceamic II?<\/h2>\n\n\n\n<h3>Cajas de hierro de alta calidad en varios tama\u00f1os:<\/h3>\n\n\n\n<p class=\"text-justify\">En Oceamic II, elige entre una amplia variedad de latas. Puedes poner el logotipo o la etiqueta de tu empresa en las latas de pescado seg\u00fan tus especificaciones.<br\/>\nLos tama\u00f1os de caja disponibles son \u00bc <b>club 125g, 1\/5 P 135g, 1\/8 P 90g 1\/10 P 69g, Jitney 170g, \u00bd Haute 425g, RO1000, RO1700, \u00bc club 125g<\/b>.\n<\/p>\n\n\n\n<h3>Recetas flexibles que se adaptan a tus especificaciones<\/h3>\n\n\n\n<p class=\"text-justify\">Cada jutage puede ser definido por los compradores. Las recetas disponibles incluyen sardinas en salmuera, aceite vegetal, aceite de oliva o salsa de tomate. Pero, por supuesto, la <strong>conservera de sardinas de<\/strong> Marruecos siempre puede adaptarse a cualquier tipo de mercado.\n<\/p>\n\n\n\n<h3>F\u00e1cil m\u00e9todo de env\u00edo :<\/h3>\n\n\n\n<p class=\"text-justify\">Benef\u00edciate de una amplia gama de diferentes servicios de env\u00edo de embalajes. S\u00f3lo tienes que seleccionar la opci\u00f3n de embalaje y organizaremos el m\u00e9todo de env\u00edo m\u00e1s seguro para ti.<\/p>\n<\/div><\/div>\n\n<div style=\"height:50px\" aria-hidden=\"true\" class=\"wp-block-spacer eplus-AuBisI\"><\/div>\n","protected":false},"excerpt":{"rendered":"<p>SARDINAS EN LATA D&#8217;OCEAMIC II Los m\u00e9todos de preparaci\u00f3n de las conservas de sardinas marroqu\u00edes de Oceamic II hacen que sus famosas recetas sean apreciadas tanto en el mercado marroqu\u00ed como en el extranjero. La f\u00e1brica de conservas de pescado de Marruecos utiliza maquinaria de alta tecnolog\u00eda y mano de obra cualificada para garantizar cada&hellip; <a class=\"more-link\" href=\"https:\/\/www.oceamic2.com\/es\/sardinas\/\">Continue reading <span class=\"screen-reader-text\">Sardinas<\/span><\/a><\/p>\n","protected":false},"author":2,"featured_media":0,"parent":0,"menu_order":9,"comment_status":"closed","ping_status":"closed","template":"","meta":{"_acf_changed":false,"inline_featured_image":false,"footnotes":""},"class_list":["post-4429","page","type-page","status-publish","hentry","entry"],"acf":[],"yoast_head":"<!-- This site is optimized with the Yoast SEO plugin v24.8.1 - https:\/\/yoast.com\/wordpress\/plugins\/seo\/ -->\n<title>Elaboraci\u00f3n de conservas de sardinas marroqu\u00edes con varias recetas<\/title>\n<meta name=\"description\" content=\"Conservas marroqu\u00edes de sardinas para la exportaci\u00f3n disponibles en varias recetas, envases y marcas o de marca blanca.\" \/>\n<meta name=\"robots\" content=\"index, follow, max-snippet:-1, max-image-preview:large, max-video-preview:-1\" \/>\n<link rel=\"canonical\" href=\"https:\/\/www.oceamic2.com\/es\/sardinas\/\" \/>\n<meta property=\"og:locale\" content=\"es_ES\" \/>\n<meta property=\"og:type\" content=\"article\" \/>\n<meta property=\"og:title\" content=\"Elaboraci\u00f3n de conservas de sardinas marroqu\u00edes con varias recetas\" \/>\n<meta property=\"og:description\" content=\"Conservas marroqu\u00edes de sardinas para la exportaci\u00f3n disponibles en varias recetas, envases y marcas o de marca blanca.\" \/>\n<meta property=\"og:url\" content=\"https:\/\/www.oceamic2.com\/es\/sardinas\/\" \/>\n<meta property=\"article:modified_time\" content=\"2024-05-16T14:51:23+00:00\" \/>\n<meta property=\"og:image\" content=\"https:\/\/mlby6cou2v80.i.optimole.com\/w:auto\/h:auto\/q:mauto\/f:best\/https:\/\/www.oceamic2.com\/wp-content\/uploads\/2021\/01\/raw-mackerel-with-spices_1_50.png\" \/>\n<meta name=\"twitter:card\" content=\"summary_large_image\" \/>\n<meta name=\"twitter:label1\" content=\"Tiempo de lectura\" \/>\n\t<meta name=\"twitter:data1\" content=\"4 minutos\" \/>\n<script type=\"application\/ld+json\" class=\"yoast-schema-graph\">{\"@context\":\"https:\/\/schema.org\",\"@graph\":[{\"@type\":\"WebPage\",\"@id\":\"https:\/\/www.oceamic2.com\/es\/sardinas\/\",\"url\":\"https:\/\/www.oceamic2.com\/es\/sardinas\/\",\"name\":\"Elaboraci\u00f3n de conservas de sardinas marroqu\u00edes con varias recetas\",\"isPartOf\":{\"@id\":\"https:\/\/www.oceamic2.com\/#website\"},\"primaryImageOfPage\":{\"@id\":\"https:\/\/www.oceamic2.com\/es\/sardinas\/#primaryimage\"},\"image\":{\"@id\":\"https:\/\/www.oceamic2.com\/es\/sardinas\/#primaryimage\"},\"thumbnailUrl\":\"https:\/\/mlby6cou2v80.i.optimole.com\/w:auto\/h:auto\/q:mauto\/f:best\/https:\/\/www.oceamic2.com\/wp-content\/uploads\/2021\/01\/raw-mackerel-with-spices_1_50.png\",\"datePublished\":\"2024-05-16T14:32:32+00:00\",\"dateModified\":\"2024-05-16T14:51:23+00:00\",\"description\":\"Conservas marroqu\u00edes de sardinas para la exportaci\u00f3n disponibles en varias recetas, envases y marcas o de marca blanca.\",\"breadcrumb\":{\"@id\":\"https:\/\/www.oceamic2.com\/es\/sardinas\/#breadcrumb\"},\"inLanguage\":\"es\",\"potentialAction\":[{\"@type\":\"ReadAction\",\"target\":[\"https:\/\/www.oceamic2.com\/es\/sardinas\/\"]}]},{\"@type\":\"ImageObject\",\"inLanguage\":\"es\",\"@id\":\"https:\/\/www.oceamic2.com\/es\/sardinas\/#primaryimage\",\"url\":\"https:\/\/mlby6cou2v80.i.optimole.com\/w:auto\/h:auto\/q:mauto\/f:best\/https:\/\/www.oceamic2.com\/wp-content\/uploads\/2021\/01\/raw-mackerel-with-spices_1_50.png\",\"contentUrl\":\"https:\/\/mlby6cou2v80.i.optimole.com\/w:auto\/h:auto\/q:mauto\/f:best\/https:\/\/www.oceamic2.com\/wp-content\/uploads\/2021\/01\/raw-mackerel-with-spices_1_50.png\"},{\"@type\":\"BreadcrumbList\",\"@id\":\"https:\/\/www.oceamic2.com\/es\/sardinas\/#breadcrumb\",\"itemListElement\":[{\"@type\":\"ListItem\",\"position\":1,\"name\":\"Home\",\"item\":\"https:\/\/www.oceamic2.com\/es\/\"},{\"@type\":\"ListItem\",\"position\":2,\"name\":\"Sardinas\"}]},{\"@type\":\"WebSite\",\"@id\":\"https:\/\/www.oceamic2.com\/#website\",\"url\":\"https:\/\/www.oceamic2.com\/\",\"name\":\"\",\"description\":\"\",\"publisher\":{\"@id\":\"https:\/\/www.oceamic2.com\/#organization\"},\"potentialAction\":[{\"@type\":\"SearchAction\",\"target\":{\"@type\":\"EntryPoint\",\"urlTemplate\":\"https:\/\/www.oceamic2.com\/?s={search_term_string}\"},\"query-input\":{\"@type\":\"PropertyValueSpecification\",\"valueRequired\":true,\"valueName\":\"search_term_string\"}}],\"inLanguage\":\"es\"},{\"@type\":\"Organization\",\"@id\":\"https:\/\/www.oceamic2.com\/#organization\",\"name\":\"Oceamic II\",\"url\":\"https:\/\/www.oceamic2.com\/\",\"logo\":{\"@type\":\"ImageObject\",\"inLanguage\":\"es\",\"@id\":\"https:\/\/www.oceamic2.com\/#\/schema\/logo\/image\/\",\"url\":\"https:\/\/mlby6cou2v80.i.optimole.com\/w:auto\/h:auto\/q:mauto\/f:best\/https:\/\/www.oceamic2.com\/wp-content\/uploads\/2021\/02\/Calque-2.png\",\"contentUrl\":\"https:\/\/mlby6cou2v80.i.optimole.com\/w:auto\/h:auto\/q:mauto\/f:best\/https:\/\/www.oceamic2.com\/wp-content\/uploads\/2021\/02\/Calque-2.png\",\"width\":246,\"height\":164,\"caption\":\"Oceamic II\"},\"image\":{\"@id\":\"https:\/\/www.oceamic2.com\/#\/schema\/logo\/image\/\"}}]}<\/script>\n<!-- \/ Yoast SEO plugin. -->","yoast_head_json":{"title":"Elaboraci\u00f3n de conservas de sardinas marroqu\u00edes con varias recetas","description":"Conservas marroqu\u00edes de sardinas para la exportaci\u00f3n disponibles en varias recetas, envases y marcas o de marca blanca.","robots":{"index":"index","follow":"follow","max-snippet":"max-snippet:-1","max-image-preview":"max-image-preview:large","max-video-preview":"max-video-preview:-1"},"canonical":"https:\/\/www.oceamic2.com\/es\/sardinas\/","og_locale":"es_ES","og_type":"article","og_title":"Elaboraci\u00f3n de conservas de sardinas marroqu\u00edes con varias recetas","og_description":"Conservas marroqu\u00edes de sardinas para la exportaci\u00f3n disponibles en varias recetas, envases y marcas o de marca blanca.","og_url":"https:\/\/www.oceamic2.com\/es\/sardinas\/","article_modified_time":"2024-05-16T14:51:23+00:00","og_image":[{"url":"https:\/\/mlby6cou2v80.i.optimole.com\/w:auto\/h:auto\/q:mauto\/f:best\/https:\/\/www.oceamic2.com\/wp-content\/uploads\/2021\/01\/raw-mackerel-with-spices_1_50.png","type":"","width":"","height":""}],"twitter_card":"summary_large_image","twitter_misc":{"Tiempo de lectura":"4 minutos"},"schema":{"@context":"https:\/\/schema.org","@graph":[{"@type":"WebPage","@id":"https:\/\/www.oceamic2.com\/es\/sardinas\/","url":"https:\/\/www.oceamic2.com\/es\/sardinas\/","name":"Elaboraci\u00f3n de conservas de sardinas marroqu\u00edes con varias recetas","isPartOf":{"@id":"https:\/\/www.oceamic2.com\/#website"},"primaryImageOfPage":{"@id":"https:\/\/www.oceamic2.com\/es\/sardinas\/#primaryimage"},"image":{"@id":"https:\/\/www.oceamic2.com\/es\/sardinas\/#primaryimage"},"thumbnailUrl":"https:\/\/mlby6cou2v80.i.optimole.com\/w:auto\/h:auto\/q:mauto\/f:best\/https:\/\/www.oceamic2.com\/wp-content\/uploads\/2021\/01\/raw-mackerel-with-spices_1_50.png","datePublished":"2024-05-16T14:32:32+00:00","dateModified":"2024-05-16T14:51:23+00:00","description":"Conservas marroqu\u00edes de sardinas para la exportaci\u00f3n disponibles en varias recetas, envases y marcas o de marca blanca.","breadcrumb":{"@id":"https:\/\/www.oceamic2.com\/es\/sardinas\/#breadcrumb"},"inLanguage":"es","potentialAction":[{"@type":"ReadAction","target":["https:\/\/www.oceamic2.com\/es\/sardinas\/"]}]},{"@type":"ImageObject","inLanguage":"es","@id":"https:\/\/www.oceamic2.com\/es\/sardinas\/#primaryimage","url":"https:\/\/mlby6cou2v80.i.optimole.com\/w:auto\/h:auto\/q:mauto\/f:best\/https:\/\/www.oceamic2.com\/wp-content\/uploads\/2021\/01\/raw-mackerel-with-spices_1_50.png","contentUrl":"https:\/\/mlby6cou2v80.i.optimole.com\/w:auto\/h:auto\/q:mauto\/f:best\/https:\/\/www.oceamic2.com\/wp-content\/uploads\/2021\/01\/raw-mackerel-with-spices_1_50.png"},{"@type":"BreadcrumbList","@id":"https:\/\/www.oceamic2.com\/es\/sardinas\/#breadcrumb","itemListElement":[{"@type":"ListItem","position":1,"name":"Home","item":"https:\/\/www.oceamic2.com\/es\/"},{"@type":"ListItem","position":2,"name":"Sardinas"}]},{"@type":"WebSite","@id":"https:\/\/www.oceamic2.com\/#website","url":"https:\/\/www.oceamic2.com\/","name":"","description":"","publisher":{"@id":"https:\/\/www.oceamic2.com\/#organization"},"potentialAction":[{"@type":"SearchAction","target":{"@type":"EntryPoint","urlTemplate":"https:\/\/www.oceamic2.com\/?s={search_term_string}"},"query-input":{"@type":"PropertyValueSpecification","valueRequired":true,"valueName":"search_term_string"}}],"inLanguage":"es"},{"@type":"Organization","@id":"https:\/\/www.oceamic2.com\/#organization","name":"Oceamic II","url":"https:\/\/www.oceamic2.com\/","logo":{"@type":"ImageObject","inLanguage":"es","@id":"https:\/\/www.oceamic2.com\/#\/schema\/logo\/image\/","url":"https:\/\/mlby6cou2v80.i.optimole.com\/w:auto\/h:auto\/q:mauto\/f:best\/https:\/\/www.oceamic2.com\/wp-content\/uploads\/2021\/02\/Calque-2.png","contentUrl":"https:\/\/mlby6cou2v80.i.optimole.com\/w:auto\/h:auto\/q:mauto\/f:best\/https:\/\/www.oceamic2.com\/wp-content\/uploads\/2021\/02\/Calque-2.png","width":246,"height":164,"caption":"Oceamic II"},"image":{"@id":"https:\/\/www.oceamic2.com\/#\/schema\/logo\/image\/"}}]}},"_links":{"self":[{"href":"https:\/\/www.oceamic2.com\/es\/wp-json\/wp\/v2\/pages\/4429","targetHints":{"allow":["GET"]}}],"collection":[{"href":"https:\/\/www.oceamic2.com\/es\/wp-json\/wp\/v2\/pages"}],"about":[{"href":"https:\/\/www.oceamic2.com\/es\/wp-json\/wp\/v2\/types\/page"}],"author":[{"embeddable":true,"href":"https:\/\/www.oceamic2.com\/es\/wp-json\/wp\/v2\/users\/2"}],"replies":[{"embeddable":true,"href":"https:\/\/www.oceamic2.com\/es\/wp-json\/wp\/v2\/comments?post=4429"}],"version-history":[{"count":2,"href":"https:\/\/www.oceamic2.com\/es\/wp-json\/wp\/v2\/pages\/4429\/revisions"}],"predecessor-version":[{"id":4433,"href":"https:\/\/www.oceamic2.com\/es\/wp-json\/wp\/v2\/pages\/4429\/revisions\/4433"}],"wp:attachment":[{"href":"https:\/\/www.oceamic2.com\/es\/wp-json\/wp\/v2\/media?parent=4429"}],"curies":[{"name":"wp","href":"https:\/\/api.w.org\/{rel}","templated":true}]}}