{"id":4421,"date":"2024-05-16T14:32:31","date_gmt":"2024-05-16T14:32:31","guid":{"rendered":"https:\/\/www.oceamic2.com\/exportar\/"},"modified":"2024-05-16T16:18:51","modified_gmt":"2024-05-16T16:18:51","slug":"exportar","status":"publish","type":"page","link":"https:\/\/www.oceamic2.com\/es\/exportar\/","title":{"rendered":"Exportar"},"content":{"rendered":"\n<div class=\"wp-block-cover alignwide is-light is-position-center-center landingImg eplus-Ngdf7V\"><span aria-hidden=\"true\" class=\"wp-block-cover__background has-background-dim-30 has-background-dim\"><\/span><img fetchpriority=\"high\" decoding=\"async\" width=\"992\" height=\"570\" class=\"wp-block-cover__image-background wp-image-137\" alt=\"\" src=\"https:\/\/mlby6cou2v80.i.optimole.com\/w:auto\/h:auto\/q:mauto\/f:best\/https:\/\/www.oceamic2.com\/wp-content\/uploads\/2021\/01\/raw-mackerel-with-spices_1_50.png\" data-object-fit=\"cover\" srcset=\"https:\/\/mlby6cou2v80.i.optimole.com\/w:auto\/h:auto\/q:mauto\/f:best\/https:\/\/www.oceamic2.com\/wp-content\/uploads\/2021\/01\/raw-mackerel-with-spices_1_50.png 992w, https:\/\/mlby6cou2v80.i.optimole.com\/w:300\/h:172\/q:mauto\/f:best\/https:\/\/www.oceamic2.com\/wp-content\/uploads\/2021\/01\/raw-mackerel-with-spices_1_50.png 300w, https:\/\/mlby6cou2v80.i.optimole.com\/w:768\/h:441\/q:mauto\/f:best\/https:\/\/www.oceamic2.com\/wp-content\/uploads\/2021\/01\/raw-mackerel-with-spices_1_50.png 768w\" sizes=\"(max-width: 992px) 100vw, 992px\" \/><div class=\"wp-block-cover__inner-container is-layout-flow wp-block-cover-is-layout-flow\">\n<p class=\"has-text-align-center display-2 fw-regular m-0 text-white has-text-color\" style=\"color:#fffffa;font-size:74px;line-height:1.1\">Exportar<\/p>\n\n\n\n<p class=\"has-text-align-center text-white m-0\"><a href=\"https:\/\/www.oceamic2.com\/es\/\">Inicio<\/a> \/ Exportaci\u00f3n<\/p>\n<\/div><\/div>\n\n<div style=\"height:20px\" aria-hidden=\"true\" class=\"wp-block-spacer eplus-3OuIJr\"><\/div>\n\n<div class=\"wp-block-group px-1\"><div class=\"wp-block-group__inner-container is-layout-flow wp-block-group-is-layout-flow\">\n<h1>EXPORTACI\u00d3N DE <strong>CONSERVAS DE PESCADO<\/strong><br\/>  EN MARRUECOS<\/h1>\n\n\n\n<svg xmlns=\"http:\/\/www.w3.org\/2000\/svg\" class=\"mx-auto d-flex mt-4\" width=\"120\" height=\"26.688\"><path fill-rule=\"evenodd\" fill=\"#02BCEF\" d=\"M0 8s14.563 11.931 36 11c21.438-.931 36.192-9.945 59-13 14.446-1.631 12.971-.148 17 0 .293-.564-10.496-5.344-18-5-12.308-2.325-48.754 12.447-63 12-1.08.265-8.761 2.295-31-5z\"><\/path><\/svg>\n\n\n\n<p class=\"has-text-align-center text-muted mt-3 lh-sm px-3 px-6 p-intro\">Oceamic II es una empresa con experiencia en comercio exterior.<br\/>\nSituado en La\u00e2youne, uno de los puertos m\u00e1s influyentes del Reino de Marruecos, y centro de muchas transacciones globales con los 4 rincones del mundo.  \n<br\/><br\/>\nEsta situaci\u00f3n estrat\u00e9gica permite no s\u00f3lo obtener materias primas frescas, sino tambi\u00e9n facilitar los viajes internacionales y, por tanto, la exportaci\u00f3n de conservas de pescado.\n<\/p>\n<\/div><\/div>\n\n<div style=\"height:150px\" aria-hidden=\"true\" class=\"wp-block-spacer my-5 my-md-1\"><\/div>\n\n<div class=\"wp-block-media-text alignwide is-stacked-on-mobile is-image-fill bg-cyan px-2 px-7 block-5 pt-5\" style=\"grid-template-columns:42% auto\"><figure class=\"wp-block-media-text__media\" style=\"background-image:url(https:\/\/mlby6cou2v80.i.optimole.com\/w:1024\/h:576\/q:mauto\/f:best\/https:\/\/www.oceamic2.com\/wp-content\/uploads\/2021\/09\/export-conserves-poissons.jpg);background-position:50% 50%\"><img fetchpriority=\"high\" decoding=\"async\" width=\"1024\" height=\"576\" src=\"https:\/\/mlby6cou2v80.i.optimole.com\/w:1024\/h:576\/q:mauto\/f:best\/https:\/\/www.oceamic2.com\/wp-content\/uploads\/2021\/09\/export-conserves-poissons.jpg\" alt=\"Exportaci\u00f3n de conservas de pescado\" class=\"wp-image-2428 size-full\" srcset=\"https:\/\/mlby6cou2v80.i.optimole.com\/w:1024\/h:576\/q:mauto\/f:best\/https:\/\/www.oceamic2.com\/wp-content\/uploads\/2021\/09\/export-conserves-poissons.jpg 1024w, https:\/\/mlby6cou2v80.i.optimole.com\/w:300\/h:169\/q:mauto\/f:best\/https:\/\/www.oceamic2.com\/wp-content\/uploads\/2021\/09\/export-conserves-poissons.jpg 300w, https:\/\/mlby6cou2v80.i.optimole.com\/w:768\/h:432\/q:mauto\/f:best\/https:\/\/www.oceamic2.com\/wp-content\/uploads\/2021\/09\/export-conserves-poissons.jpg 768w, https:\/\/mlby6cou2v80.i.optimole.com\/w:auto\/h:auto\/q:mauto\/f:best\/https:\/\/www.oceamic2.com\/wp-content\/uploads\/2021\/09\/export-conserves-poissons.jpg 1440w\" sizes=\"(max-width: 1024px) 100vw, 1024px\" \/><\/figure><div class=\"wp-block-media-text__content\">\n<div class=\"wp-block-group pl-2 pl-md-4\"><div class=\"wp-block-group__inner-container is-layout-flow wp-block-group-is-layout-flow\">\n<h2 class=\"fs-4 text-primary mt-lg-n5 fw-regular mb-0 mb-md-4 mt-4 has-large-font-size\">LOS PA\u00cdSES A LOS QUE EXPORTAMOS CONSERVAS DE PESCADO<\/h2>\n\n\n\n<p class=\"text-muted lh-sm mt-2\"><\/p>\n\n\n\n<p class=\"text-muted lh-sm eplus-vb7F0j p-intro\">Las estad\u00edsticas muestran que representa casi el 27% de las importaciones mundiales de productos pesqueros. Adem\u00e1s, cada habitante consum\u00eda casi 25,1 kg\/a\u00f1o de pescado y marisco. Adem\u00e1s, los pa\u00edses de la Uni\u00f3n Europea est\u00e1n cerca de Marruecos. En consecuencia, la mayor\u00eda de las<strong>exportaciones de conservas de pescado de<\/strong> Marruecos se dirigen a estos pa\u00edses.<br\/><br\/>\nPero adem\u00e1s de la UE, Oceamic II tambi\u00e9n exporta al Reino Unido, Oriente Medio y \u00c1frica, donde ya cuenta con todas las autorizaciones y certificaciones necesarias para penetrar en cada mercado.\n<\/p>\n<\/div><\/div>\n<\/div><\/div>\n\n<div style=\"height:70px\" aria-hidden=\"true\" class=\"wp-block-spacer\"><\/div>\n\n<div class=\"wp-block-group px-3 px-6\"><div class=\"wp-block-group__inner-container is-layout-flow wp-block-group-is-layout-flow\">\n<h2>\u00bfC\u00f3mo funcionan las exportaciones de conservas de pescado en Marruecos?<\/h2>\n\n\n\n<p class=\"text-justify \">Marruecos est\u00e1 muy desarrollado en materia de exportaciones. Por eso impone normas estrictas a los productos que salen de su territorio.\n<br\/><br\/>\nPor eso, cuando conf\u00edas en Oceamic II, te beneficias de su experiencia en este campo. De hecho, nuestro equipo te ayudar\u00e1 desde la creaci\u00f3n y presentaci\u00f3n de tus expedientes hasta la obtenci\u00f3n del certificado sanitario de exportaci\u00f3n, \u00faltima etapa antes del env\u00edo de las mercanc\u00edas.\n<br\/><br\/>\nAs\u00ed que elige el pescado que quieres exportar, ya sea caballa, at\u00fan o sardinas, junto con el tipo de contenedor y la receta que deseas, y Oceamic II se encargar\u00e1 de todo el procedimiento de exportaci\u00f3n&#8230;\n<br\/><br\/>\nLos productos se enviar\u00e1n a tu pa\u00eds en un tiempo r\u00e9cord y con <strong>procedimientos de exportaci\u00f3n simplificados desde Marruecos<\/strong>.\n<\/p>\n\n\n\n<h2>\u00bfPor qu\u00e9 exportarnos conservas de pescado?<\/h2>\n\n\n\n<h3>Altos niveles de calidad<\/h3>\n\n\n\n<p class=\"text-justify \">Disponemos de las siguientes certificaciones para garantizar la calidad de nuestros productos: FDA, BRC, Friend of the Sea, Halal, BSCI&#8230;<\/p>\n\n\n\n<h3>Gran capacidad de producci\u00f3n<\/h3>\n\n\n\n<p class=\"text-justify\">Producci\u00f3n innegablemente r\u00e1pida: hasta 89 millones de latas\/a\u00f1o  \n<\/p>\n\n\n\n<h3>Una amplia gama de productos<\/h3>\n\n\n\n<p class=\"text-justify \"><strong>Exportaci\u00f3n de conservas de at\u00fan<\/strong>, caballa y sardinas de calidad, con una gama de recetas y la posibilidad de venta de marca blanca.<\/p>\n\n\n\n<h3>Una infraestructura moderna<\/h3>\n\n\n\n<p class=\"text-justify\">Nuestros ingenieros trabajan a diario para desarrollar y actualizar nuestra tecnolog\u00eda e infraestructura a fin de garantizar la mejora continua de nuestra calidad y procesos.\n<\/p>\n\n\n\n<h3>Un proceso de calidad<\/h3>\n\n\n\n<p class=\"text-justify \">Mantenemos altos niveles de calidad desde la captura de la materia prima hasta la entrega al cliente final, lo que permite a personas de todo el mundo disfrutar de los sabores m\u00e1s frescos del oc\u00e9ano Atl\u00e1ntico.<\/p>\n<\/div><\/div>\n\n<div style=\"height:100px\" aria-hidden=\"true\" class=\"wp-block-spacer eplus-l9q8as\"><\/div>\n","protected":false},"excerpt":{"rendered":"<p>EXPORTACI\u00d3N DE CONSERVAS DE PESCADO EN MARRUECOS Oceamic II es una empresa con experiencia en comercio exterior. Situado en La\u00e2youne, uno de los puertos m\u00e1s influyentes del Reino de Marruecos, y centro de muchas transacciones globales con los 4 rincones del mundo. Esta situaci\u00f3n estrat\u00e9gica permite no s\u00f3lo obtener materias primas frescas, sino tambi\u00e9n facilitar&hellip; <a class=\"more-link\" href=\"https:\/\/www.oceamic2.com\/es\/exportar\/\">Continue reading <span class=\"screen-reader-text\">Exportar<\/span><\/a><\/p>\n","protected":false},"author":2,"featured_media":0,"parent":0,"menu_order":20,"comment_status":"closed","ping_status":"closed","template":"","meta":{"_acf_changed":false,"inline_featured_image":false,"footnotes":""},"class_list":["post-4421","page","type-page","status-publish","hentry","entry"],"acf":[],"yoast_head":"<!-- This site is optimized with the Yoast SEO plugin v24.8.1 - https:\/\/yoast.com\/wordpress\/plugins\/seo\/ -->\n<title>Procedimiento y servicio de exportaci\u00f3n internacional de conservas de pescado<\/title>\n<meta name=\"description\" content=\"La exportaci\u00f3n sigue siendo la baza de Oceamic II, y nuestro departamento de exportaci\u00f3n puede ayudarte con todas tus necesidades de exportaci\u00f3n internacional.\" \/>\n<meta name=\"robots\" content=\"index, follow, max-snippet:-1, max-image-preview:large, max-video-preview:-1\" \/>\n<link rel=\"canonical\" href=\"https:\/\/www.oceamic2.com\/es\/exportar\/\" \/>\n<meta property=\"og:locale\" content=\"es_ES\" \/>\n<meta property=\"og:type\" content=\"article\" \/>\n<meta property=\"og:title\" content=\"Procedimiento y servicio de exportaci\u00f3n internacional de conservas de pescado\" \/>\n<meta property=\"og:description\" content=\"La exportaci\u00f3n sigue siendo la baza de Oceamic II, y nuestro departamento de exportaci\u00f3n puede ayudarte con todas tus necesidades de exportaci\u00f3n internacional.\" \/>\n<meta property=\"og:url\" content=\"https:\/\/www.oceamic2.com\/es\/exportar\/\" \/>\n<meta property=\"article:modified_time\" content=\"2024-05-16T16:18:51+00:00\" \/>\n<meta property=\"og:image\" content=\"https:\/\/mlby6cou2v80.i.optimole.com\/w:auto\/h:auto\/q:mauto\/f:best\/https:\/\/www.oceamic2.com\/wp-content\/uploads\/2021\/01\/raw-mackerel-with-spices_1_50.png\" \/>\n<meta name=\"twitter:card\" content=\"summary_large_image\" \/>\n<script type=\"application\/ld+json\" class=\"yoast-schema-graph\">{\"@context\":\"https:\/\/schema.org\",\"@graph\":[{\"@type\":\"WebPage\",\"@id\":\"https:\/\/www.oceamic2.com\/es\/exportar\/\",\"url\":\"https:\/\/www.oceamic2.com\/es\/exportar\/\",\"name\":\"Procedimiento y servicio de exportaci\u00f3n internacional de conservas de pescado\",\"isPartOf\":{\"@id\":\"https:\/\/www.oceamic2.com\/#website\"},\"primaryImageOfPage\":{\"@id\":\"https:\/\/www.oceamic2.com\/es\/exportar\/#primaryimage\"},\"image\":{\"@id\":\"https:\/\/www.oceamic2.com\/es\/exportar\/#primaryimage\"},\"thumbnailUrl\":\"https:\/\/mlby6cou2v80.i.optimole.com\/w:auto\/h:auto\/q:mauto\/f:best\/https:\/\/www.oceamic2.com\/wp-content\/uploads\/2021\/01\/raw-mackerel-with-spices_1_50.png\",\"datePublished\":\"2024-05-16T14:32:31+00:00\",\"dateModified\":\"2024-05-16T16:18:51+00:00\",\"description\":\"La exportaci\u00f3n sigue siendo la baza de Oceamic II, y nuestro departamento de exportaci\u00f3n puede ayudarte con todas tus necesidades de exportaci\u00f3n internacional.\",\"breadcrumb\":{\"@id\":\"https:\/\/www.oceamic2.com\/es\/exportar\/#breadcrumb\"},\"inLanguage\":\"es\",\"potentialAction\":[{\"@type\":\"ReadAction\",\"target\":[\"https:\/\/www.oceamic2.com\/es\/exportar\/\"]}]},{\"@type\":\"ImageObject\",\"inLanguage\":\"es\",\"@id\":\"https:\/\/www.oceamic2.com\/es\/exportar\/#primaryimage\",\"url\":\"https:\/\/mlby6cou2v80.i.optimole.com\/w:auto\/h:auto\/q:mauto\/f:best\/https:\/\/www.oceamic2.com\/wp-content\/uploads\/2021\/01\/raw-mackerel-with-spices_1_50.png\",\"contentUrl\":\"https:\/\/mlby6cou2v80.i.optimole.com\/w:auto\/h:auto\/q:mauto\/f:best\/https:\/\/www.oceamic2.com\/wp-content\/uploads\/2021\/01\/raw-mackerel-with-spices_1_50.png\"},{\"@type\":\"BreadcrumbList\",\"@id\":\"https:\/\/www.oceamic2.com\/es\/exportar\/#breadcrumb\",\"itemListElement\":[{\"@type\":\"ListItem\",\"position\":1,\"name\":\"Home\",\"item\":\"https:\/\/www.oceamic2.com\/es\/\"},{\"@type\":\"ListItem\",\"position\":2,\"name\":\"Exportar\"}]},{\"@type\":\"WebSite\",\"@id\":\"https:\/\/www.oceamic2.com\/#website\",\"url\":\"https:\/\/www.oceamic2.com\/\",\"name\":\"\",\"description\":\"\",\"publisher\":{\"@id\":\"https:\/\/www.oceamic2.com\/#organization\"},\"potentialAction\":[{\"@type\":\"SearchAction\",\"target\":{\"@type\":\"EntryPoint\",\"urlTemplate\":\"https:\/\/www.oceamic2.com\/?s={search_term_string}\"},\"query-input\":{\"@type\":\"PropertyValueSpecification\",\"valueRequired\":true,\"valueName\":\"search_term_string\"}}],\"inLanguage\":\"es\"},{\"@type\":\"Organization\",\"@id\":\"https:\/\/www.oceamic2.com\/#organization\",\"name\":\"Oceamic II\",\"url\":\"https:\/\/www.oceamic2.com\/\",\"logo\":{\"@type\":\"ImageObject\",\"inLanguage\":\"es\",\"@id\":\"https:\/\/www.oceamic2.com\/#\/schema\/logo\/image\/\",\"url\":\"https:\/\/mlby6cou2v80.i.optimole.com\/w:auto\/h:auto\/q:mauto\/f:best\/https:\/\/www.oceamic2.com\/wp-content\/uploads\/2021\/02\/Calque-2.png\",\"contentUrl\":\"https:\/\/mlby6cou2v80.i.optimole.com\/w:auto\/h:auto\/q:mauto\/f:best\/https:\/\/www.oceamic2.com\/wp-content\/uploads\/2021\/02\/Calque-2.png\",\"width\":246,\"height\":164,\"caption\":\"Oceamic II\"},\"image\":{\"@id\":\"https:\/\/www.oceamic2.com\/#\/schema\/logo\/image\/\"}}]}<\/script>\n<!-- \/ Yoast SEO plugin. -->","yoast_head_json":{"title":"Procedimiento y servicio de exportaci\u00f3n internacional de conservas de pescado","description":"La exportaci\u00f3n sigue siendo la baza de Oceamic II, y nuestro departamento de exportaci\u00f3n puede ayudarte con todas tus necesidades de exportaci\u00f3n internacional.","robots":{"index":"index","follow":"follow","max-snippet":"max-snippet:-1","max-image-preview":"max-image-preview:large","max-video-preview":"max-video-preview:-1"},"canonical":"https:\/\/www.oceamic2.com\/es\/exportar\/","og_locale":"es_ES","og_type":"article","og_title":"Procedimiento y servicio de exportaci\u00f3n internacional de conservas de pescado","og_description":"La exportaci\u00f3n sigue siendo la baza de Oceamic II, y nuestro departamento de exportaci\u00f3n puede ayudarte con todas tus necesidades de exportaci\u00f3n internacional.","og_url":"https:\/\/www.oceamic2.com\/es\/exportar\/","article_modified_time":"2024-05-16T16:18:51+00:00","og_image":[{"url":"https:\/\/mlby6cou2v80.i.optimole.com\/w:auto\/h:auto\/q:mauto\/f:best\/https:\/\/www.oceamic2.com\/wp-content\/uploads\/2021\/01\/raw-mackerel-with-spices_1_50.png","type":"","width":"","height":""}],"twitter_card":"summary_large_image","schema":{"@context":"https:\/\/schema.org","@graph":[{"@type":"WebPage","@id":"https:\/\/www.oceamic2.com\/es\/exportar\/","url":"https:\/\/www.oceamic2.com\/es\/exportar\/","name":"Procedimiento y servicio de exportaci\u00f3n internacional de conservas de pescado","isPartOf":{"@id":"https:\/\/www.oceamic2.com\/#website"},"primaryImageOfPage":{"@id":"https:\/\/www.oceamic2.com\/es\/exportar\/#primaryimage"},"image":{"@id":"https:\/\/www.oceamic2.com\/es\/exportar\/#primaryimage"},"thumbnailUrl":"https:\/\/mlby6cou2v80.i.optimole.com\/w:auto\/h:auto\/q:mauto\/f:best\/https:\/\/www.oceamic2.com\/wp-content\/uploads\/2021\/01\/raw-mackerel-with-spices_1_50.png","datePublished":"2024-05-16T14:32:31+00:00","dateModified":"2024-05-16T16:18:51+00:00","description":"La exportaci\u00f3n sigue siendo la baza de Oceamic II, y nuestro departamento de exportaci\u00f3n puede ayudarte con todas tus necesidades de exportaci\u00f3n internacional.","breadcrumb":{"@id":"https:\/\/www.oceamic2.com\/es\/exportar\/#breadcrumb"},"inLanguage":"es","potentialAction":[{"@type":"ReadAction","target":["https:\/\/www.oceamic2.com\/es\/exportar\/"]}]},{"@type":"ImageObject","inLanguage":"es","@id":"https:\/\/www.oceamic2.com\/es\/exportar\/#primaryimage","url":"https:\/\/mlby6cou2v80.i.optimole.com\/w:auto\/h:auto\/q:mauto\/f:best\/https:\/\/www.oceamic2.com\/wp-content\/uploads\/2021\/01\/raw-mackerel-with-spices_1_50.png","contentUrl":"https:\/\/mlby6cou2v80.i.optimole.com\/w:auto\/h:auto\/q:mauto\/f:best\/https:\/\/www.oceamic2.com\/wp-content\/uploads\/2021\/01\/raw-mackerel-with-spices_1_50.png"},{"@type":"BreadcrumbList","@id":"https:\/\/www.oceamic2.com\/es\/exportar\/#breadcrumb","itemListElement":[{"@type":"ListItem","position":1,"name":"Home","item":"https:\/\/www.oceamic2.com\/es\/"},{"@type":"ListItem","position":2,"name":"Exportar"}]},{"@type":"WebSite","@id":"https:\/\/www.oceamic2.com\/#website","url":"https:\/\/www.oceamic2.com\/","name":"","description":"","publisher":{"@id":"https:\/\/www.oceamic2.com\/#organization"},"potentialAction":[{"@type":"SearchAction","target":{"@type":"EntryPoint","urlTemplate":"https:\/\/www.oceamic2.com\/?s={search_term_string}"},"query-input":{"@type":"PropertyValueSpecification","valueRequired":true,"valueName":"search_term_string"}}],"inLanguage":"es"},{"@type":"Organization","@id":"https:\/\/www.oceamic2.com\/#organization","name":"Oceamic II","url":"https:\/\/www.oceamic2.com\/","logo":{"@type":"ImageObject","inLanguage":"es","@id":"https:\/\/www.oceamic2.com\/#\/schema\/logo\/image\/","url":"https:\/\/mlby6cou2v80.i.optimole.com\/w:auto\/h:auto\/q:mauto\/f:best\/https:\/\/www.oceamic2.com\/wp-content\/uploads\/2021\/02\/Calque-2.png","contentUrl":"https:\/\/mlby6cou2v80.i.optimole.com\/w:auto\/h:auto\/q:mauto\/f:best\/https:\/\/www.oceamic2.com\/wp-content\/uploads\/2021\/02\/Calque-2.png","width":246,"height":164,"caption":"Oceamic II"},"image":{"@id":"https:\/\/www.oceamic2.com\/#\/schema\/logo\/image\/"}}]}},"_links":{"self":[{"href":"https:\/\/www.oceamic2.com\/es\/wp-json\/wp\/v2\/pages\/4421","targetHints":{"allow":["GET"]}}],"collection":[{"href":"https:\/\/www.oceamic2.com\/es\/wp-json\/wp\/v2\/pages"}],"about":[{"href":"https:\/\/www.oceamic2.com\/es\/wp-json\/wp\/v2\/types\/page"}],"author":[{"embeddable":true,"href":"https:\/\/www.oceamic2.com\/es\/wp-json\/wp\/v2\/users\/2"}],"replies":[{"embeddable":true,"href":"https:\/\/www.oceamic2.com\/es\/wp-json\/wp\/v2\/comments?post=4421"}],"version-history":[{"count":2,"href":"https:\/\/www.oceamic2.com\/es\/wp-json\/wp\/v2\/pages\/4421\/revisions"}],"predecessor-version":[{"id":4428,"href":"https:\/\/www.oceamic2.com\/es\/wp-json\/wp\/v2\/pages\/4421\/revisions\/4428"}],"wp:attachment":[{"href":"https:\/\/www.oceamic2.com\/es\/wp-json\/wp\/v2\/media?parent=4421"}],"curies":[{"name":"wp","href":"https:\/\/api.w.org\/{rel}","templated":true}]}}