{"id":4416,"date":"2024-05-16T14:32:30","date_gmt":"2024-05-16T14:32:30","guid":{"rendered":"https:\/\/www.oceamic2.com\/politica-de-privacidad\/"},"modified":"2024-05-17T08:25:40","modified_gmt":"2024-05-17T08:25:40","slug":"politica-de-privacidad","status":"publish","type":"page","link":"https:\/\/www.oceamic2.com\/es\/politica-de-privacidad\/","title":{"rendered":"Pol\u00edtica de privacidad"},"content":{"rendered":"\n<div class=\"wp-block-cover alignwide is-light is-position-center-center landingImg eplus-Ngdf7V\"><span aria-hidden=\"true\" class=\"wp-block-cover__background has-background-dim-30 has-background-dim\"><\/span><img fetchpriority=\"high\" decoding=\"async\" width=\"992\" height=\"570\" class=\"wp-block-cover__image-background wp-image-137\" alt=\"\" src=\"https:\/\/mlby6cou2v80.i.optimole.com\/w:auto\/h:auto\/q:mauto\/f:best\/https:\/\/www.oceamic2.com\/wp-content\/uploads\/2021\/01\/raw-mackerel-with-spices_1_50.png\" data-object-fit=\"cover\" srcset=\"https:\/\/mlby6cou2v80.i.optimole.com\/w:auto\/h:auto\/q:mauto\/f:best\/https:\/\/www.oceamic2.com\/wp-content\/uploads\/2021\/01\/raw-mackerel-with-spices_1_50.png 992w, https:\/\/mlby6cou2v80.i.optimole.com\/w:300\/h:172\/q:mauto\/f:best\/https:\/\/www.oceamic2.com\/wp-content\/uploads\/2021\/01\/raw-mackerel-with-spices_1_50.png 300w, https:\/\/mlby6cou2v80.i.optimole.com\/w:768\/h:441\/q:mauto\/f:best\/https:\/\/www.oceamic2.com\/wp-content\/uploads\/2021\/01\/raw-mackerel-with-spices_1_50.png 768w\" sizes=\"(max-width: 992px) 100vw, 992px\" \/><div class=\"wp-block-cover__inner-container is-layout-flow wp-block-cover-is-layout-flow\">\n<p class=\"has-text-align-center display-2 fw-regular m-0 text-white has-text-color\" style=\"color:#fffffa;font-size:74px;line-height:1.1\">Pol\u00edtica de privacidad<\/p>\n\n\n\n<p class=\"has-text-align-center text-white m-0\"><a href=\"https:\/\/www.oceamic2.com\/es\/\">Inicio<\/a> \/ Pol\u00edtica de privacidad<\/p>\n<\/div><\/div>\n\n<div style=\"height:20px\" aria-hidden=\"true\" class=\"wp-block-spacer eplus-3OuIJr\"><\/div>\n\n<div class=\"wp-block-group px-1\"><div class=\"wp-block-group__inner-container is-layout-flow wp-block-group-is-layout-flow\">\n<h1>PROTECCI\u00d3N DE  <br\/><strong>DATOS PERSONALES<\/strong><\/h1>\n\n\n\n<svg xmlns=\"http:\/\/www.w3.org\/2000\/svg\" class=\"mx-auto d-flex mt-4\" width=\"120\" height=\"26.688\"><path fill-rule=\"evenodd\" fill=\"#02BCEF\" d=\"M0 8s14.563 11.931 36 11c21.438-.931 36.192-9.945 59-13 14.446-1.631 12.971-.148 17 0 .293-.564-10.496-5.344-18-5-12.308-2.325-48.754 12.447-63 12-1.08.265-8.761 2.295-31-5z\"><\/path><\/svg>\n\n\n\n<p class=\"has-text-align-center text-muted mt-3 lh-sm px-3 px-6 p-intro\">  La pol\u00edtica de privacidad (la \u00abPol\u00edtica de Privacidad\u00bb) te informa del uso que hacemos de los datos personales recogidos a trav\u00e9s de nuestro sitio web https:\/\/www.oceamic2.com\/.<br\/><br\/>\n\nOceamic II se compromete a proteger y respetar tu privacidad de acuerdo con las normas sobre protecci\u00f3n de datos personales, como las derivadas de la Directiva 95\/46\/CE de la UE modificada. Nuestra pol\u00edtica de privacidad se aplica a todos los visitantes y clientes mayores de 18 a\u00f1os que utilicen nuestro sitio web.<br\/><br\/>\n\nNuestra pol\u00edtica de privacidad puede cambiar en cualquier momento. Por favor, comprueba regularmente las \u00faltimas actualizaciones de nuestra pol\u00edtica de privacidad.  <\/p>\n<\/div><\/div>\n\n<div style=\"height:60px\" aria-hidden=\"true\" class=\"wp-block-spacer my-5 my-md-1\"><\/div>\n\n<div class=\"wp-block-group px-3 px-6\"><div class=\"wp-block-group__inner-container is-layout-flow wp-block-group-is-layout-flow\">\n<h2>INFORMACI\u00d3N QUE RECOGEMOS<\/h2>\n\n\n\n<p class=\"text-justify\">Podemos recoger los siguientes datos personales sobre ti:  <\/p>\n\n\n\n<ul class=\"eplus-j89Sp2 custom-bullet text-muted pl-4 lh-sm wp-block-list\"><li>Apellido, nombre<\/li><li>N\u00famero de tel\u00e9fono<\/li><li>Direcci\u00f3n de correo electr\u00f3nico<\/li><li>Nombre de la empresa<\/li><\/ul>\n\n\n\n<p class=\"text-justify\">Estos datos personales se recogen en los siguientes casos:  <\/p>\n\n\n\n<ul class=\"eplus-j89Sp2 custom-bullet text-muted pl-4 lh-sm wp-block-list\"><li>Solicita un presupuesto o ponte en contacto con nosotros en nuestro sitio web<\/li><li>Est\u00e1s accediendo y navegando por nuestro sitio web<\/li><\/ul>\n\n\n\n<h3>USO DE TUS DATOS PERSONALES<\/h3>\n\n\n\n<p class=\"text-justify\">Utilizamos tus datos para ponernos en contacto contigo y responder a tu solicitud  <\/p>\n\n\n\n<h3>ALMACENAMIENTO DE TUS DATOS PERSONALES<\/h3>\n\n\n\n<p class=\"text-justify\">  El sitio web y los datos personales recogidos sobre ti se almacenan en un servidor situado en Francia.  <\/p>\n\n\n\n<h3>COOKIES<\/h3>\n\n\n\n<p class=\"text-justify\">  Nuestro sitio web utiliza cookies para recopilar informaci\u00f3n. Las cookies son archivos de datos que se colocan en un ordenador, tel\u00e9fono m\u00f3vil u otro dispositivo (como un tel\u00e9fono inteligente o una tableta) cuando navegas por nuestro sitio web.  <\/p>\n\n\n\n<h3>SEGURIDAD<\/h3>\n\n\n\n<p class=\"text-justify\">  Toda la informaci\u00f3n que proporciones se almacena en nuestro servidor seguro.  <\/p>\n\n\n\n<h3>CONTACTOS<\/h3>\n\n\n\n<p class=\"text-justify\">  Puedes ponerte en contacto con nosotros en la siguiente direcci\u00f3n <a href=\"mailto:contact@oceamic2.com\">\n  <strong>contact@oceamic2.com<\/strong>\n<\/a> o a trav\u00e9s de nuestro formulario en l\u00ednea accesible <a href=\"https:\/\/www.oceamic2.com\/es\/?page_id=4387\">\n  <strong>aqu\u00ed<\/strong>\n<\/a>.  <\/p>\n<\/div><\/div>\n\n<div style=\"height:60px\" aria-hidden=\"true\" class=\"wp-block-spacer eplus-l9q8as\"><\/div>\n","protected":false},"excerpt":{"rendered":"<p>PROTECCI\u00d3N DE DATOS PERSONALES La pol\u00edtica de privacidad (la \u00abPol\u00edtica de Privacidad\u00bb) te informa del uso que hacemos de los datos personales recogidos a trav\u00e9s de nuestro sitio web https:\/\/www.oceamic2.com\/. Oceamic II se compromete a proteger y respetar tu privacidad de acuerdo con las normas sobre protecci\u00f3n de datos personales, como las derivadas de la&hellip; <a class=\"more-link\" href=\"https:\/\/www.oceamic2.com\/es\/politica-de-privacidad\/\">Continue reading <span class=\"screen-reader-text\">Pol\u00edtica de privacidad<\/span><\/a><\/p>\n","protected":false},"author":2,"featured_media":0,"parent":0,"menu_order":27,"comment_status":"closed","ping_status":"closed","template":"","meta":{"_acf_changed":false,"inline_featured_image":false,"footnotes":""},"class_list":["post-4416","page","type-page","status-publish","hentry","entry"],"acf":[],"yoast_head":"<!-- This site is optimized with the Yoast SEO plugin v24.8.1 - https:\/\/yoast.com\/wordpress\/plugins\/seo\/ -->\n<title>Pol\u00edtica de privacidad de Oceamic II.<\/title>\n<meta name=\"description\" content=\"Pol\u00edtica de privacidad y protecci\u00f3n de datos al consultar el sitio web de Oceamic II.\" \/>\n<meta name=\"robots\" content=\"noindex, nofollow\" \/>\n<meta property=\"og:locale\" content=\"es_ES\" \/>\n<meta property=\"og:type\" content=\"article\" \/>\n<meta property=\"og:title\" content=\"Pol\u00edtica de privacidad de Oceamic II.\" \/>\n<meta property=\"og:description\" content=\"Pol\u00edtica de privacidad y protecci\u00f3n de datos al consultar el sitio web de Oceamic II.\" \/>\n<meta property=\"og:url\" content=\"https:\/\/www.oceamic2.com\/es\/politica-de-privacidad\/\" \/>\n<meta property=\"article:modified_time\" content=\"2024-05-17T08:25:40+00:00\" \/>\n<meta property=\"og:image\" content=\"https:\/\/mlby6cou2v80.i.optimole.com\/w:auto\/h:auto\/q:mauto\/f:best\/https:\/\/www.oceamic2.com\/wp-content\/uploads\/2021\/01\/raw-mackerel-with-spices_1_50.png\" \/>\n<meta name=\"twitter:card\" content=\"summary_large_image\" \/>\n<meta name=\"twitter:label1\" content=\"Tiempo de lectura\" \/>\n\t<meta name=\"twitter:data1\" content=\"2 minutos\" \/>\n<script type=\"application\/ld+json\" class=\"yoast-schema-graph\">{\"@context\":\"https:\/\/schema.org\",\"@graph\":[{\"@type\":\"WebPage\",\"@id\":\"https:\/\/www.oceamic2.com\/es\/politica-de-privacidad\/\",\"url\":\"https:\/\/www.oceamic2.com\/es\/politica-de-privacidad\/\",\"name\":\"Pol\u00edtica de privacidad de Oceamic II.\",\"isPartOf\":{\"@id\":\"https:\/\/www.oceamic2.com\/#website\"},\"primaryImageOfPage\":{\"@id\":\"https:\/\/www.oceamic2.com\/es\/politica-de-privacidad\/#primaryimage\"},\"image\":{\"@id\":\"https:\/\/www.oceamic2.com\/es\/politica-de-privacidad\/#primaryimage\"},\"thumbnailUrl\":\"https:\/\/mlby6cou2v80.i.optimole.com\/w:auto\/h:auto\/q:mauto\/f:best\/https:\/\/www.oceamic2.com\/wp-content\/uploads\/2021\/01\/raw-mackerel-with-spices_1_50.png\",\"datePublished\":\"2024-05-16T14:32:30+00:00\",\"dateModified\":\"2024-05-17T08:25:40+00:00\",\"description\":\"Pol\u00edtica de privacidad y protecci\u00f3n de datos al consultar el sitio web de Oceamic II.\",\"breadcrumb\":{\"@id\":\"https:\/\/www.oceamic2.com\/es\/politica-de-privacidad\/#breadcrumb\"},\"inLanguage\":\"es\",\"potentialAction\":[{\"@type\":\"ReadAction\",\"target\":[\"https:\/\/www.oceamic2.com\/es\/politica-de-privacidad\/\"]}]},{\"@type\":\"ImageObject\",\"inLanguage\":\"es\",\"@id\":\"https:\/\/www.oceamic2.com\/es\/politica-de-privacidad\/#primaryimage\",\"url\":\"https:\/\/mlby6cou2v80.i.optimole.com\/w:auto\/h:auto\/q:mauto\/f:best\/https:\/\/www.oceamic2.com\/wp-content\/uploads\/2021\/01\/raw-mackerel-with-spices_1_50.png\",\"contentUrl\":\"https:\/\/mlby6cou2v80.i.optimole.com\/w:auto\/h:auto\/q:mauto\/f:best\/https:\/\/www.oceamic2.com\/wp-content\/uploads\/2021\/01\/raw-mackerel-with-spices_1_50.png\"},{\"@type\":\"BreadcrumbList\",\"@id\":\"https:\/\/www.oceamic2.com\/es\/politica-de-privacidad\/#breadcrumb\",\"itemListElement\":[{\"@type\":\"ListItem\",\"position\":1,\"name\":\"Home\",\"item\":\"https:\/\/www.oceamic2.com\/es\/\"},{\"@type\":\"ListItem\",\"position\":2,\"name\":\"Pol\u00edtica de privacidad\"}]},{\"@type\":\"WebSite\",\"@id\":\"https:\/\/www.oceamic2.com\/#website\",\"url\":\"https:\/\/www.oceamic2.com\/\",\"name\":\"\",\"description\":\"\",\"publisher\":{\"@id\":\"https:\/\/www.oceamic2.com\/#organization\"},\"potentialAction\":[{\"@type\":\"SearchAction\",\"target\":{\"@type\":\"EntryPoint\",\"urlTemplate\":\"https:\/\/www.oceamic2.com\/?s={search_term_string}\"},\"query-input\":{\"@type\":\"PropertyValueSpecification\",\"valueRequired\":true,\"valueName\":\"search_term_string\"}}],\"inLanguage\":\"es\"},{\"@type\":\"Organization\",\"@id\":\"https:\/\/www.oceamic2.com\/#organization\",\"name\":\"Oceamic II\",\"url\":\"https:\/\/www.oceamic2.com\/\",\"logo\":{\"@type\":\"ImageObject\",\"inLanguage\":\"es\",\"@id\":\"https:\/\/www.oceamic2.com\/#\/schema\/logo\/image\/\",\"url\":\"https:\/\/mlby6cou2v80.i.optimole.com\/w:auto\/h:auto\/q:mauto\/f:best\/https:\/\/www.oceamic2.com\/wp-content\/uploads\/2021\/02\/Calque-2.png\",\"contentUrl\":\"https:\/\/mlby6cou2v80.i.optimole.com\/w:auto\/h:auto\/q:mauto\/f:best\/https:\/\/www.oceamic2.com\/wp-content\/uploads\/2021\/02\/Calque-2.png\",\"width\":246,\"height\":164,\"caption\":\"Oceamic II\"},\"image\":{\"@id\":\"https:\/\/www.oceamic2.com\/#\/schema\/logo\/image\/\"}}]}<\/script>\n<!-- \/ Yoast SEO plugin. -->","yoast_head_json":{"title":"Pol\u00edtica de privacidad de Oceamic II.","description":"Pol\u00edtica de privacidad y protecci\u00f3n de datos al consultar el sitio web de Oceamic II.","robots":{"index":"noindex","follow":"nofollow"},"og_locale":"es_ES","og_type":"article","og_title":"Pol\u00edtica de privacidad de Oceamic II.","og_description":"Pol\u00edtica de privacidad y protecci\u00f3n de datos al consultar el sitio web de Oceamic II.","og_url":"https:\/\/www.oceamic2.com\/es\/politica-de-privacidad\/","article_modified_time":"2024-05-17T08:25:40+00:00","og_image":[{"url":"https:\/\/mlby6cou2v80.i.optimole.com\/w:auto\/h:auto\/q:mauto\/f:best\/https:\/\/www.oceamic2.com\/wp-content\/uploads\/2021\/01\/raw-mackerel-with-spices_1_50.png","type":"","width":"","height":""}],"twitter_card":"summary_large_image","twitter_misc":{"Tiempo de lectura":"2 minutos"},"schema":{"@context":"https:\/\/schema.org","@graph":[{"@type":"WebPage","@id":"https:\/\/www.oceamic2.com\/es\/politica-de-privacidad\/","url":"https:\/\/www.oceamic2.com\/es\/politica-de-privacidad\/","name":"Pol\u00edtica de privacidad de Oceamic II.","isPartOf":{"@id":"https:\/\/www.oceamic2.com\/#website"},"primaryImageOfPage":{"@id":"https:\/\/www.oceamic2.com\/es\/politica-de-privacidad\/#primaryimage"},"image":{"@id":"https:\/\/www.oceamic2.com\/es\/politica-de-privacidad\/#primaryimage"},"thumbnailUrl":"https:\/\/mlby6cou2v80.i.optimole.com\/w:auto\/h:auto\/q:mauto\/f:best\/https:\/\/www.oceamic2.com\/wp-content\/uploads\/2021\/01\/raw-mackerel-with-spices_1_50.png","datePublished":"2024-05-16T14:32:30+00:00","dateModified":"2024-05-17T08:25:40+00:00","description":"Pol\u00edtica de privacidad y protecci\u00f3n de datos al consultar el sitio web de Oceamic II.","breadcrumb":{"@id":"https:\/\/www.oceamic2.com\/es\/politica-de-privacidad\/#breadcrumb"},"inLanguage":"es","potentialAction":[{"@type":"ReadAction","target":["https:\/\/www.oceamic2.com\/es\/politica-de-privacidad\/"]}]},{"@type":"ImageObject","inLanguage":"es","@id":"https:\/\/www.oceamic2.com\/es\/politica-de-privacidad\/#primaryimage","url":"https:\/\/mlby6cou2v80.i.optimole.com\/w:auto\/h:auto\/q:mauto\/f:best\/https:\/\/www.oceamic2.com\/wp-content\/uploads\/2021\/01\/raw-mackerel-with-spices_1_50.png","contentUrl":"https:\/\/mlby6cou2v80.i.optimole.com\/w:auto\/h:auto\/q:mauto\/f:best\/https:\/\/www.oceamic2.com\/wp-content\/uploads\/2021\/01\/raw-mackerel-with-spices_1_50.png"},{"@type":"BreadcrumbList","@id":"https:\/\/www.oceamic2.com\/es\/politica-de-privacidad\/#breadcrumb","itemListElement":[{"@type":"ListItem","position":1,"name":"Home","item":"https:\/\/www.oceamic2.com\/es\/"},{"@type":"ListItem","position":2,"name":"Pol\u00edtica de privacidad"}]},{"@type":"WebSite","@id":"https:\/\/www.oceamic2.com\/#website","url":"https:\/\/www.oceamic2.com\/","name":"","description":"","publisher":{"@id":"https:\/\/www.oceamic2.com\/#organization"},"potentialAction":[{"@type":"SearchAction","target":{"@type":"EntryPoint","urlTemplate":"https:\/\/www.oceamic2.com\/?s={search_term_string}"},"query-input":{"@type":"PropertyValueSpecification","valueRequired":true,"valueName":"search_term_string"}}],"inLanguage":"es"},{"@type":"Organization","@id":"https:\/\/www.oceamic2.com\/#organization","name":"Oceamic II","url":"https:\/\/www.oceamic2.com\/","logo":{"@type":"ImageObject","inLanguage":"es","@id":"https:\/\/www.oceamic2.com\/#\/schema\/logo\/image\/","url":"https:\/\/mlby6cou2v80.i.optimole.com\/w:auto\/h:auto\/q:mauto\/f:best\/https:\/\/www.oceamic2.com\/wp-content\/uploads\/2021\/02\/Calque-2.png","contentUrl":"https:\/\/mlby6cou2v80.i.optimole.com\/w:auto\/h:auto\/q:mauto\/f:best\/https:\/\/www.oceamic2.com\/wp-content\/uploads\/2021\/02\/Calque-2.png","width":246,"height":164,"caption":"Oceamic II"},"image":{"@id":"https:\/\/www.oceamic2.com\/#\/schema\/logo\/image\/"}}]}},"_links":{"self":[{"href":"https:\/\/www.oceamic2.com\/es\/wp-json\/wp\/v2\/pages\/4416","targetHints":{"allow":["GET"]}}],"collection":[{"href":"https:\/\/www.oceamic2.com\/es\/wp-json\/wp\/v2\/pages"}],"about":[{"href":"https:\/\/www.oceamic2.com\/es\/wp-json\/wp\/v2\/types\/page"}],"author":[{"embeddable":true,"href":"https:\/\/www.oceamic2.com\/es\/wp-json\/wp\/v2\/users\/2"}],"replies":[{"embeddable":true,"href":"https:\/\/www.oceamic2.com\/es\/wp-json\/wp\/v2\/comments?post=4416"}],"version-history":[{"count":2,"href":"https:\/\/www.oceamic2.com\/es\/wp-json\/wp\/v2\/pages\/4416\/revisions"}],"predecessor-version":[{"id":4426,"href":"https:\/\/www.oceamic2.com\/es\/wp-json\/wp\/v2\/pages\/4416\/revisions\/4426"}],"wp:attachment":[{"href":"https:\/\/www.oceamic2.com\/es\/wp-json\/wp\/v2\/media?parent=4416"}],"curies":[{"name":"wp","href":"https:\/\/api.w.org\/{rel}","templated":true}]}}