{"id":4406,"date":"2024-05-16T14:32:28","date_gmt":"2024-05-16T14:32:28","guid":{"rendered":"https:\/\/www.oceamic2.com\/calidad-y-certificacion\/"},"modified":"2024-05-16T14:44:39","modified_gmt":"2024-05-16T14:44:39","slug":"calidad-y-certificacion","status":"publish","type":"page","link":"https:\/\/www.oceamic2.com\/es\/calidad-y-certificacion\/","title":{"rendered":"Calidad y certificaci\u00f3n"},"content":{"rendered":"\n<div class=\"wp-block-cover alignwide is-light is-position-center-center landingImg eplus-Ngdf7V\"><span aria-hidden=\"true\" class=\"wp-block-cover__background has-background-dim-30 has-background-dim\"><\/span><img fetchpriority=\"high\" decoding=\"async\" width=\"992\" height=\"570\" class=\"wp-block-cover__image-background wp-image-137\" alt=\"\" src=\"https:\/\/mlby6cou2v80.i.optimole.com\/w:auto\/h:auto\/q:mauto\/f:best\/https:\/\/www.oceamic2.com\/wp-content\/uploads\/2021\/01\/raw-mackerel-with-spices_1_50.png\" data-object-fit=\"cover\" srcset=\"https:\/\/mlby6cou2v80.i.optimole.com\/w:auto\/h:auto\/q:mauto\/f:best\/https:\/\/www.oceamic2.com\/wp-content\/uploads\/2021\/01\/raw-mackerel-with-spices_1_50.png 992w, https:\/\/mlby6cou2v80.i.optimole.com\/w:300\/h:172\/q:mauto\/f:best\/https:\/\/www.oceamic2.com\/wp-content\/uploads\/2021\/01\/raw-mackerel-with-spices_1_50.png 300w, https:\/\/mlby6cou2v80.i.optimole.com\/w:768\/h:441\/q:mauto\/f:best\/https:\/\/www.oceamic2.com\/wp-content\/uploads\/2021\/01\/raw-mackerel-with-spices_1_50.png 768w\" sizes=\"(max-width: 992px) 100vw, 992px\" \/><div class=\"wp-block-cover__inner-container is-layout-flow wp-block-cover-is-layout-flow\">\n<p class=\"has-text-align-center display-2 fw-regular m-0 text-white has-text-color\" style=\"color:#fffffa;font-size:74px;line-height:1.1\">Calidad y certificaci\u00f3n<\/p>\n\n\n\n<p class=\"has-text-align-center text-white m-0\"><a href=\"https:\/\/www.oceamic2.com\/es\/\">Inicio<\/a> \/ Conservas de pescado \/ Calidad y certificaci\u00f3n<\/p>\n<\/div><\/div>\n\n<div style=\"height:20px\" aria-hidden=\"true\" class=\"wp-block-spacer eplus-3OuIJr\"><\/div>\n\n<div class=\"wp-block-group px-1\"><div class=\"wp-block-group__inner-container is-layout-flow wp-block-group-is-layout-flow\">\n<h1>CALIDAD Y CERTIFICACI\u00d3N<br\/> <strong>PESCADO EN HILO<\/strong><\/h1>\n\n\n\n<svg xmlns=\"http:\/\/www.w3.org\/2000\/svg\" class=\"mx-auto d-flex mt-4\" width=\"120\" height=\"26.688\"><path fill-rule=\"evenodd\" fill=\"#02BCEF\" d=\"M0 8s14.563 11.931 36 11c21.438-.931 36.192-9.945 59-13 14.446-1.631 12.971-.148 17 0 .293-.564-10.496-5.344-18-5-12.308-2.325-48.754 12.447-63 12-1.08.265-8.761 2.295-31-5z\"><\/path><\/svg>\n\n\n\n<p class=\"has-text-align-center text-muted mt-3 lh-sm px-3 px-6 p-intro\">Oceamic II es una conservera de pescado de Marruecos con varias certificaciones que prueban la calidad de sus productos.  <br\/>  Si buscas las <strong>mejores conservas de at\u00fan, caballa y sardinas<\/strong>, estas etiquetas y certificaciones ilustran el esfuerzo constante de Oceamic II por satisfacer todas tus exigencias.<\/p>\n\n\n\n<p class=\"has-text-align-center text-muted mt-3 lh-sm px-3 px-6 p-intro\">  Desc\u00fabrelos todos a continuaci\u00f3n, con los detalles de cada uno.  <\/p>\n<\/div><\/div>\n\n<div style=\"height:45px\" aria-hidden=\"true\" class=\"wp-block-spacer eplus-l9q8as\"><\/div>\n\n<div class=\"wp-block-group\"><div class=\"wp-block-group__inner-container is-layout-flow wp-block-group-is-layout-flow\">\n<div class=\"wp-block-columns mw-70 px-2 is-layout-flex wp-container-core-columns-is-layout-1 wp-block-columns-is-layout-flex\">\n<div class=\"wp-block-column is-layout-flow wp-block-column-is-layout-flow\">\n<figure class=\"wp-block-image size-large eplus-07cxMC\"><img fetchpriority=\"high\" decoding=\"async\" width=\"1024\" height=\"576\" src=\"https:\/\/mlby6cou2v80.i.optimole.com\/w:1024\/h:576\/q:mauto\/f:best\/https:\/\/www.oceamic2.com\/wp-content\/uploads\/2021\/09\/fda-1.jpg\" alt=\"\" class=\"wp-image-2298\" srcset=\"https:\/\/mlby6cou2v80.i.optimole.com\/w:1024\/h:576\/q:mauto\/f:best\/https:\/\/www.oceamic2.com\/wp-content\/uploads\/2021\/09\/fda-1.jpg 1024w, https:\/\/mlby6cou2v80.i.optimole.com\/w:300\/h:169\/q:mauto\/f:best\/https:\/\/www.oceamic2.com\/wp-content\/uploads\/2021\/09\/fda-1.jpg 300w, https:\/\/mlby6cou2v80.i.optimole.com\/w:768\/h:432\/q:mauto\/f:best\/https:\/\/www.oceamic2.com\/wp-content\/uploads\/2021\/09\/fda-1.jpg 768w, https:\/\/mlby6cou2v80.i.optimole.com\/w:auto\/h:auto\/q:mauto\/f:best\/https:\/\/www.oceamic2.com\/wp-content\/uploads\/2021\/09\/fda-1.jpg 1440w\" sizes=\"(max-width: 1024px) 100vw, 1024px\" \/><\/figure>\n\n\n\n<p class=\"has-text-align-center fs-4 font-Roboto text-secondary mb-3\">Calidad alimentaria FDA<\/p>\n\n\n\n<div style=\"height:32px\" aria-hidden=\"true\" class=\"wp-block-spacer\"><\/div>\n\n\n\n<p class=\"has-text-align-center m-0 text-muted lh-sm\">La aprobaci\u00f3n de la FDA demuestra la seguridad de los ingredientes y aditivos contenidos en todas las conservas de pescado Oceamic II. Los aditivos son tambi\u00e9n cualquier elemento del envase, como el papel, el adhesivo o el pl\u00e1stico, que pueda entrar en contacto con el alimento, intencionadamente o no.<\/p>\n<\/div>\n\n\n\n<div class=\"wp-block-column is-layout-flow wp-block-column-is-layout-flow\">\n<figure class=\"wp-block-image size-large eplus-07cxMC\"><img fetchpriority=\"high\" decoding=\"async\" width=\"1024\" height=\"576\" src=\"https:\/\/mlby6cou2v80.i.optimole.com\/w:1024\/h:576\/q:mauto\/f:best\/https:\/\/www.oceamic2.com\/wp-content\/uploads\/2022\/09\/ifs.jpg\" alt=\"\" class=\"wp-image-2827\" srcset=\"https:\/\/mlby6cou2v80.i.optimole.com\/w:1024\/h:576\/q:mauto\/f:best\/https:\/\/www.oceamic2.com\/wp-content\/uploads\/2022\/09\/ifs.jpg 1024w, https:\/\/mlby6cou2v80.i.optimole.com\/w:300\/h:169\/q:mauto\/f:best\/https:\/\/www.oceamic2.com\/wp-content\/uploads\/2022\/09\/ifs.jpg 300w, https:\/\/mlby6cou2v80.i.optimole.com\/w:768\/h:432\/q:mauto\/f:best\/https:\/\/www.oceamic2.com\/wp-content\/uploads\/2022\/09\/ifs.jpg 768w, https:\/\/mlby6cou2v80.i.optimole.com\/w:auto\/h:auto\/q:mauto\/f:best\/https:\/\/www.oceamic2.com\/wp-content\/uploads\/2022\/09\/ifs.jpg 1440w\" sizes=\"(max-width: 1024px) 100vw, 1024px\" \/><\/figure>\n\n\n\n<p class=\"has-text-align-center fs-4 font-Roboto text-secondary mb-3\">Normas Internacionales Destacadas IFS<\/p>\n\n\n\n<p class=\"has-text-align-center m-0 text-muted lh-sm\">Oceamic II ha sido auditado para obtener la certificaci\u00f3n IFS Food. Se cumplieron los requisitos al m\u00e1s alto nivel y se concedi\u00f3 el certificado a Oceamic II. Al aplicar el IFS, Oceamic II no s\u00f3lo garantiza la fabricaci\u00f3n de productos seguros y de alta calidad, sino que tambi\u00e9n mejora los procesos internos existentes, lo que se traduce en un ahorro de costes, una mejora de las relaciones con los clientes y un aumento de la competitividad.\n<\/p>\n<\/div>\n\n\n\n<div class=\"wp-block-column is-layout-flow wp-block-column-is-layout-flow\">\n<figure class=\"wp-block-image size-large eplus-07cxMC\"><img data-opt-src=\"https:\/\/mlby6cou2v80.i.optimole.com\/w:1024\/h:576\/q:mauto\/f:best\/https:\/\/www.oceamic2.com\/wp-content\/uploads\/2022\/09\/brc.jpg\"  decoding=\"async\" width=\"1024\" height=\"576\" src=\"https:\/\/mlby6cou2v80.i.optimole.com\/w:1024\/h:576\/q:eco\/f:best\/https:\/\/www.oceamic2.com\/wp-content\/uploads\/2022\/09\/brc.jpg\" alt=\"\" class=\"wp-image-2831\" old-srcset=\"https:\/\/mlby6cou2v80.i.optimole.com\/w:1024\/h:576\/q:mauto\/f:best\/https:\/\/www.oceamic2.com\/wp-content\/uploads\/2022\/09\/brc.jpg 1024w, https:\/\/mlby6cou2v80.i.optimole.com\/w:300\/h:169\/q:mauto\/f:best\/https:\/\/www.oceamic2.com\/wp-content\/uploads\/2022\/09\/brc.jpg 300w, https:\/\/mlby6cou2v80.i.optimole.com\/w:768\/h:432\/q:mauto\/f:best\/https:\/\/www.oceamic2.com\/wp-content\/uploads\/2022\/09\/brc.jpg 768w, https:\/\/mlby6cou2v80.i.optimole.com\/w:auto\/h:auto\/q:mauto\/f:best\/https:\/\/www.oceamic2.com\/wp-content\/uploads\/2022\/09\/brc.jpg 1440w\" \/><noscript><img decoding=\"async\" width=\"1024\" height=\"576\" src=\"https:\/\/mlby6cou2v80.i.optimole.com\/w:1024\/h:576\/q:mauto\/f:best\/https:\/\/www.oceamic2.com\/wp-content\/uploads\/2022\/09\/brc.jpg\" alt=\"\" class=\"wp-image-2831\" srcset=\"https:\/\/mlby6cou2v80.i.optimole.com\/w:1024\/h:576\/q:mauto\/f:best\/https:\/\/www.oceamic2.com\/wp-content\/uploads\/2022\/09\/brc.jpg 1024w, https:\/\/mlby6cou2v80.i.optimole.com\/w:300\/h:169\/q:mauto\/f:best\/https:\/\/www.oceamic2.com\/wp-content\/uploads\/2022\/09\/brc.jpg 300w, https:\/\/mlby6cou2v80.i.optimole.com\/w:768\/h:432\/q:mauto\/f:best\/https:\/\/www.oceamic2.com\/wp-content\/uploads\/2022\/09\/brc.jpg 768w, https:\/\/mlby6cou2v80.i.optimole.com\/w:auto\/h:auto\/q:mauto\/f:best\/https:\/\/www.oceamic2.com\/wp-content\/uploads\/2022\/09\/brc.jpg 1440w\" sizes=\"(max-width: 1024px) 100vw, 1024px\" \/></noscript><\/figure>\n\n\n\n<p class=\"has-text-align-center fs-4 font-Roboto text-secondary mb-3\">Certificado BRC Food<\/p>\n\n\n\n<p class=\"has-text-align-center m-0 text-muted lh-sm\">Oceamic cuenta con la certificaci\u00f3n alimentaria BRC. Esto les permite entrar en mercados dominados por los grandes distribuidores anglosajones. Adem\u00e1s, el BRC est\u00e1 reconocido internacionalmente como prueba de seguridad y calidad alimentarias. Incorpora todas las recomendaciones de la GFSI (Iniciativa Mundial de Seguridad Alimentaria) en su lista de requisitos y protocolo.\n<\/p>\n<\/div>\n<\/div>\n<\/div><\/div>\n\n<div style=\"height:80px\" aria-hidden=\"true\" class=\"wp-block-spacer eplus-l9q8as\"><\/div>\n\n<div class=\"wp-block-group\"><div class=\"wp-block-group__inner-container is-layout-flow wp-block-group-is-layout-flow\">\n<div class=\"wp-block-columns mw-70 px-2 is-layout-flex wp-container-core-columns-is-layout-2 wp-block-columns-is-layout-flex\">\n<div class=\"wp-block-column is-layout-flow wp-block-column-is-layout-flow\">\n<figure class=\"wp-block-image size-large eplus-07cxMC\"><img data-opt-src=\"https:\/\/mlby6cou2v80.i.optimole.com\/w:1024\/h:576\/q:mauto\/f:best\/https:\/\/www.oceamic2.com\/wp-content\/uploads\/2021\/09\/friends-of-sea.jpg\"  decoding=\"async\" width=\"1024\" height=\"576\" src=\"https:\/\/mlby6cou2v80.i.optimole.com\/w:1024\/h:576\/q:eco\/f:best\/https:\/\/www.oceamic2.com\/wp-content\/uploads\/2021\/09\/friends-of-sea.jpg\" alt=\"Amigos del mar\" class=\"wp-image-2313\" old-srcset=\"https:\/\/mlby6cou2v80.i.optimole.com\/w:1024\/h:576\/q:mauto\/f:best\/https:\/\/www.oceamic2.com\/wp-content\/uploads\/2021\/09\/friends-of-sea.jpg 1024w, https:\/\/mlby6cou2v80.i.optimole.com\/w:300\/h:169\/q:mauto\/f:best\/https:\/\/www.oceamic2.com\/wp-content\/uploads\/2021\/09\/friends-of-sea.jpg 300w, https:\/\/mlby6cou2v80.i.optimole.com\/w:768\/h:432\/q:mauto\/f:best\/https:\/\/www.oceamic2.com\/wp-content\/uploads\/2021\/09\/friends-of-sea.jpg 768w, https:\/\/mlby6cou2v80.i.optimole.com\/w:auto\/h:auto\/q:mauto\/f:best\/https:\/\/www.oceamic2.com\/wp-content\/uploads\/2021\/09\/friends-of-sea.jpg 1440w\" \/><noscript><img decoding=\"async\" width=\"1024\" height=\"576\" src=\"https:\/\/mlby6cou2v80.i.optimole.com\/w:1024\/h:576\/q:mauto\/f:best\/https:\/\/www.oceamic2.com\/wp-content\/uploads\/2021\/09\/friends-of-sea.jpg\" alt=\"Amigos del mar\" class=\"wp-image-2313\" srcset=\"https:\/\/mlby6cou2v80.i.optimole.com\/w:1024\/h:576\/q:mauto\/f:best\/https:\/\/www.oceamic2.com\/wp-content\/uploads\/2021\/09\/friends-of-sea.jpg 1024w, https:\/\/mlby6cou2v80.i.optimole.com\/w:300\/h:169\/q:mauto\/f:best\/https:\/\/www.oceamic2.com\/wp-content\/uploads\/2021\/09\/friends-of-sea.jpg 300w, https:\/\/mlby6cou2v80.i.optimole.com\/w:768\/h:432\/q:mauto\/f:best\/https:\/\/www.oceamic2.com\/wp-content\/uploads\/2021\/09\/friends-of-sea.jpg 768w, https:\/\/mlby6cou2v80.i.optimole.com\/w:auto\/h:auto\/q:mauto\/f:best\/https:\/\/www.oceamic2.com\/wp-content\/uploads\/2021\/09\/friends-of-sea.jpg 1440w\" sizes=\"(max-width: 1024px) 100vw, 1024px\" \/></noscript><\/figure>\n\n\n\n<p class=\"has-text-align-center fs-4 font-Roboto text-secondary mb-3\">Amigo del mar<\/p>\n\n\n\n<p class=\"has-text-align-center m-0 text-muted lh-sm\">Oceamic II ha obtenido el certificado \u00abAmigo del Mar\u00bb, que significa que sus productos proceden de poblaciones de peces que no est\u00e1n sobreexplotadas, que el m\u00e9todo de pesca no tiene impacto en el fondo marino y que no amenaza el equilibrio del mar.\n<\/p>\n<\/div>\n\n\n\n<div class=\"wp-block-column is-layout-flow wp-block-column-is-layout-flow\">\n<figure class=\"wp-block-image size-large eplus-07cxMC\"><img data-opt-src=\"https:\/\/mlby6cou2v80.i.optimole.com\/w:1024\/h:576\/q:mauto\/f:best\/https:\/\/www.oceamic2.com\/wp-content\/uploads\/2022\/09\/amfori.jpg\"  decoding=\"async\" width=\"1024\" height=\"576\" src=\"https:\/\/mlby6cou2v80.i.optimole.com\/w:1024\/h:576\/q:eco\/f:best\/https:\/\/www.oceamic2.com\/wp-content\/uploads\/2022\/09\/amfori.jpg\" alt=\"\" class=\"wp-image-2851\" old-srcset=\"https:\/\/mlby6cou2v80.i.optimole.com\/w:1024\/h:576\/q:mauto\/f:best\/https:\/\/www.oceamic2.com\/wp-content\/uploads\/2022\/09\/amfori.jpg 1024w, https:\/\/mlby6cou2v80.i.optimole.com\/w:300\/h:169\/q:mauto\/f:best\/https:\/\/www.oceamic2.com\/wp-content\/uploads\/2022\/09\/amfori.jpg 300w, https:\/\/mlby6cou2v80.i.optimole.com\/w:768\/h:432\/q:mauto\/f:best\/https:\/\/www.oceamic2.com\/wp-content\/uploads\/2022\/09\/amfori.jpg 768w, https:\/\/mlby6cou2v80.i.optimole.com\/w:auto\/h:auto\/q:mauto\/f:best\/https:\/\/www.oceamic2.com\/wp-content\/uploads\/2022\/09\/amfori.jpg 1440w\" \/><noscript><img decoding=\"async\" width=\"1024\" height=\"576\" src=\"https:\/\/mlby6cou2v80.i.optimole.com\/w:1024\/h:576\/q:mauto\/f:best\/https:\/\/www.oceamic2.com\/wp-content\/uploads\/2022\/09\/amfori.jpg\" alt=\"\" class=\"wp-image-2851\" srcset=\"https:\/\/mlby6cou2v80.i.optimole.com\/w:1024\/h:576\/q:mauto\/f:best\/https:\/\/www.oceamic2.com\/wp-content\/uploads\/2022\/09\/amfori.jpg 1024w, https:\/\/mlby6cou2v80.i.optimole.com\/w:300\/h:169\/q:mauto\/f:best\/https:\/\/www.oceamic2.com\/wp-content\/uploads\/2022\/09\/amfori.jpg 300w, https:\/\/mlby6cou2v80.i.optimole.com\/w:768\/h:432\/q:mauto\/f:best\/https:\/\/www.oceamic2.com\/wp-content\/uploads\/2022\/09\/amfori.jpg 768w, https:\/\/mlby6cou2v80.i.optimole.com\/w:auto\/h:auto\/q:mauto\/f:best\/https:\/\/www.oceamic2.com\/wp-content\/uploads\/2022\/09\/amfori.jpg 1440w\" sizes=\"(max-width: 1024px) 100vw, 1024px\" \/></noscript><\/figure>\n\n\n\n<p class=\"has-text-align-center fs-4 font-Roboto text-secondary mb-3\">BSCI: Grad A<\/p>\n\n\n\n<p class=\"has-text-align-center m-0 text-muted lh-sm\">Oceamic II cuenta con la certificaci\u00f3n BSCI (Business Social Compliance Initiative), que examina los aspectos jur\u00eddicos, sociales y medioambientales de la empresa. Gracias a esta certificaci\u00f3n, Oceamic II cumple ahora las normas sociales en la cadena de suministro global.<br\/><br\/>\nLa BSCI pretende establecer una plataforma com\u00fan para los c\u00f3digos de conducta y los sistemas de control de las distintas empresas europeas. Tambi\u00e9n sienta las bases de un sistema com\u00fan de control del cumplimiento social.\n<\/p>\n<\/div>\n<\/div>\n<\/div><\/div>\n\n<div style=\"height:80px\" aria-hidden=\"true\" class=\"wp-block-spacer eplus-l9q8as\"><\/div>\n","protected":false},"excerpt":{"rendered":"<p>CALIDAD Y CERTIFICACI\u00d3N PESCADO EN HILO Oceamic II es una conservera de pescado de Marruecos con varias certificaciones que prueban la calidad de sus productos. Si buscas las mejores conservas de at\u00fan, caballa y sardinas, estas etiquetas y certificaciones ilustran el esfuerzo constante de Oceamic II por satisfacer todas tus exigencias. Desc\u00fabrelos todos a continuaci\u00f3n,&hellip; <a class=\"more-link\" href=\"https:\/\/www.oceamic2.com\/es\/calidad-y-certificacion\/\">Continue reading <span class=\"screen-reader-text\">Calidad y certificaci\u00f3n<\/span><\/a><\/p>\n","protected":false},"author":2,"featured_media":0,"parent":0,"menu_order":5,"comment_status":"closed","ping_status":"closed","template":"","meta":{"_acf_changed":false,"inline_featured_image":false,"footnotes":""},"class_list":["post-4406","page","type-page","status-publish","hentry","entry"],"acf":[],"yoast_head":"<!-- This site is optimized with the Yoast SEO plugin v24.8.1 - https:\/\/yoast.com\/wordpress\/plugins\/seo\/ -->\n<title>F\u00e1brica Oceamic II certificada conforme a las normas internacionales de calidad<\/title>\n<meta name=\"description\" content=\"Oceamic II es una conservera de pescado marroqu\u00ed que cumple las normas de calidad y dispone de varias etiquetas y certificados.\" \/>\n<meta name=\"robots\" content=\"index, follow, max-snippet:-1, max-image-preview:large, max-video-preview:-1\" \/>\n<link rel=\"canonical\" href=\"https:\/\/www.oceamic2.com\/es\/calidad-y-certificacion\/\" \/>\n<meta property=\"og:locale\" content=\"es_ES\" \/>\n<meta property=\"og:type\" content=\"article\" \/>\n<meta property=\"og:title\" content=\"F\u00e1brica Oceamic II certificada conforme a las normas internacionales de calidad\" \/>\n<meta property=\"og:description\" content=\"Oceamic II es una conservera de pescado marroqu\u00ed que cumple las normas de calidad y dispone de varias etiquetas y certificados.\" \/>\n<meta property=\"og:url\" content=\"https:\/\/www.oceamic2.com\/es\/calidad-y-certificacion\/\" \/>\n<meta property=\"article:modified_time\" content=\"2024-05-16T14:44:39+00:00\" \/>\n<meta property=\"og:image\" content=\"https:\/\/mlby6cou2v80.i.optimole.com\/w:auto\/h:auto\/q:mauto\/f:best\/https:\/\/www.oceamic2.com\/wp-content\/uploads\/2021\/01\/raw-mackerel-with-spices_1_50.png\" \/>\n<meta name=\"twitter:card\" content=\"summary_large_image\" \/>\n<script type=\"application\/ld+json\" class=\"yoast-schema-graph\">{\"@context\":\"https:\/\/schema.org\",\"@graph\":[{\"@type\":\"WebPage\",\"@id\":\"https:\/\/www.oceamic2.com\/es\/calidad-y-certificacion\/\",\"url\":\"https:\/\/www.oceamic2.com\/es\/calidad-y-certificacion\/\",\"name\":\"F\u00e1brica Oceamic II certificada conforme a las normas internacionales de calidad\",\"isPartOf\":{\"@id\":\"https:\/\/www.oceamic2.com\/#website\"},\"primaryImageOfPage\":{\"@id\":\"https:\/\/www.oceamic2.com\/es\/calidad-y-certificacion\/#primaryimage\"},\"image\":{\"@id\":\"https:\/\/www.oceamic2.com\/es\/calidad-y-certificacion\/#primaryimage\"},\"thumbnailUrl\":\"https:\/\/mlby6cou2v80.i.optimole.com\/w:auto\/h:auto\/q:mauto\/f:best\/https:\/\/www.oceamic2.com\/wp-content\/uploads\/2021\/01\/raw-mackerel-with-spices_1_50.png\",\"datePublished\":\"2024-05-16T14:32:28+00:00\",\"dateModified\":\"2024-05-16T14:44:39+00:00\",\"description\":\"Oceamic II es una conservera de pescado marroqu\u00ed que cumple las normas de calidad y dispone de varias etiquetas y certificados.\",\"breadcrumb\":{\"@id\":\"https:\/\/www.oceamic2.com\/es\/calidad-y-certificacion\/#breadcrumb\"},\"inLanguage\":\"es\",\"potentialAction\":[{\"@type\":\"ReadAction\",\"target\":[\"https:\/\/www.oceamic2.com\/es\/calidad-y-certificacion\/\"]}]},{\"@type\":\"ImageObject\",\"inLanguage\":\"es\",\"@id\":\"https:\/\/www.oceamic2.com\/es\/calidad-y-certificacion\/#primaryimage\",\"url\":\"https:\/\/mlby6cou2v80.i.optimole.com\/w:auto\/h:auto\/q:mauto\/f:best\/https:\/\/www.oceamic2.com\/wp-content\/uploads\/2021\/01\/raw-mackerel-with-spices_1_50.png\",\"contentUrl\":\"https:\/\/mlby6cou2v80.i.optimole.com\/w:auto\/h:auto\/q:mauto\/f:best\/https:\/\/www.oceamic2.com\/wp-content\/uploads\/2021\/01\/raw-mackerel-with-spices_1_50.png\"},{\"@type\":\"BreadcrumbList\",\"@id\":\"https:\/\/www.oceamic2.com\/es\/calidad-y-certificacion\/#breadcrumb\",\"itemListElement\":[{\"@type\":\"ListItem\",\"position\":1,\"name\":\"Home\",\"item\":\"https:\/\/www.oceamic2.com\/es\/\"},{\"@type\":\"ListItem\",\"position\":2,\"name\":\"Calidad y certificaci\u00f3n\"}]},{\"@type\":\"WebSite\",\"@id\":\"https:\/\/www.oceamic2.com\/#website\",\"url\":\"https:\/\/www.oceamic2.com\/\",\"name\":\"\",\"description\":\"\",\"publisher\":{\"@id\":\"https:\/\/www.oceamic2.com\/#organization\"},\"potentialAction\":[{\"@type\":\"SearchAction\",\"target\":{\"@type\":\"EntryPoint\",\"urlTemplate\":\"https:\/\/www.oceamic2.com\/?s={search_term_string}\"},\"query-input\":{\"@type\":\"PropertyValueSpecification\",\"valueRequired\":true,\"valueName\":\"search_term_string\"}}],\"inLanguage\":\"es\"},{\"@type\":\"Organization\",\"@id\":\"https:\/\/www.oceamic2.com\/#organization\",\"name\":\"Oceamic II\",\"url\":\"https:\/\/www.oceamic2.com\/\",\"logo\":{\"@type\":\"ImageObject\",\"inLanguage\":\"es\",\"@id\":\"https:\/\/www.oceamic2.com\/#\/schema\/logo\/image\/\",\"url\":\"https:\/\/mlby6cou2v80.i.optimole.com\/w:auto\/h:auto\/q:mauto\/f:best\/https:\/\/www.oceamic2.com\/wp-content\/uploads\/2021\/02\/Calque-2.png\",\"contentUrl\":\"https:\/\/mlby6cou2v80.i.optimole.com\/w:auto\/h:auto\/q:mauto\/f:best\/https:\/\/www.oceamic2.com\/wp-content\/uploads\/2021\/02\/Calque-2.png\",\"width\":246,\"height\":164,\"caption\":\"Oceamic II\"},\"image\":{\"@id\":\"https:\/\/www.oceamic2.com\/#\/schema\/logo\/image\/\"}}]}<\/script>\n<!-- \/ Yoast SEO plugin. -->","yoast_head_json":{"title":"F\u00e1brica Oceamic II certificada conforme a las normas internacionales de calidad","description":"Oceamic II es una conservera de pescado marroqu\u00ed que cumple las normas de calidad y dispone de varias etiquetas y certificados.","robots":{"index":"index","follow":"follow","max-snippet":"max-snippet:-1","max-image-preview":"max-image-preview:large","max-video-preview":"max-video-preview:-1"},"canonical":"https:\/\/www.oceamic2.com\/es\/calidad-y-certificacion\/","og_locale":"es_ES","og_type":"article","og_title":"F\u00e1brica Oceamic II certificada conforme a las normas internacionales de calidad","og_description":"Oceamic II es una conservera de pescado marroqu\u00ed que cumple las normas de calidad y dispone de varias etiquetas y certificados.","og_url":"https:\/\/www.oceamic2.com\/es\/calidad-y-certificacion\/","article_modified_time":"2024-05-16T14:44:39+00:00","og_image":[{"url":"https:\/\/mlby6cou2v80.i.optimole.com\/w:auto\/h:auto\/q:mauto\/f:best\/https:\/\/www.oceamic2.com\/wp-content\/uploads\/2021\/01\/raw-mackerel-with-spices_1_50.png","type":"","width":"","height":""}],"twitter_card":"summary_large_image","schema":{"@context":"https:\/\/schema.org","@graph":[{"@type":"WebPage","@id":"https:\/\/www.oceamic2.com\/es\/calidad-y-certificacion\/","url":"https:\/\/www.oceamic2.com\/es\/calidad-y-certificacion\/","name":"F\u00e1brica Oceamic II certificada conforme a las normas internacionales de calidad","isPartOf":{"@id":"https:\/\/www.oceamic2.com\/#website"},"primaryImageOfPage":{"@id":"https:\/\/www.oceamic2.com\/es\/calidad-y-certificacion\/#primaryimage"},"image":{"@id":"https:\/\/www.oceamic2.com\/es\/calidad-y-certificacion\/#primaryimage"},"thumbnailUrl":"https:\/\/mlby6cou2v80.i.optimole.com\/w:auto\/h:auto\/q:mauto\/f:best\/https:\/\/www.oceamic2.com\/wp-content\/uploads\/2021\/01\/raw-mackerel-with-spices_1_50.png","datePublished":"2024-05-16T14:32:28+00:00","dateModified":"2024-05-16T14:44:39+00:00","description":"Oceamic II es una conservera de pescado marroqu\u00ed que cumple las normas de calidad y dispone de varias etiquetas y certificados.","breadcrumb":{"@id":"https:\/\/www.oceamic2.com\/es\/calidad-y-certificacion\/#breadcrumb"},"inLanguage":"es","potentialAction":[{"@type":"ReadAction","target":["https:\/\/www.oceamic2.com\/es\/calidad-y-certificacion\/"]}]},{"@type":"ImageObject","inLanguage":"es","@id":"https:\/\/www.oceamic2.com\/es\/calidad-y-certificacion\/#primaryimage","url":"https:\/\/mlby6cou2v80.i.optimole.com\/w:auto\/h:auto\/q:mauto\/f:best\/https:\/\/www.oceamic2.com\/wp-content\/uploads\/2021\/01\/raw-mackerel-with-spices_1_50.png","contentUrl":"https:\/\/mlby6cou2v80.i.optimole.com\/w:auto\/h:auto\/q:mauto\/f:best\/https:\/\/www.oceamic2.com\/wp-content\/uploads\/2021\/01\/raw-mackerel-with-spices_1_50.png"},{"@type":"BreadcrumbList","@id":"https:\/\/www.oceamic2.com\/es\/calidad-y-certificacion\/#breadcrumb","itemListElement":[{"@type":"ListItem","position":1,"name":"Home","item":"https:\/\/www.oceamic2.com\/es\/"},{"@type":"ListItem","position":2,"name":"Calidad y certificaci\u00f3n"}]},{"@type":"WebSite","@id":"https:\/\/www.oceamic2.com\/#website","url":"https:\/\/www.oceamic2.com\/","name":"","description":"","publisher":{"@id":"https:\/\/www.oceamic2.com\/#organization"},"potentialAction":[{"@type":"SearchAction","target":{"@type":"EntryPoint","urlTemplate":"https:\/\/www.oceamic2.com\/?s={search_term_string}"},"query-input":{"@type":"PropertyValueSpecification","valueRequired":true,"valueName":"search_term_string"}}],"inLanguage":"es"},{"@type":"Organization","@id":"https:\/\/www.oceamic2.com\/#organization","name":"Oceamic II","url":"https:\/\/www.oceamic2.com\/","logo":{"@type":"ImageObject","inLanguage":"es","@id":"https:\/\/www.oceamic2.com\/#\/schema\/logo\/image\/","url":"https:\/\/mlby6cou2v80.i.optimole.com\/w:auto\/h:auto\/q:mauto\/f:best\/https:\/\/www.oceamic2.com\/wp-content\/uploads\/2021\/02\/Calque-2.png","contentUrl":"https:\/\/mlby6cou2v80.i.optimole.com\/w:auto\/h:auto\/q:mauto\/f:best\/https:\/\/www.oceamic2.com\/wp-content\/uploads\/2021\/02\/Calque-2.png","width":246,"height":164,"caption":"Oceamic II"},"image":{"@id":"https:\/\/www.oceamic2.com\/#\/schema\/logo\/image\/"}}]}},"_links":{"self":[{"href":"https:\/\/www.oceamic2.com\/es\/wp-json\/wp\/v2\/pages\/4406","targetHints":{"allow":["GET"]}}],"collection":[{"href":"https:\/\/www.oceamic2.com\/es\/wp-json\/wp\/v2\/pages"}],"about":[{"href":"https:\/\/www.oceamic2.com\/es\/wp-json\/wp\/v2\/types\/page"}],"author":[{"embeddable":true,"href":"https:\/\/www.oceamic2.com\/es\/wp-json\/wp\/v2\/users\/2"}],"replies":[{"embeddable":true,"href":"https:\/\/www.oceamic2.com\/es\/wp-json\/wp\/v2\/comments?post=4406"}],"version-history":[{"count":2,"href":"https:\/\/www.oceamic2.com\/es\/wp-json\/wp\/v2\/pages\/4406\/revisions"}],"predecessor-version":[{"id":4414,"href":"https:\/\/www.oceamic2.com\/es\/wp-json\/wp\/v2\/pages\/4406\/revisions\/4414"}],"wp:attachment":[{"href":"https:\/\/www.oceamic2.com\/es\/wp-json\/wp\/v2\/media?parent=4406"}],"curies":[{"name":"wp","href":"https:\/\/api.w.org\/{rel}","templated":true}]}}