{"id":4398,"date":"2024-05-16T14:32:27","date_gmt":"2024-05-16T14:32:27","guid":{"rendered":"https:\/\/www.oceamic2.com\/descubre-nuestros-productos\/"},"modified":"2024-05-17T08:26:37","modified_gmt":"2024-05-17T08:26:37","slug":"descubre-nuestros-productos","status":"publish","type":"page","link":"https:\/\/www.oceamic2.com\/es\/nuestras-marcas\/descubre-nuestros-productos\/","title":{"rendered":"Descubre nuestros productos"},"content":{"rendered":"\n<div class=\"wp-block-cover alignwide is-light is-position-center-center landingImg eplus-Ngdf7V\"><span aria-hidden=\"true\" class=\"wp-block-cover__background has-background-dim-30 has-background-dim\"><\/span><img fetchpriority=\"high\" decoding=\"async\" width=\"992\" height=\"570\" class=\"wp-block-cover__image-background wp-image-137\" alt=\"\" src=\"https:\/\/mlby6cou2v80.i.optimole.com\/w:auto\/h:auto\/q:mauto\/f:best\/https:\/\/www.oceamic2.com\/wp-content\/uploads\/2021\/01\/raw-mackerel-with-spices_1_50.png\" data-object-fit=\"cover\" srcset=\"https:\/\/mlby6cou2v80.i.optimole.com\/w:auto\/h:auto\/q:mauto\/f:best\/https:\/\/www.oceamic2.com\/wp-content\/uploads\/2021\/01\/raw-mackerel-with-spices_1_50.png 992w, https:\/\/mlby6cou2v80.i.optimole.com\/w:300\/h:172\/q:mauto\/f:best\/https:\/\/www.oceamic2.com\/wp-content\/uploads\/2021\/01\/raw-mackerel-with-spices_1_50.png 300w, https:\/\/mlby6cou2v80.i.optimole.com\/w:768\/h:441\/q:mauto\/f:best\/https:\/\/www.oceamic2.com\/wp-content\/uploads\/2021\/01\/raw-mackerel-with-spices_1_50.png 768w\" sizes=\"(max-width: 992px) 100vw, 992px\" \/><div class=\"wp-block-cover__inner-container is-layout-flow wp-block-cover-is-layout-flow\">\n<p class=\"has-text-align-center display-2 fw-regular text-white m-0 has-text-color\" style=\"color:#fffffa;font-size:74px;line-height:1.1\">Marca blanca<\/p>\n\n\n\n<p class=\"has-text-align-center text-white m-0\">Inicio \/ Nuestras marcas \/ Marca blanca<\/p>\n<\/div><\/div>\n\n<div style=\"height:20px\" aria-hidden=\"true\" class=\"wp-block-spacer eplus-3OuIJr\"><\/div>\n\n<div class=\"wp-block-group px-1\"><div class=\"wp-block-group__inner-container is-layout-flow wp-block-group-is-layout-flow\">\n<h1>  Marca blanca  <\/h1>\n\n\n\n<svg xmlns=\"http:\/\/www.w3.org\/2000\/svg\" class=\"mx-auto d-flex mt-4\" width=\"120\" height=\"26.688\"><path fill-rule=\"evenodd\" fill=\"#02BCEF\" d=\"M0 8s14.563 11.931 36 11c21.438-.931 36.192-9.945 59-13 14.446-1.631 12.971-.148 17 0 .293-.564-10.496-5.344-18-5-12.308-2.325-48.754 12.447-63 12-1.08.265-8.761 2.295-31-5z\"><\/path><\/svg>\n\n\n\n<p class=\"has-text-align-center text-muted mt-3 lh-sm px-2 mw-70 p-intro\">Gracias a nuestra proximidad a los lugares donde se desembarca el pescado, s\u00f3lo procesamos pescado reci\u00e9n capturado. El breve periodo que transcurre entre la recepci\u00f3n de la materia prima y su procesamiento nos permite fabricar productos de la m\u00e1xima calidad. Podemos ofrecerte este producto de alta calidad con tu marca.<br\/>Nuestras sardinas, at\u00fan y caballa pueden prepararse en una amplia gama de aceites y salsas: aceite vegetal, aceite de girasol, aceite de soja, en salmuera, con lim\u00f3n, guindilla, salsa de tomate, etc. y enlatarse en distintos tipos de latas a tu elecci\u00f3n. La gama de cajas disponibles y sus especificaciones se muestran a continuaci\u00f3n.<\/p>\n<\/div><\/div>\n\n<div style=\"height:50px\" aria-hidden=\"true\" class=\"wp-block-spacer eplus-3OuIJr\"><\/div>\n\n<div class=\"wp-block-group alignwide mw-70 p-3\"><div class=\"wp-block-group__inner-container is-layout-flow wp-block-group-is-layout-flow\">\n<h2 class=\"has-text-align-center wp-block-heading\">Latas del club<\/h2>\n\n\n\n<div class=\"wp-block-columns is-layout-flex wp-container-core-columns-is-layout-1 wp-block-columns-is-layout-flex\">\n<div class=\"wp-block-column is-layout-flow wp-block-column-is-layout-flow\">\n<figure class=\"wp-block-image size-large float-right\" id=\"size-mobile\"><img fetchpriority=\"high\" decoding=\"async\" src=\"https:\/\/mlby6cou2v80.i.optimole.com\/w:auto\/h:auto\/q:mauto\/f:best\/https:\/\/www.oceamic2.com\/wp-content\/uploads\/2022\/09\/club_can_gray-4.png\" alt=\"\"\/><\/figure>\n<\/div>\n\n\n\n<div class=\"wp-block-column is-layout-flow wp-block-column-is-layout-flow\">\n<figure class=\"wp-block-image size-large\" id=\"size-mobile\"><img fetchpriority=\"high\" decoding=\"async\" src=\"https:\/\/mlby6cou2v80.i.optimole.com\/w:auto\/h:auto\/q:mauto\/f:best\/https:\/\/www.oceamic2.com\/wp-content\/uploads\/2022\/09\/club_can_yellow-4.png\" alt=\"\"\/><\/figure>\n<\/div>\n<\/div>\n\n\n\n<figure class=\"wp-block-table custom-table text-muted lh-sm mt-0 bg-cyan py-4 px-md-5\"><table class=\"has-text-color\" style=\"color:#657581\"><tbody><tr><td class=\"has-text-align-center\" data-align=\"center\"><mark style=\"background-color:rgba(0, 0, 0, 0)\" class=\"has-inline-color has-dark-gray-color\">Formato<\/mark><\/td><td class=\"has-text-align-center\" data-align=\"center\"><mark style=\"background-color:rgba(0, 0, 0, 0)\" class=\"has-inline-color has-dark-gray-color\">Metal<\/mark><\/td><td class=\"has-text-align-center\" data-align=\"center\"><mark style=\"background-color:rgba(0, 0, 0, 0)\" class=\"has-inline-color has-dark-gray-color\">Peso neto<\/mark><\/td><td class=\"has-text-align-center\" data-align=\"center\"><mark style=\"background-color:rgba(0, 0, 0, 0)\" class=\"has-inline-color has-dark-gray-color\">Peso escurrido<\/mark><\/td><td class=\"has-text-align-center\" data-align=\"center\"><mark style=\"background-color:rgba(0, 0, 0, 0)\" class=\"has-inline-color has-dark-gray-color\">Capacidad<\/mark><\/td><td class=\"has-text-align-center\" data-align=\"center\"><mark style=\"background-color:rgba(0, 0, 0, 0)\" class=\"has-inline-color has-dark-gray-color\">Longitud<\/mark><br\/><mark style=\"background-color:rgba(0, 0, 0, 0)\" class=\"has-inline-color has-dark-gray-color\">(mm)<\/mark><\/td><td class=\"has-text-align-center\" data-align=\"center\"><mark style=\"background-color:rgba(0, 0, 0, 0)\" class=\"has-inline-color has-dark-gray-color\">Anchura<\/mark><br\/><mark style=\"background-color:rgba(0, 0, 0, 0)\" class=\"has-inline-color has-dark-gray-color\">(mm)<\/mark><\/td><td class=\"has-text-align-center\" data-align=\"center\"><mark style=\"background-color:rgba(0, 0, 0, 0)\" class=\"has-inline-color has-dark-gray-color\">Altura<\/mark><br\/><mark style=\"background-color:rgba(0, 0, 0, 0)\" class=\"has-inline-color has-dark-gray-color\">(mm)<\/mark><\/td><\/tr><tr><td class=\"has-text-align-center\" data-align=\"center\">RR90<\/td><td class=\"has-text-align-center\" data-align=\"center\">Hojalata<\/td><td class=\"has-text-align-center\" data-align=\"center\">90g<\/td><td class=\"has-text-align-center\" data-align=\"center\">65g<\/td><td class=\"has-text-align-center\" data-align=\"center\">90 ml<\/td><td class=\"has-text-align-center\" data-align=\"center\">104<\/td><td class=\"has-text-align-center\" data-align=\"center\">59.8<\/td><td class=\"has-text-align-center\" data-align=\"center\">21<\/td><\/tr><tr><td class=\"has-text-align-center\" data-align=\"center\">RR125<\/td><td class=\"has-text-align-center\" data-align=\"center\">Hojalata<\/td><td class=\"has-text-align-center\" data-align=\"center\">125g<\/td><td class=\"has-text-align-center\" data-align=\"center\">90g<\/td><td class=\"has-text-align-center\" data-align=\"center\">125 ml<\/td><td class=\"has-text-align-center\" data-align=\"center\">104<\/td><td class=\"has-text-align-center\" data-align=\"center\">59.8<\/td><td class=\"has-text-align-center\" data-align=\"center\">27.8<\/td><\/tr><tr><td class=\"has-text-align-center\" data-align=\"center\">RR125<\/td><td class=\"has-text-align-center\" data-align=\"center\">Aluminio<\/td><td class=\"has-text-align-center\" data-align=\"center\">125g<\/td><td class=\"has-text-align-center\" data-align=\"center\">90g<\/td><td class=\"has-text-align-center\" data-align=\"center\">125 ml<\/td><td class=\"has-text-align-center\" data-align=\"center\">104<\/td><td class=\"has-text-align-center\" data-align=\"center\">59.8<\/td><td class=\"has-text-align-center\" data-align=\"center\">27.8<\/td><\/tr><tr><td class=\"has-text-align-center\" data-align=\"center\">1\/5P27<\/td><td class=\"has-text-align-center\" data-align=\"center\">Aluminio<\/td><td class=\"has-text-align-center\" data-align=\"center\">135g<\/td><td class=\"has-text-align-center\" data-align=\"center\">95g<\/td><td class=\"has-text-align-center\" data-align=\"center\">150 ml<\/td><td class=\"has-text-align-center\" data-align=\"center\">105<\/td><td class=\"has-text-align-center\" data-align=\"center\">76<\/td><td class=\"has-text-align-center\" data-align=\"center\">27<\/td><\/tr><tr><td class=\"has-text-align-center\" data-align=\"center\">1\/4P22<\/td><td class=\"has-text-align-center\" data-align=\"center\">Aluminio<\/td><td class=\"has-text-align-center\" data-align=\"center\">115g<\/td><td class=\"has-text-align-center\" data-align=\"center\">81g<\/td><td class=\"has-text-align-center\" data-align=\"center\">115 ml<\/td><td class=\"has-text-align-center\" data-align=\"center\">105<\/td><td class=\"has-text-align-center\" data-align=\"center\">76<\/td><td class=\"has-text-align-center\" data-align=\"center\">22<\/td><\/tr><\/tbody><\/table><\/figure>\n<\/div><\/div>\n\n<div class=\"wp-block-group alignwide mw-70 p-3\"><div class=\"wp-block-group__inner-container is-layout-flow wp-block-group-is-layout-flow\">\n<h2 class=\"has-text-align-center wp-block-heading\">Latas redondas<\/h2>\n\n\n\n<div class=\"wp-block-columns is-layout-flex wp-container-core-columns-is-layout-2 wp-block-columns-is-layout-flex\">\n<div class=\"wp-block-column is-layout-flow wp-block-column-is-layout-flow\">\n<figure class=\"wp-block-image size-large float-right\" id=\"size-mobile\"><img data-opt-src=\"https:\/\/mlby6cou2v80.i.optimole.com\/w:auto\/h:auto\/q:mauto\/f:best\/https:\/\/www.oceamic2.com\/wp-content\/uploads\/2022\/09\/round_can_sml-2.png\"  decoding=\"async\" src=\"https:\/\/mlby6cou2v80.i.optimole.com\/w:auto\/h:auto\/q:eco\/f:best\/https:\/\/www.oceamic2.com\/wp-content\/uploads\/2022\/09\/round_can_sml-2.png\" alt=\"\"\/><noscript><img decoding=\"async\" src=\"https:\/\/mlby6cou2v80.i.optimole.com\/w:auto\/h:auto\/q:mauto\/f:best\/https:\/\/www.oceamic2.com\/wp-content\/uploads\/2022\/09\/round_can_sml-2.png\" alt=\"\"\/></noscript><\/figure>\n<\/div>\n\n\n\n<div class=\"wp-block-column is-layout-flow wp-block-column-is-layout-flow\">\n<figure class=\"wp-block-image size-large\" id=\"size-mobile\"><img data-opt-src=\"https:\/\/mlby6cou2v80.i.optimole.com\/w:auto\/h:auto\/q:mauto\/f:best\/https:\/\/www.oceamic2.com\/wp-content\/uploads\/2022\/09\/round_can_big-2.png\"  decoding=\"async\" src=\"https:\/\/mlby6cou2v80.i.optimole.com\/w:auto\/h:auto\/q:eco\/f:best\/https:\/\/www.oceamic2.com\/wp-content\/uploads\/2022\/09\/round_can_big-2.png\" alt=\"\"\/><noscript><img decoding=\"async\" src=\"https:\/\/mlby6cou2v80.i.optimole.com\/w:auto\/h:auto\/q:mauto\/f:best\/https:\/\/www.oceamic2.com\/wp-content\/uploads\/2022\/09\/round_can_big-2.png\" alt=\"\"\/></noscript><\/figure>\n<\/div>\n<\/div>\n\n\n\n<figure class=\"wp-block-table custom-table text-muted lh-sm mt-0 bg-cyan py-4 px-md-5\"><table class=\"has-text-color\" style=\"color:#657581\"><tbody><tr><td class=\"has-text-align-center\" data-align=\"center\"><mark style=\"background-color:rgba(0, 0, 0, 0)\" class=\"has-inline-color has-dark-gray-color\">Formato<\/mark><\/td><td class=\"has-text-align-center\" data-align=\"center\"><mark style=\"background-color:rgba(0, 0, 0, 0)\" class=\"has-inline-color has-dark-gray-color\"><mark style=\"background-color:rgba(0, 0, 0, 0)\" class=\"has-inline-color has-dark-gray-color\">Metal<\/mark><\/mark><\/td><td class=\"has-text-align-center\" data-align=\"center\"><mark style=\"background-color:rgba(0, 0, 0, 0)\" class=\"has-inline-color has-dark-gray-color\"><mark style=\"background-color:rgba(0, 0, 0, 0)\" class=\"has-inline-color has-dark-gray-color\">Peso neto<\/mark><\/mark><\/td><td class=\"has-text-align-center\" data-align=\"center\"><mark style=\"background-color:rgba(0, 0, 0, 0)\" class=\"has-inline-color has-dark-gray-color\"><mark style=\"background-color:rgba(0, 0, 0, 0)\" class=\"has-inline-color has-dark-gray-color\">Peso escurrido<\/mark><\/mark><\/td><td class=\"has-text-align-center\" data-align=\"center\"><mark style=\"background-color:rgba(0, 0, 0, 0)\" class=\"has-inline-color has-dark-gray-color\"><mark style=\"background-color:rgba(0, 0, 0, 0)\" class=\"has-inline-color has-dark-gray-color\">Capacidad<\/mark><\/mark><\/td><td class=\"has-text-align-center\" data-align=\"center\"><mark style=\"background-color:rgba(0, 0, 0, 0)\" class=\"has-inline-color has-dark-gray-color\">Di\u00e1metro<\/mark><br\/><mark style=\"background-color:rgba(0, 0, 0, 0)\" class=\"has-inline-color has-dark-gray-color\">(mm)<\/mark><\/td><td class=\"has-text-align-center\" data-align=\"center\"><mark style=\"background-color:rgba(0, 0, 0, 0)\" class=\"has-inline-color has-dark-gray-color\">Altura<\/mark><br\/><mark style=\"background-color:rgba(0, 0, 0, 0)\" class=\"has-inline-color has-dark-gray-color\">(mm)<\/mark><\/td><\/tr><tr><td class=\"has-text-align-center\" data-align=\"center\">RO1000<\/td><td class=\"has-text-align-center\" data-align=\"center\">RO1730<\/td><td class=\"has-text-align-center\" data-align=\"center\">1000g<\/td><td class=\"has-text-align-center\" data-align=\"center\">725g<\/td><td class=\"has-text-align-center\" data-align=\"center\">1000 ml<\/td><td class=\"has-text-align-center\" data-align=\"center\">150<\/td><td class=\"has-text-align-center\" data-align=\"center\">66.8<\/td><\/tr><tr><td class=\"has-text-align-center\" data-align=\"center\">RO1730<\/td><td class=\"has-text-align-center\" data-align=\"center\">RO1730<\/td><td class=\"has-text-align-center\" data-align=\"center\">1730g<\/td><td class=\"has-text-align-center\" data-align=\"center\">1245g<\/td><td class=\"has-text-align-center\" data-align=\"center\">1730 ml<\/td><td class=\"has-text-align-center\" data-align=\"center\">150<\/td><td class=\"has-text-align-center\" data-align=\"center\">108<\/td><\/tr><\/tbody><\/table><\/figure>\n<\/div><\/div>\n\n<div style=\"height:50px\" aria-hidden=\"true\" class=\"wp-block-spacer my-3 my-md-1\"><\/div>\n","protected":false},"excerpt":{"rendered":"<p>Marca blanca Gracias a nuestra proximidad a los lugares donde se desembarca el pescado, s\u00f3lo procesamos pescado reci\u00e9n capturado. El breve periodo que transcurre entre la recepci\u00f3n de la materia prima y su procesamiento nos permite fabricar productos de la m\u00e1xima calidad. Podemos ofrecerte este producto de alta calidad con tu marca.Nuestras sardinas, at\u00fan y&hellip; <a class=\"more-link\" href=\"https:\/\/www.oceamic2.com\/es\/nuestras-marcas\/descubre-nuestros-productos\/\">Continue reading <span class=\"screen-reader-text\">Descubre nuestros productos<\/span><\/a><\/p>\n","protected":false},"author":2,"featured_media":0,"parent":4410,"menu_order":0,"comment_status":"closed","ping_status":"closed","template":"","meta":{"_acf_changed":false,"inline_featured_image":false,"footnotes":""},"class_list":["post-4398","page","type-page","status-publish","hentry","entry"],"acf":[],"yoast_head":"<!-- This site is optimized with the Yoast SEO plugin v24.8.1 - https:\/\/yoast.com\/wordpress\/plugins\/seo\/ -->\n<title>Conservas de pescado marroqu\u00ed etiqueta blanca<\/title>\n<meta name=\"description\" content=\"Una gama de pescados: at\u00fan, caballa y sardinas en latas o latas de marca blanca para la exportaci\u00f3n internacional.\" \/>\n<meta name=\"robots\" content=\"index, follow, max-snippet:-1, max-image-preview:large, max-video-preview:-1\" \/>\n<link rel=\"canonical\" href=\"https:\/\/www.oceamic2.com\/es\/nuestras-marcas\/descubre-nuestros-productos\/\" \/>\n<meta property=\"og:locale\" content=\"es_ES\" \/>\n<meta property=\"og:type\" content=\"article\" \/>\n<meta property=\"og:title\" content=\"Conservas de pescado marroqu\u00ed etiqueta blanca\" \/>\n<meta property=\"og:description\" content=\"Una gama de pescados: at\u00fan, caballa y sardinas en latas o latas de marca blanca para la exportaci\u00f3n internacional.\" \/>\n<meta property=\"og:url\" content=\"https:\/\/www.oceamic2.com\/es\/nuestras-marcas\/descubre-nuestros-productos\/\" \/>\n<meta property=\"article:modified_time\" content=\"2024-05-17T08:26:37+00:00\" \/>\n<meta property=\"og:image\" content=\"https:\/\/mlby6cou2v80.i.optimole.com\/w:auto\/h:auto\/q:mauto\/f:best\/https:\/\/www.oceamic2.com\/wp-content\/uploads\/2021\/01\/raw-mackerel-with-spices_1_50.png\" \/>\n<meta name=\"twitter:card\" content=\"summary_large_image\" \/>\n<script type=\"application\/ld+json\" class=\"yoast-schema-graph\">{\"@context\":\"https:\/\/schema.org\",\"@graph\":[{\"@type\":\"WebPage\",\"@id\":\"https:\/\/www.oceamic2.com\/es\/nuestras-marcas\/descubre-nuestros-productos\/\",\"url\":\"https:\/\/www.oceamic2.com\/es\/nuestras-marcas\/descubre-nuestros-productos\/\",\"name\":\"Conservas de pescado marroqu\u00ed etiqueta blanca\",\"isPartOf\":{\"@id\":\"https:\/\/www.oceamic2.com\/#website\"},\"primaryImageOfPage\":{\"@id\":\"https:\/\/www.oceamic2.com\/es\/nuestras-marcas\/descubre-nuestros-productos\/#primaryimage\"},\"image\":{\"@id\":\"https:\/\/www.oceamic2.com\/es\/nuestras-marcas\/descubre-nuestros-productos\/#primaryimage\"},\"thumbnailUrl\":\"https:\/\/mlby6cou2v80.i.optimole.com\/w:auto\/h:auto\/q:mauto\/f:best\/https:\/\/www.oceamic2.com\/wp-content\/uploads\/2021\/01\/raw-mackerel-with-spices_1_50.png\",\"datePublished\":\"2024-05-16T14:32:27+00:00\",\"dateModified\":\"2024-05-17T08:26:37+00:00\",\"description\":\"Una gama de pescados: at\u00fan, caballa y sardinas en latas o latas de marca blanca para la exportaci\u00f3n internacional.\",\"breadcrumb\":{\"@id\":\"https:\/\/www.oceamic2.com\/es\/nuestras-marcas\/descubre-nuestros-productos\/#breadcrumb\"},\"inLanguage\":\"es\",\"potentialAction\":[{\"@type\":\"ReadAction\",\"target\":[\"https:\/\/www.oceamic2.com\/es\/nuestras-marcas\/descubre-nuestros-productos\/\"]}]},{\"@type\":\"ImageObject\",\"inLanguage\":\"es\",\"@id\":\"https:\/\/www.oceamic2.com\/es\/nuestras-marcas\/descubre-nuestros-productos\/#primaryimage\",\"url\":\"https:\/\/mlby6cou2v80.i.optimole.com\/w:auto\/h:auto\/q:mauto\/f:best\/https:\/\/www.oceamic2.com\/wp-content\/uploads\/2021\/01\/raw-mackerel-with-spices_1_50.png\",\"contentUrl\":\"https:\/\/mlby6cou2v80.i.optimole.com\/w:auto\/h:auto\/q:mauto\/f:best\/https:\/\/www.oceamic2.com\/wp-content\/uploads\/2021\/01\/raw-mackerel-with-spices_1_50.png\"},{\"@type\":\"BreadcrumbList\",\"@id\":\"https:\/\/www.oceamic2.com\/es\/nuestras-marcas\/descubre-nuestros-productos\/#breadcrumb\",\"itemListElement\":[{\"@type\":\"ListItem\",\"position\":1,\"name\":\"Home\",\"item\":\"https:\/\/www.oceamic2.com\/es\/\"},{\"@type\":\"ListItem\",\"position\":2,\"name\":\"Nuestras marcas\",\"item\":\"https:\/\/www.oceamic2.com\/es\/nuestras-marcas\/\"},{\"@type\":\"ListItem\",\"position\":3,\"name\":\"Descubre nuestros productos\"}]},{\"@type\":\"WebSite\",\"@id\":\"https:\/\/www.oceamic2.com\/#website\",\"url\":\"https:\/\/www.oceamic2.com\/\",\"name\":\"\",\"description\":\"\",\"publisher\":{\"@id\":\"https:\/\/www.oceamic2.com\/#organization\"},\"potentialAction\":[{\"@type\":\"SearchAction\",\"target\":{\"@type\":\"EntryPoint\",\"urlTemplate\":\"https:\/\/www.oceamic2.com\/?s={search_term_string}\"},\"query-input\":{\"@type\":\"PropertyValueSpecification\",\"valueRequired\":true,\"valueName\":\"search_term_string\"}}],\"inLanguage\":\"es\"},{\"@type\":\"Organization\",\"@id\":\"https:\/\/www.oceamic2.com\/#organization\",\"name\":\"Oceamic II\",\"url\":\"https:\/\/www.oceamic2.com\/\",\"logo\":{\"@type\":\"ImageObject\",\"inLanguage\":\"es\",\"@id\":\"https:\/\/www.oceamic2.com\/#\/schema\/logo\/image\/\",\"url\":\"https:\/\/mlby6cou2v80.i.optimole.com\/w:auto\/h:auto\/q:mauto\/f:best\/https:\/\/www.oceamic2.com\/wp-content\/uploads\/2021\/02\/Calque-2.png\",\"contentUrl\":\"https:\/\/mlby6cou2v80.i.optimole.com\/w:auto\/h:auto\/q:mauto\/f:best\/https:\/\/www.oceamic2.com\/wp-content\/uploads\/2021\/02\/Calque-2.png\",\"width\":246,\"height\":164,\"caption\":\"Oceamic II\"},\"image\":{\"@id\":\"https:\/\/www.oceamic2.com\/#\/schema\/logo\/image\/\"}}]}<\/script>\n<!-- \/ Yoast SEO plugin. -->","yoast_head_json":{"title":"Conservas de pescado marroqu\u00ed etiqueta blanca","description":"Una gama de pescados: at\u00fan, caballa y sardinas en latas o latas de marca blanca para la exportaci\u00f3n internacional.","robots":{"index":"index","follow":"follow","max-snippet":"max-snippet:-1","max-image-preview":"max-image-preview:large","max-video-preview":"max-video-preview:-1"},"canonical":"https:\/\/www.oceamic2.com\/es\/nuestras-marcas\/descubre-nuestros-productos\/","og_locale":"es_ES","og_type":"article","og_title":"Conservas de pescado marroqu\u00ed etiqueta blanca","og_description":"Una gama de pescados: at\u00fan, caballa y sardinas en latas o latas de marca blanca para la exportaci\u00f3n internacional.","og_url":"https:\/\/www.oceamic2.com\/es\/nuestras-marcas\/descubre-nuestros-productos\/","article_modified_time":"2024-05-17T08:26:37+00:00","og_image":[{"url":"https:\/\/mlby6cou2v80.i.optimole.com\/w:auto\/h:auto\/q:mauto\/f:best\/https:\/\/www.oceamic2.com\/wp-content\/uploads\/2021\/01\/raw-mackerel-with-spices_1_50.png","type":"","width":"","height":""}],"twitter_card":"summary_large_image","schema":{"@context":"https:\/\/schema.org","@graph":[{"@type":"WebPage","@id":"https:\/\/www.oceamic2.com\/es\/nuestras-marcas\/descubre-nuestros-productos\/","url":"https:\/\/www.oceamic2.com\/es\/nuestras-marcas\/descubre-nuestros-productos\/","name":"Conservas de pescado marroqu\u00ed etiqueta blanca","isPartOf":{"@id":"https:\/\/www.oceamic2.com\/#website"},"primaryImageOfPage":{"@id":"https:\/\/www.oceamic2.com\/es\/nuestras-marcas\/descubre-nuestros-productos\/#primaryimage"},"image":{"@id":"https:\/\/www.oceamic2.com\/es\/nuestras-marcas\/descubre-nuestros-productos\/#primaryimage"},"thumbnailUrl":"https:\/\/mlby6cou2v80.i.optimole.com\/w:auto\/h:auto\/q:mauto\/f:best\/https:\/\/www.oceamic2.com\/wp-content\/uploads\/2021\/01\/raw-mackerel-with-spices_1_50.png","datePublished":"2024-05-16T14:32:27+00:00","dateModified":"2024-05-17T08:26:37+00:00","description":"Una gama de pescados: at\u00fan, caballa y sardinas en latas o latas de marca blanca para la exportaci\u00f3n internacional.","breadcrumb":{"@id":"https:\/\/www.oceamic2.com\/es\/nuestras-marcas\/descubre-nuestros-productos\/#breadcrumb"},"inLanguage":"es","potentialAction":[{"@type":"ReadAction","target":["https:\/\/www.oceamic2.com\/es\/nuestras-marcas\/descubre-nuestros-productos\/"]}]},{"@type":"ImageObject","inLanguage":"es","@id":"https:\/\/www.oceamic2.com\/es\/nuestras-marcas\/descubre-nuestros-productos\/#primaryimage","url":"https:\/\/mlby6cou2v80.i.optimole.com\/w:auto\/h:auto\/q:mauto\/f:best\/https:\/\/www.oceamic2.com\/wp-content\/uploads\/2021\/01\/raw-mackerel-with-spices_1_50.png","contentUrl":"https:\/\/mlby6cou2v80.i.optimole.com\/w:auto\/h:auto\/q:mauto\/f:best\/https:\/\/www.oceamic2.com\/wp-content\/uploads\/2021\/01\/raw-mackerel-with-spices_1_50.png"},{"@type":"BreadcrumbList","@id":"https:\/\/www.oceamic2.com\/es\/nuestras-marcas\/descubre-nuestros-productos\/#breadcrumb","itemListElement":[{"@type":"ListItem","position":1,"name":"Home","item":"https:\/\/www.oceamic2.com\/es\/"},{"@type":"ListItem","position":2,"name":"Nuestras marcas","item":"https:\/\/www.oceamic2.com\/es\/nuestras-marcas\/"},{"@type":"ListItem","position":3,"name":"Descubre nuestros productos"}]},{"@type":"WebSite","@id":"https:\/\/www.oceamic2.com\/#website","url":"https:\/\/www.oceamic2.com\/","name":"","description":"","publisher":{"@id":"https:\/\/www.oceamic2.com\/#organization"},"potentialAction":[{"@type":"SearchAction","target":{"@type":"EntryPoint","urlTemplate":"https:\/\/www.oceamic2.com\/?s={search_term_string}"},"query-input":{"@type":"PropertyValueSpecification","valueRequired":true,"valueName":"search_term_string"}}],"inLanguage":"es"},{"@type":"Organization","@id":"https:\/\/www.oceamic2.com\/#organization","name":"Oceamic II","url":"https:\/\/www.oceamic2.com\/","logo":{"@type":"ImageObject","inLanguage":"es","@id":"https:\/\/www.oceamic2.com\/#\/schema\/logo\/image\/","url":"https:\/\/mlby6cou2v80.i.optimole.com\/w:auto\/h:auto\/q:mauto\/f:best\/https:\/\/www.oceamic2.com\/wp-content\/uploads\/2021\/02\/Calque-2.png","contentUrl":"https:\/\/mlby6cou2v80.i.optimole.com\/w:auto\/h:auto\/q:mauto\/f:best\/https:\/\/www.oceamic2.com\/wp-content\/uploads\/2021\/02\/Calque-2.png","width":246,"height":164,"caption":"Oceamic II"},"image":{"@id":"https:\/\/www.oceamic2.com\/#\/schema\/logo\/image\/"}}]}},"_links":{"self":[{"href":"https:\/\/www.oceamic2.com\/es\/wp-json\/wp\/v2\/pages\/4398","targetHints":{"allow":["GET"]}}],"collection":[{"href":"https:\/\/www.oceamic2.com\/es\/wp-json\/wp\/v2\/pages"}],"about":[{"href":"https:\/\/www.oceamic2.com\/es\/wp-json\/wp\/v2\/types\/page"}],"author":[{"embeddable":true,"href":"https:\/\/www.oceamic2.com\/es\/wp-json\/wp\/v2\/users\/2"}],"replies":[{"embeddable":true,"href":"https:\/\/www.oceamic2.com\/es\/wp-json\/wp\/v2\/comments?post=4398"}],"version-history":[{"count":2,"href":"https:\/\/www.oceamic2.com\/es\/wp-json\/wp\/v2\/pages\/4398\/revisions"}],"predecessor-version":[{"id":4405,"href":"https:\/\/www.oceamic2.com\/es\/wp-json\/wp\/v2\/pages\/4398\/revisions\/4405"}],"up":[{"embeddable":true,"href":"https:\/\/www.oceamic2.com\/es\/wp-json\/wp\/v2\/pages\/4410"}],"wp:attachment":[{"href":"https:\/\/www.oceamic2.com\/es\/wp-json\/wp\/v2\/media?parent=4398"}],"curies":[{"name":"wp","href":"https:\/\/api.w.org\/{rel}","templated":true}]}}