{"id":4397,"date":"2024-05-16T14:32:27","date_gmt":"2024-05-16T14:32:27","guid":{"rendered":"https:\/\/www.oceamic2.com\/quienes-somos\/"},"modified":"2024-05-16T14:43:19","modified_gmt":"2024-05-16T14:43:19","slug":"quienes-somos","status":"publish","type":"page","link":"https:\/\/www.oceamic2.com\/es\/quienes-somos\/","title":{"rendered":"\u00bfQui\u00e9nes somos?"},"content":{"rendered":"\n<div class=\"wp-block-cover alignwide is-light is-position-center-center landingImg eplus-Ngdf7V\"><span aria-hidden=\"true\" class=\"wp-block-cover__background has-background-dim-30 has-background-dim\"><\/span><img fetchpriority=\"high\" decoding=\"async\" width=\"992\" height=\"570\" class=\"wp-block-cover__image-background wp-image-137\" alt=\"\" src=\"https:\/\/mlby6cou2v80.i.optimole.com\/w:auto\/h:auto\/q:mauto\/f:best\/https:\/\/www.oceamic2.com\/wp-content\/uploads\/2021\/01\/raw-mackerel-with-spices_1_50.png\" data-object-fit=\"cover\" srcset=\"https:\/\/mlby6cou2v80.i.optimole.com\/w:auto\/h:auto\/q:mauto\/f:best\/https:\/\/www.oceamic2.com\/wp-content\/uploads\/2021\/01\/raw-mackerel-with-spices_1_50.png 992w, https:\/\/mlby6cou2v80.i.optimole.com\/w:300\/h:172\/q:mauto\/f:best\/https:\/\/www.oceamic2.com\/wp-content\/uploads\/2021\/01\/raw-mackerel-with-spices_1_50.png 300w, https:\/\/mlby6cou2v80.i.optimole.com\/w:768\/h:441\/q:mauto\/f:best\/https:\/\/www.oceamic2.com\/wp-content\/uploads\/2021\/01\/raw-mackerel-with-spices_1_50.png 768w\" sizes=\"(max-width: 992px) 100vw, 992px\" \/><div class=\"wp-block-cover__inner-container is-layout-flow wp-block-cover-is-layout-flow\">\n<p class=\"has-text-align-center display-2 fw-regular m-0 text-white has-text-color\" style=\"color:#fffffa;font-size:74px;line-height:1.1\">\u00bfQui\u00e9nes somos?<\/p>\n\n\n\n<p class=\"has-text-align-center text-white m-0\"><a href=\"https:\/\/www.oceamic2.com\/es\/\">Inicio<\/a> \/ Conservas de pescado \/ Qui\u00e9nes somos<\/p>\n<\/div><\/div>\n\n<div style=\"height:20px\" aria-hidden=\"true\" class=\"wp-block-spacer eplus-3OuIJr\"><\/div>\n\n<div class=\"wp-block-group px-1\"><div class=\"wp-block-group__inner-container is-layout-flow wp-block-group-is-layout-flow\">\n<h1>OCEAMIC II EXPORTADOR DE  <br\/><strong>CONSERVAS DE AT\u00daN, CABALLA Y SARDINAS<\/strong><\/h1>\n\n\n\n<svg xmlns=\"http:\/\/www.w3.org\/2000\/svg\" class=\"mx-auto d-flex mt-4\" width=\"120\" height=\"26.688\"><path fill-rule=\"evenodd\" fill=\"#02BCEF\" d=\"M0 8s14.563 11.931 36 11c21.438-.931 36.192-9.945 59-13 14.446-1.631 12.971-.148 17 0 .293-.564-10.496-5.344-18-5-12.308-2.325-48.754 12.447-63 12-1.08.265-8.761 2.295-31-5z\"><\/path><\/svg>\n\n\n\n<p class=\"has-text-align-center text-muted mt-3 lh-sm px-3 px-6 p-intro\">Oceamic II es un exportador mundial de <strong>conservas de<\/strong> at\u00fan, caballa y <strong>sardinas<\/strong>.<br\/><br\/>\nGracias a su experiencia, su equipamiento de alta tecnolog\u00eda y su personal, esta <strong>conservera de pescado de<\/strong> Marruecos puede elaborar productos de primera calidad que satisfacen los gustos y exigencias del mercado.\n<\/p>\n<\/div><\/div>\n\n<div style=\"height:90px\" aria-hidden=\"true\" class=\"wp-block-spacer my-5 my-md-1\"><\/div>\n\n<div class=\"wp-block-media-text alignwide is-stacked-on-mobile is-image-fill bg-cyan px-2 px-7 block-5 pt-5\" style=\"grid-template-columns:42% auto\"><figure class=\"wp-block-media-text__media\" style=\"background-image:url(https:\/\/mlby6cou2v80.i.optimole.com\/w:1024\/h:576\/q:mauto\/f:best\/https:\/\/www.oceamic2.com\/wp-content\/uploads\/2022\/09\/histoire-oceamic.jpg);background-position:50% 50%\"><img fetchpriority=\"high\" decoding=\"async\" width=\"1024\" height=\"576\" src=\"https:\/\/mlby6cou2v80.i.optimole.com\/w:1024\/h:576\/q:mauto\/f:best\/https:\/\/www.oceamic2.com\/wp-content\/uploads\/2022\/09\/histoire-oceamic.jpg\" alt=\"\" class=\"wp-image-2758 size-full\" srcset=\"https:\/\/mlby6cou2v80.i.optimole.com\/w:1024\/h:576\/q:mauto\/f:best\/https:\/\/www.oceamic2.com\/wp-content\/uploads\/2022\/09\/histoire-oceamic.jpg 1024w, https:\/\/mlby6cou2v80.i.optimole.com\/w:300\/h:169\/q:mauto\/f:best\/https:\/\/www.oceamic2.com\/wp-content\/uploads\/2022\/09\/histoire-oceamic.jpg 300w, https:\/\/mlby6cou2v80.i.optimole.com\/w:768\/h:432\/q:mauto\/f:best\/https:\/\/www.oceamic2.com\/wp-content\/uploads\/2022\/09\/histoire-oceamic.jpg 768w, https:\/\/mlby6cou2v80.i.optimole.com\/w:auto\/h:auto\/q:mauto\/f:best\/https:\/\/www.oceamic2.com\/wp-content\/uploads\/2022\/09\/histoire-oceamic.jpg 1440w\" sizes=\"(max-width: 1024px) 100vw, 1024px\" \/><\/figure><div class=\"wp-block-media-text__content\">\n<div class=\"wp-block-group pl-2 pl-md-4\"><div class=\"wp-block-group__inner-container is-layout-flow wp-block-group-is-layout-flow\">\n<h2 class=\"fs-4 text-primary mt-lg-n5 fw-regular mb-0 mb-md-4 mt-4 has-large-font-size\">LA HISTORIA DE OCEAMIC II<\/h2>\n\n\n\n<p class=\"text-muted lh-sm mt-2\">Creada en 2012, Oceamic II est\u00e1 especializada en la producci\u00f3n y comercializaci\u00f3n de conservas de pescado.\n<\/p>\n\n\n\n<p class=\"text-muted lh-sm eplus-vb7F0j\">La elecci\u00f3n del emplazamiento de Oceamic II en el puerto de El Aai\u00fan no fue casual. El puerto es uno de los puertos pesqueros m\u00e1s importantes de Marruecos, y la conservera Oceamic II es el resultado l\u00f3gico de la expansi\u00f3n de la empresa. Esta proximidad a los caladeros garantiza que todo el pescado se mantenga fresco cuando se procesa.<br\/><br\/>\nOceamic II garantiza materias primas de calidad y la flexibilidad necesaria para fabricar los productos que desean nuestros clientes.\n<\/p>\n\n\n\n<div style=\"height:40px\" aria-hidden=\"true\" class=\"wp-block-spacer\"><\/div>\n<\/div><\/div>\n\n\n\n<p><\/p>\n<\/div><\/div>\n\n<div style=\"height:100px\" aria-hidden=\"true\" class=\"wp-block-spacer\"><\/div>\n\n<div class=\"wp-block-media-text alignwide is-stacked-on-mobile is-image-fill bg-cyan px-2 px-7 block-5 pt-5\" style=\"grid-template-columns:42% auto\"><figure class=\"wp-block-media-text__media\" style=\"background-image:url(https:\/\/mlby6cou2v80.i.optimole.com\/w:1024\/h:576\/q:mauto\/f:best\/https:\/\/www.oceamic2.com\/wp-content\/uploads\/2022\/09\/equipe-oceamic.jpg);background-position:50% 50%\"><img fetchpriority=\"high\" decoding=\"async\" width=\"1024\" height=\"576\" src=\"https:\/\/mlby6cou2v80.i.optimole.com\/w:1024\/h:576\/q:mauto\/f:best\/https:\/\/www.oceamic2.com\/wp-content\/uploads\/2022\/09\/equipe-oceamic.jpg\" alt=\"\" class=\"wp-image-2762 size-full\" srcset=\"https:\/\/mlby6cou2v80.i.optimole.com\/w:1024\/h:576\/q:mauto\/f:best\/https:\/\/www.oceamic2.com\/wp-content\/uploads\/2022\/09\/equipe-oceamic.jpg 1024w, https:\/\/mlby6cou2v80.i.optimole.com\/w:300\/h:169\/q:mauto\/f:best\/https:\/\/www.oceamic2.com\/wp-content\/uploads\/2022\/09\/equipe-oceamic.jpg 300w, https:\/\/mlby6cou2v80.i.optimole.com\/w:768\/h:432\/q:mauto\/f:best\/https:\/\/www.oceamic2.com\/wp-content\/uploads\/2022\/09\/equipe-oceamic.jpg 768w, https:\/\/mlby6cou2v80.i.optimole.com\/w:auto\/h:auto\/q:mauto\/f:best\/https:\/\/www.oceamic2.com\/wp-content\/uploads\/2022\/09\/equipe-oceamic.jpg 1440w\" sizes=\"(max-width: 1024px) 100vw, 1024px\" \/><\/figure><div class=\"wp-block-media-text__content\">\n<div class=\"wp-block-group pl-2 pl-md-4\"><div class=\"wp-block-group__inner-container is-layout-flow wp-block-group-is-layout-flow\">\n<h2 class=\"fs-4 text-primary mt-lg-n5 fw-regular mb-0 mb-md-4 mt-4 has-large-font-size\">EL EQUIPO OCEAMIC II<\/h2>\n\n\n\n<p class=\"text-muted lh-sm mt-2\">Oceamic II cuenta con m\u00e1s de 1.500 empleados dedicados a ofrecer a los clientes lo mejor. Sin ellos, esta <strong>f\u00e1brica de conservas de pescado de<\/strong> Marruecos no ser\u00eda lo que es hoy.  <\/p>\n\n\n\n<p class=\"text-muted lh-sm eplus-vb7F0j\">Son las personas que llevan a cabo un estricto control de calidad de los productos, desde el momento en que reciben las materias primas hasta el proceso de producci\u00f3n. Es su experiencia lo que hace que los productos Oceamic II sean los m\u00e1s sabrosos para los consumidores.<br\/><br\/>\nEn resumen, el mayor activo de Oceamic II es su gente.\n<\/p>\n\n\n\n<div style=\"height:40px\" aria-hidden=\"true\" class=\"wp-block-spacer\"><\/div>\n<\/div><\/div>\n\n\n\n<p><\/p>\n<\/div><\/div>\n\n<div style=\"height:100px\" aria-hidden=\"true\" class=\"wp-block-spacer\"><\/div>\n\n<div class=\"wp-block-media-text alignwide is-stacked-on-mobile is-image-fill bg-cyan px-2 px-7 block-5 pt-5\" style=\"grid-template-columns:42% auto\"><figure class=\"wp-block-media-text__media\" style=\"background-image:url(https:\/\/mlby6cou2v80.i.optimole.com\/w:1024\/h:576\/q:mauto\/f:best\/https:\/\/www.oceamic2.com\/wp-content\/uploads\/2021\/09\/confiance-oceamic.jpg);background-position:50% 50%\"><img data-opt-src=\"https:\/\/mlby6cou2v80.i.optimole.com\/w:1024\/h:576\/q:mauto\/f:best\/https:\/\/www.oceamic2.com\/wp-content\/uploads\/2021\/09\/confiance-oceamic.jpg\"  decoding=\"async\" width=\"1024\" height=\"576\" src=\"https:\/\/mlby6cou2v80.i.optimole.com\/w:1024\/h:576\/q:eco\/f:best\/https:\/\/www.oceamic2.com\/wp-content\/uploads\/2021\/09\/confiance-oceamic.jpg\" alt=\"Conf\u00edan en nosotros\" class=\"wp-image-2256 size-full\" old-srcset=\"https:\/\/mlby6cou2v80.i.optimole.com\/w:1024\/h:576\/q:mauto\/f:best\/https:\/\/www.oceamic2.com\/wp-content\/uploads\/2021\/09\/confiance-oceamic.jpg 1024w, https:\/\/mlby6cou2v80.i.optimole.com\/w:300\/h:169\/q:mauto\/f:best\/https:\/\/www.oceamic2.com\/wp-content\/uploads\/2021\/09\/confiance-oceamic.jpg 300w, https:\/\/mlby6cou2v80.i.optimole.com\/w:768\/h:432\/q:mauto\/f:best\/https:\/\/www.oceamic2.com\/wp-content\/uploads\/2021\/09\/confiance-oceamic.jpg 768w, https:\/\/mlby6cou2v80.i.optimole.com\/w:auto\/h:auto\/q:mauto\/f:best\/https:\/\/www.oceamic2.com\/wp-content\/uploads\/2021\/09\/confiance-oceamic.jpg 1440w\" \/><noscript><img decoding=\"async\" width=\"1024\" height=\"576\" src=\"https:\/\/mlby6cou2v80.i.optimole.com\/w:1024\/h:576\/q:mauto\/f:best\/https:\/\/www.oceamic2.com\/wp-content\/uploads\/2021\/09\/confiance-oceamic.jpg\" alt=\"Conf\u00edan en nosotros\" class=\"wp-image-2256 size-full\" srcset=\"https:\/\/mlby6cou2v80.i.optimole.com\/w:1024\/h:576\/q:mauto\/f:best\/https:\/\/www.oceamic2.com\/wp-content\/uploads\/2021\/09\/confiance-oceamic.jpg 1024w, https:\/\/mlby6cou2v80.i.optimole.com\/w:300\/h:169\/q:mauto\/f:best\/https:\/\/www.oceamic2.com\/wp-content\/uploads\/2021\/09\/confiance-oceamic.jpg 300w, https:\/\/mlby6cou2v80.i.optimole.com\/w:768\/h:432\/q:mauto\/f:best\/https:\/\/www.oceamic2.com\/wp-content\/uploads\/2021\/09\/confiance-oceamic.jpg 768w, https:\/\/mlby6cou2v80.i.optimole.com\/w:auto\/h:auto\/q:mauto\/f:best\/https:\/\/www.oceamic2.com\/wp-content\/uploads\/2021\/09\/confiance-oceamic.jpg 1440w\" sizes=\"(max-width: 1024px) 100vw, 1024px\" \/></noscript><\/figure><div class=\"wp-block-media-text__content\">\n<div class=\"wp-block-group pl-2 pl-md-4\"><div class=\"wp-block-group__inner-container is-layout-flow wp-block-group-is-layout-flow\">\n<h2 class=\"fs-4 text-primary mt-lg-n5 fw-regular mb-0 mb-md-4 mt-4 has-large-font-size\">Conf\u00edan en nosotros<\/h2>\n\n\n\n<p class=\"text-muted lh-sm mt-2\">Muchas marcas internacionales conf\u00edan en nosotros para crear conservas de pescado seg\u00fan sus especificaciones. Entre estas marcas se encuentran Calvo, John West y Parmentier, que figuran entre los l\u00edderes europeos en este campo.<br\/>\nElegir Oceamic II significa :\n<\/p>\n\n\n\n<ul class=\"eplus-vb7F0j custom-bullet text-muted pl-4 lh-sm\"><li>La garant\u00eda de la calidad del producto: Oceamic II cuenta con varias certificaciones, como FDA, BRC Food, Halal, BSCI, etc.\n<\/li><li>Producci\u00f3n innegablemente r\u00e1pida: hasta 89 millones de latas\/a\u00f1o  <\/li><li>Recetas creativas e innovadoras que se adaptan a todo tipo de mercados: conservas de pescado en aceite, al natural, con guindilla&#8230;<\/li><\/ul>\n\n\n\n<div style=\"height:40px\" aria-hidden=\"true\" class=\"wp-block-spacer\"><\/div>\n<\/div><\/div>\n\n\n\n<p><\/p>\n<\/div><\/div>\n\n<div style=\"height:30px\" aria-hidden=\"true\" class=\"wp-block-spacer\"><\/div>\n\n<div style=\"height:110px\" aria-hidden=\"true\" class=\"wp-block-spacer eplus-AuBisI\"><\/div>\n","protected":false},"excerpt":{"rendered":"<p>OCEAMIC II EXPORTADOR DE CONSERVAS DE AT\u00daN, CABALLA Y SARDINAS Oceamic II es un exportador mundial de conservas de at\u00fan, caballa y sardinas. Gracias a su experiencia, su equipamiento de alta tecnolog\u00eda y su personal, esta conservera de pescado de Marruecos puede elaborar productos de primera calidad que satisfacen los gustos y exigencias del mercado.<\/p>\n","protected":false},"author":2,"featured_media":0,"parent":0,"menu_order":3,"comment_status":"closed","ping_status":"closed","template":"","meta":{"_acf_changed":false,"inline_featured_image":false,"footnotes":""},"class_list":["post-4397","page","type-page","status-publish","hentry","entry"],"acf":[],"yoast_head":"<!-- This site is optimized with the Yoast SEO plugin v24.8.1 - https:\/\/yoast.com\/wordpress\/plugins\/seo\/ -->\n<title>Exportador marroqu\u00ed de conservas de sardinas, caballa y at\u00fan<\/title>\n<meta name=\"description\" content=\"Oceamic II es un exportador marroqu\u00ed de conservas de sardinas, caballa y at\u00fan, con una f\u00e1brica certificada y un equipo de 1.000 personas.\" \/>\n<meta name=\"robots\" content=\"index, follow, max-snippet:-1, max-image-preview:large, max-video-preview:-1\" \/>\n<link rel=\"canonical\" href=\"https:\/\/www.oceamic2.com\/es\/quienes-somos\/\" \/>\n<meta property=\"og:locale\" content=\"es_ES\" \/>\n<meta property=\"og:type\" content=\"article\" \/>\n<meta property=\"og:title\" content=\"Exportador marroqu\u00ed de conservas de sardinas, caballa y at\u00fan\" \/>\n<meta property=\"og:description\" content=\"Oceamic II es un exportador marroqu\u00ed de conservas de sardinas, caballa y at\u00fan, con una f\u00e1brica certificada y un equipo de 1.000 personas.\" \/>\n<meta property=\"og:url\" content=\"https:\/\/www.oceamic2.com\/es\/quienes-somos\/\" \/>\n<meta property=\"article:modified_time\" content=\"2024-05-16T14:43:19+00:00\" \/>\n<meta property=\"og:image\" content=\"https:\/\/mlby6cou2v80.i.optimole.com\/w:auto\/h:auto\/q:mauto\/f:best\/https:\/\/www.oceamic2.com\/wp-content\/uploads\/2021\/01\/raw-mackerel-with-spices_1_50.png\" \/>\n<meta name=\"twitter:card\" content=\"summary_large_image\" \/>\n<script type=\"application\/ld+json\" class=\"yoast-schema-graph\">{\"@context\":\"https:\/\/schema.org\",\"@graph\":[{\"@type\":\"WebPage\",\"@id\":\"https:\/\/www.oceamic2.com\/es\/quienes-somos\/\",\"url\":\"https:\/\/www.oceamic2.com\/es\/quienes-somos\/\",\"name\":\"Exportador marroqu\u00ed de conservas de sardinas, caballa y at\u00fan\",\"isPartOf\":{\"@id\":\"https:\/\/www.oceamic2.com\/#website\"},\"primaryImageOfPage\":{\"@id\":\"https:\/\/www.oceamic2.com\/es\/quienes-somos\/#primaryimage\"},\"image\":{\"@id\":\"https:\/\/www.oceamic2.com\/es\/quienes-somos\/#primaryimage\"},\"thumbnailUrl\":\"https:\/\/mlby6cou2v80.i.optimole.com\/w:auto\/h:auto\/q:mauto\/f:best\/https:\/\/www.oceamic2.com\/wp-content\/uploads\/2021\/01\/raw-mackerel-with-spices_1_50.png\",\"datePublished\":\"2024-05-16T14:32:27+00:00\",\"dateModified\":\"2024-05-16T14:43:19+00:00\",\"description\":\"Oceamic II es un exportador marroqu\u00ed de conservas de sardinas, caballa y at\u00fan, con una f\u00e1brica certificada y un equipo de 1.000 personas.\",\"breadcrumb\":{\"@id\":\"https:\/\/www.oceamic2.com\/es\/quienes-somos\/#breadcrumb\"},\"inLanguage\":\"es\",\"potentialAction\":[{\"@type\":\"ReadAction\",\"target\":[\"https:\/\/www.oceamic2.com\/es\/quienes-somos\/\"]}]},{\"@type\":\"ImageObject\",\"inLanguage\":\"es\",\"@id\":\"https:\/\/www.oceamic2.com\/es\/quienes-somos\/#primaryimage\",\"url\":\"https:\/\/mlby6cou2v80.i.optimole.com\/w:auto\/h:auto\/q:mauto\/f:best\/https:\/\/www.oceamic2.com\/wp-content\/uploads\/2021\/01\/raw-mackerel-with-spices_1_50.png\",\"contentUrl\":\"https:\/\/mlby6cou2v80.i.optimole.com\/w:auto\/h:auto\/q:mauto\/f:best\/https:\/\/www.oceamic2.com\/wp-content\/uploads\/2021\/01\/raw-mackerel-with-spices_1_50.png\"},{\"@type\":\"BreadcrumbList\",\"@id\":\"https:\/\/www.oceamic2.com\/es\/quienes-somos\/#breadcrumb\",\"itemListElement\":[{\"@type\":\"ListItem\",\"position\":1,\"name\":\"Home\",\"item\":\"https:\/\/www.oceamic2.com\/es\/\"},{\"@type\":\"ListItem\",\"position\":2,\"name\":\"\u00bfQui\u00e9nes somos?\"}]},{\"@type\":\"WebSite\",\"@id\":\"https:\/\/www.oceamic2.com\/#website\",\"url\":\"https:\/\/www.oceamic2.com\/\",\"name\":\"\",\"description\":\"\",\"publisher\":{\"@id\":\"https:\/\/www.oceamic2.com\/#organization\"},\"potentialAction\":[{\"@type\":\"SearchAction\",\"target\":{\"@type\":\"EntryPoint\",\"urlTemplate\":\"https:\/\/www.oceamic2.com\/?s={search_term_string}\"},\"query-input\":{\"@type\":\"PropertyValueSpecification\",\"valueRequired\":true,\"valueName\":\"search_term_string\"}}],\"inLanguage\":\"es\"},{\"@type\":\"Organization\",\"@id\":\"https:\/\/www.oceamic2.com\/#organization\",\"name\":\"Oceamic II\",\"url\":\"https:\/\/www.oceamic2.com\/\",\"logo\":{\"@type\":\"ImageObject\",\"inLanguage\":\"es\",\"@id\":\"https:\/\/www.oceamic2.com\/#\/schema\/logo\/image\/\",\"url\":\"https:\/\/mlby6cou2v80.i.optimole.com\/w:auto\/h:auto\/q:mauto\/f:best\/https:\/\/www.oceamic2.com\/wp-content\/uploads\/2021\/02\/Calque-2.png\",\"contentUrl\":\"https:\/\/mlby6cou2v80.i.optimole.com\/w:auto\/h:auto\/q:mauto\/f:best\/https:\/\/www.oceamic2.com\/wp-content\/uploads\/2021\/02\/Calque-2.png\",\"width\":246,\"height\":164,\"caption\":\"Oceamic II\"},\"image\":{\"@id\":\"https:\/\/www.oceamic2.com\/#\/schema\/logo\/image\/\"}}]}<\/script>\n<!-- \/ Yoast SEO plugin. -->","yoast_head_json":{"title":"Exportador marroqu\u00ed de conservas de sardinas, caballa y at\u00fan","description":"Oceamic II es un exportador marroqu\u00ed de conservas de sardinas, caballa y at\u00fan, con una f\u00e1brica certificada y un equipo de 1.000 personas.","robots":{"index":"index","follow":"follow","max-snippet":"max-snippet:-1","max-image-preview":"max-image-preview:large","max-video-preview":"max-video-preview:-1"},"canonical":"https:\/\/www.oceamic2.com\/es\/quienes-somos\/","og_locale":"es_ES","og_type":"article","og_title":"Exportador marroqu\u00ed de conservas de sardinas, caballa y at\u00fan","og_description":"Oceamic II es un exportador marroqu\u00ed de conservas de sardinas, caballa y at\u00fan, con una f\u00e1brica certificada y un equipo de 1.000 personas.","og_url":"https:\/\/www.oceamic2.com\/es\/quienes-somos\/","article_modified_time":"2024-05-16T14:43:19+00:00","og_image":[{"url":"https:\/\/mlby6cou2v80.i.optimole.com\/w:auto\/h:auto\/q:mauto\/f:best\/https:\/\/www.oceamic2.com\/wp-content\/uploads\/2021\/01\/raw-mackerel-with-spices_1_50.png","type":"","width":"","height":""}],"twitter_card":"summary_large_image","schema":{"@context":"https:\/\/schema.org","@graph":[{"@type":"WebPage","@id":"https:\/\/www.oceamic2.com\/es\/quienes-somos\/","url":"https:\/\/www.oceamic2.com\/es\/quienes-somos\/","name":"Exportador marroqu\u00ed de conservas de sardinas, caballa y at\u00fan","isPartOf":{"@id":"https:\/\/www.oceamic2.com\/#website"},"primaryImageOfPage":{"@id":"https:\/\/www.oceamic2.com\/es\/quienes-somos\/#primaryimage"},"image":{"@id":"https:\/\/www.oceamic2.com\/es\/quienes-somos\/#primaryimage"},"thumbnailUrl":"https:\/\/mlby6cou2v80.i.optimole.com\/w:auto\/h:auto\/q:mauto\/f:best\/https:\/\/www.oceamic2.com\/wp-content\/uploads\/2021\/01\/raw-mackerel-with-spices_1_50.png","datePublished":"2024-05-16T14:32:27+00:00","dateModified":"2024-05-16T14:43:19+00:00","description":"Oceamic II es un exportador marroqu\u00ed de conservas de sardinas, caballa y at\u00fan, con una f\u00e1brica certificada y un equipo de 1.000 personas.","breadcrumb":{"@id":"https:\/\/www.oceamic2.com\/es\/quienes-somos\/#breadcrumb"},"inLanguage":"es","potentialAction":[{"@type":"ReadAction","target":["https:\/\/www.oceamic2.com\/es\/quienes-somos\/"]}]},{"@type":"ImageObject","inLanguage":"es","@id":"https:\/\/www.oceamic2.com\/es\/quienes-somos\/#primaryimage","url":"https:\/\/mlby6cou2v80.i.optimole.com\/w:auto\/h:auto\/q:mauto\/f:best\/https:\/\/www.oceamic2.com\/wp-content\/uploads\/2021\/01\/raw-mackerel-with-spices_1_50.png","contentUrl":"https:\/\/mlby6cou2v80.i.optimole.com\/w:auto\/h:auto\/q:mauto\/f:best\/https:\/\/www.oceamic2.com\/wp-content\/uploads\/2021\/01\/raw-mackerel-with-spices_1_50.png"},{"@type":"BreadcrumbList","@id":"https:\/\/www.oceamic2.com\/es\/quienes-somos\/#breadcrumb","itemListElement":[{"@type":"ListItem","position":1,"name":"Home","item":"https:\/\/www.oceamic2.com\/es\/"},{"@type":"ListItem","position":2,"name":"\u00bfQui\u00e9nes somos?"}]},{"@type":"WebSite","@id":"https:\/\/www.oceamic2.com\/#website","url":"https:\/\/www.oceamic2.com\/","name":"","description":"","publisher":{"@id":"https:\/\/www.oceamic2.com\/#organization"},"potentialAction":[{"@type":"SearchAction","target":{"@type":"EntryPoint","urlTemplate":"https:\/\/www.oceamic2.com\/?s={search_term_string}"},"query-input":{"@type":"PropertyValueSpecification","valueRequired":true,"valueName":"search_term_string"}}],"inLanguage":"es"},{"@type":"Organization","@id":"https:\/\/www.oceamic2.com\/#organization","name":"Oceamic II","url":"https:\/\/www.oceamic2.com\/","logo":{"@type":"ImageObject","inLanguage":"es","@id":"https:\/\/www.oceamic2.com\/#\/schema\/logo\/image\/","url":"https:\/\/mlby6cou2v80.i.optimole.com\/w:auto\/h:auto\/q:mauto\/f:best\/https:\/\/www.oceamic2.com\/wp-content\/uploads\/2021\/02\/Calque-2.png","contentUrl":"https:\/\/mlby6cou2v80.i.optimole.com\/w:auto\/h:auto\/q:mauto\/f:best\/https:\/\/www.oceamic2.com\/wp-content\/uploads\/2021\/02\/Calque-2.png","width":246,"height":164,"caption":"Oceamic II"},"image":{"@id":"https:\/\/www.oceamic2.com\/#\/schema\/logo\/image\/"}}]}},"_links":{"self":[{"href":"https:\/\/www.oceamic2.com\/es\/wp-json\/wp\/v2\/pages\/4397","targetHints":{"allow":["GET"]}}],"collection":[{"href":"https:\/\/www.oceamic2.com\/es\/wp-json\/wp\/v2\/pages"}],"about":[{"href":"https:\/\/www.oceamic2.com\/es\/wp-json\/wp\/v2\/types\/page"}],"author":[{"embeddable":true,"href":"https:\/\/www.oceamic2.com\/es\/wp-json\/wp\/v2\/users\/2"}],"replies":[{"embeddable":true,"href":"https:\/\/www.oceamic2.com\/es\/wp-json\/wp\/v2\/comments?post=4397"}],"version-history":[{"count":2,"href":"https:\/\/www.oceamic2.com\/es\/wp-json\/wp\/v2\/pages\/4397\/revisions"}],"predecessor-version":[{"id":4404,"href":"https:\/\/www.oceamic2.com\/es\/wp-json\/wp\/v2\/pages\/4397\/revisions\/4404"}],"wp:attachment":[{"href":"https:\/\/www.oceamic2.com\/es\/wp-json\/wp\/v2\/media?parent=4397"}],"curies":[{"name":"wp","href":"https:\/\/api.w.org\/{rel}","templated":true}]}}