{"id":4378,"date":"2024-05-16T14:32:24","date_gmt":"2024-05-16T14:32:24","guid":{"rendered":"https:\/\/www.oceamic2.com\/caballa\/"},"modified":"2024-05-16T14:51:45","modified_gmt":"2024-05-16T14:51:45","slug":"caballa","status":"publish","type":"page","link":"https:\/\/www.oceamic2.com\/es\/caballa\/","title":{"rendered":"Caballa"},"content":{"rendered":"\n<div class=\"wp-block-cover alignwide is-light is-position-center-center landingImg eplus-Ngdf7V\"><span aria-hidden=\"true\" class=\"wp-block-cover__background has-background-dim-30 has-background-dim\"><\/span><img fetchpriority=\"high\" decoding=\"async\" width=\"992\" height=\"570\" class=\"wp-block-cover__image-background wp-image-137\" alt=\"\" src=\"https:\/\/mlby6cou2v80.i.optimole.com\/w:auto\/h:auto\/q:mauto\/f:best\/https:\/\/www.oceamic2.com\/wp-content\/uploads\/2021\/01\/raw-mackerel-with-spices_1_50.png\" data-object-fit=\"cover\" srcset=\"https:\/\/mlby6cou2v80.i.optimole.com\/w:auto\/h:auto\/q:mauto\/f:best\/https:\/\/www.oceamic2.com\/wp-content\/uploads\/2021\/01\/raw-mackerel-with-spices_1_50.png 992w, https:\/\/mlby6cou2v80.i.optimole.com\/w:300\/h:172\/q:mauto\/f:best\/https:\/\/www.oceamic2.com\/wp-content\/uploads\/2021\/01\/raw-mackerel-with-spices_1_50.png 300w, https:\/\/mlby6cou2v80.i.optimole.com\/w:768\/h:441\/q:mauto\/f:best\/https:\/\/www.oceamic2.com\/wp-content\/uploads\/2021\/01\/raw-mackerel-with-spices_1_50.png 768w\" sizes=\"(max-width: 992px) 100vw, 992px\" \/><div class=\"wp-block-cover__inner-container is-layout-flow wp-block-cover-is-layout-flow\">\n<p class=\"has-text-align-center display-2 fw-regular m-0 text-white has-text-color\" style=\"color:#fffffa;font-size:74px;line-height:1.1\">Caballa<\/p>\n\n\n\n<p class=\"has-text-align-center text-white m-0\">Inicio \/ Nuestros productos \/ Caballa<\/p>\n<\/div><\/div>\n\n<div style=\"height:20px\" aria-hidden=\"true\" class=\"wp-block-spacer eplus-3OuIJr\"><\/div>\n\n<div class=\"wp-block-group px-1\"><div class=\"wp-block-group__inner-container is-layout-flow wp-block-group-is-layout-flow\">\n<h1><strong>CONSERVAS DE CABALLA<\/strong> EN MARRUECOS<\/h1>\n\n\n\n<svg xmlns=\"http:\/\/www.w3.org\/2000\/svg\" class=\"mx-auto d-flex mt-4\" width=\"120\" height=\"26.688\"><path fill-rule=\"evenodd\" fill=\"#02BCEF\" d=\"M0 8s14.563 11.931 36 11c21.438-.931 36.192-9.945 59-13 14.446-1.631 12.971-.148 17 0 .293-.564-10.496-5.344-18-5-12.308-2.325-48.754 12.447-63 12-1.08.265-8.761 2.295-31-5z\"><\/path><\/svg>\n\n\n\n<p class=\"has-text-align-center text-muted mt-3 lh-sm px-3 px-6 p-intro\">Oceamic II selecciona la mejor caballa para satisfacer los paladares m\u00e1s exigentes.<br\/><br\/>  Este delicioso pescado azul es de origen marroqu\u00ed, enlatado y distribuido seg\u00fan normas internacionales muy estrictas. La <strong>caballa en conserva<\/strong> est\u00e1 disponible en aceite de girasol, de tomate, de oliva, al natural o con guindilla, seg\u00fan la marca.  <\/p>\n<\/div><\/div>\n\n<div style=\"height:74px\" aria-hidden=\"true\" class=\"wp-block-spacer my-5 my-md-1\"><\/div>\n\n<div class=\"wp-block-media-text alignwide is-stacked-on-mobile is-image-fill bg-cyan px-2 px-7 block-5 pt-5\" style=\"grid-template-columns:42% auto\"><figure class=\"wp-block-media-text__media\" style=\"background-image:url(https:\/\/mlby6cou2v80.i.optimole.com\/w:auto\/h:auto\/q:mauto\/f:best\/https:\/\/www.oceamic2.com\/wp-content\/uploads\/2022\/09\/etape-traitement-1-1024x576-1.jpg);background-position:50% 50%\"><img fetchpriority=\"high\" decoding=\"async\" width=\"1024\" height=\"576\" src=\"https:\/\/mlby6cou2v80.i.optimole.com\/w:auto\/h:auto\/q:mauto\/f:best\/https:\/\/www.oceamic2.com\/wp-content\/uploads\/2022\/09\/etape-traitement-1-1024x576-1.jpg\" alt=\"Caballa\" class=\"wp-image-2866 size-full\" srcset=\"https:\/\/mlby6cou2v80.i.optimole.com\/w:auto\/h:auto\/q:mauto\/f:best\/https:\/\/www.oceamic2.com\/wp-content\/uploads\/2022\/09\/etape-traitement-1-1024x576-1.jpg 1024w, https:\/\/mlby6cou2v80.i.optimole.com\/w:300\/h:169\/q:mauto\/f:best\/https:\/\/www.oceamic2.com\/wp-content\/uploads\/2022\/09\/etape-traitement-1-1024x576-1.jpg 300w, https:\/\/mlby6cou2v80.i.optimole.com\/w:768\/h:432\/q:mauto\/f:best\/https:\/\/www.oceamic2.com\/wp-content\/uploads\/2022\/09\/etape-traitement-1-1024x576-1.jpg 768w\" sizes=\"(max-width: 1024px) 100vw, 1024px\" \/><\/figure><div class=\"wp-block-media-text__content\">\n<div class=\"wp-block-group pl-2 pl-md-4\"><div class=\"wp-block-group__inner-container is-layout-flow wp-block-group-is-layout-flow\">\n<h2 class=\"fs-4 text-primary mt-lg-n5 fw-regular mb-0 mb-md-4 mt-4 has-large-font-size\">CABALLA EN CONSERVA DE MARCA BLANCA<\/h2>\n\n\n\n<div style=\"height:1px\" aria-hidden=\"true\" class=\"wp-block-spacer\"><\/div>\n\n\n\n<p class=\"text-muted lh-sm mt-2\">La <strong>conservera de caballa de Marruecos<\/strong> garantiza la m\u00e1xima calidad de todos sus productos. Especialmente en el caso de la caballa, una mala cocci\u00f3n puede secarla y endurecerla r\u00e1pidamente.<br\/><br\/>\nAdem\u00e1s, la forma en que se conserva tambi\u00e9n es esencial para que conserve todas sus propiedades nutritivas. Por eso Oceamic II trabaja regularmente en estos dos aspectos. Cada lata de caballa conserva su riqueza en vitamina B12 y \u00e1cidos omega-3. Contiene oligoelementos como magnesio, sodio, potasio, calcio, hierro, yodo y f\u00f3sforo.\n<\/p>\n\n\n\n<p class=\"text-muted lh-sm eplus-vb7F0j\">Si quieres caballa en conserva de marca blanca, puedes elegir entre varios tipos de lata y varias recetas.<br\/><br\/>\nPuedes estar seguro de que la <strong>caballa marroqu\u00ed en conserva<\/strong> de Oceamic II es famosa en todo el mundo por su sabor \u00fanico. Est\u00e1n considerados entre los mejores del mundo.<br\/>\nPonte en contacto con nosotros ahora para pedir caballa en conserva Oceamic II con el nombre de tu empresa.\n<\/p>\n<\/div><\/div>\n<\/div><\/div>\n\n<div style=\"height:57px\" aria-hidden=\"true\" class=\"wp-block-spacer\"><\/div>\n\n<div class=\"wp-block-group px-3 px-6\"><div class=\"wp-block-group__inner-container is-layout-flow wp-block-group-is-layout-flow\">\n<h2>Conservas de caballa reci\u00e9n pescada en Marruecos<\/h2>\n\n\n\n<p class=\"text-justify\">Para garantizar siempre la calidad de sus conservas, la conservera de caballa de Marruecos s\u00f3lo utiliza pescado reci\u00e9n capturado.<br\/><br\/>\nTambi\u00e9n van acompa\u00f1ados de ingredientes de alta calidad. Ya sea el aceite de oliva, el aceite de girasol o todas las especias y condimentos utilizados. Adem\u00e1s, nuestro experimentado personal controla constantemente la calidad de los productos que utilizamos. Esto garantiza productos excelentes para todo tipo de consumidores.\n<\/p>\n\n\n\n<p class=\"text-justify\">Con Oceamic II de Marruecos, obtienes una <strong>caballa en conserva <\/strong>sabrosa y sana. Por no mencionar que tienes una gran variedad de opciones de productos con mejor calidad y rentabilidad.\n<\/p>\n\n\n\n<h3>M\u00e1s informaci\u00f3n sobre la caballa marroqu\u00ed<\/h3>\n\n\n\n<p class=\"text-justify\">\u00a1La caballa es seguramente la m\u00e1s popular de su grupo! De hecho, es una de las variedades m\u00e1s populares de la familia de la anjova en la regi\u00f3n atl\u00e1ntica. Se encuentra f\u00e1cilmente en aguas profundas y saladas. Para sobrevivir, come peces m\u00e1s peque\u00f1os, crust\u00e1ceos y moluscos, pero s\u00f3lo se alimenta cuando hace calor. Y lo m\u00e1s interesante es que apenas come durante el invierno.<br\/><br\/>\nEn cuanto a la forma f\u00edsica, el cuerpo aerodin\u00e1mico de la caballa le permite alcanzar grandes velocidades al nadar.\n<\/p>\n<\/div><\/div>\n\n<div style=\"height:50px\" aria-hidden=\"true\" class=\"wp-block-spacer eplus-AuBisI\"><\/div>\n","protected":false},"excerpt":{"rendered":"<p>CONSERVAS DE CABALLA EN MARRUECOS Oceamic II selecciona la mejor caballa para satisfacer los paladares m\u00e1s exigentes. Este delicioso pescado azul es de origen marroqu\u00ed, enlatado y distribuido seg\u00fan normas internacionales muy estrictas. La caballa en conserva est\u00e1 disponible en aceite de girasol, de tomate, de oliva, al natural o con guindilla, seg\u00fan la marca.&hellip; <a class=\"more-link\" href=\"https:\/\/www.oceamic2.com\/es\/caballa\/\">Continue reading <span class=\"screen-reader-text\">Caballa<\/span><\/a><\/p>\n","protected":false},"author":2,"featured_media":0,"parent":0,"menu_order":12,"comment_status":"closed","ping_status":"closed","template":"","meta":{"_acf_changed":false,"inline_featured_image":false,"footnotes":""},"class_list":["post-4378","page","type-page","status-publish","hentry","entry"],"acf":[],"yoast_head":"<!-- This site is optimized with the Yoast SEO plugin v24.8.1 - https:\/\/yoast.com\/wordpress\/plugins\/seo\/ -->\n<title>Producci\u00f3n de conservas de caballa en varias recetas<\/title>\n<meta name=\"description\" content=\"Oceamic II, una conservera de caballa de Marruecos, produce para ti conservas de caballa en varias recetas y con marca blanca.\" \/>\n<meta name=\"robots\" content=\"index, follow, max-snippet:-1, max-image-preview:large, max-video-preview:-1\" \/>\n<link rel=\"canonical\" href=\"https:\/\/www.oceamic2.com\/es\/caballa\/\" \/>\n<meta property=\"og:locale\" content=\"es_ES\" \/>\n<meta property=\"og:type\" content=\"article\" \/>\n<meta property=\"og:title\" content=\"Producci\u00f3n de conservas de caballa en varias recetas\" \/>\n<meta property=\"og:description\" content=\"Oceamic II, una conservera de caballa de Marruecos, produce para ti conservas de caballa en varias recetas y con marca blanca.\" \/>\n<meta property=\"og:url\" content=\"https:\/\/www.oceamic2.com\/es\/caballa\/\" \/>\n<meta property=\"article:modified_time\" content=\"2024-05-16T14:51:45+00:00\" \/>\n<meta property=\"og:image\" content=\"https:\/\/mlby6cou2v80.i.optimole.com\/w:auto\/h:auto\/q:mauto\/f:best\/https:\/\/www.oceamic2.com\/wp-content\/uploads\/2021\/01\/raw-mackerel-with-spices_1_50.png\" \/>\n<meta name=\"twitter:card\" content=\"summary_large_image\" \/>\n<meta name=\"twitter:label1\" content=\"Tiempo de lectura\" \/>\n\t<meta name=\"twitter:data1\" content=\"3 minutos\" \/>\n<script type=\"application\/ld+json\" class=\"yoast-schema-graph\">{\"@context\":\"https:\/\/schema.org\",\"@graph\":[{\"@type\":\"WebPage\",\"@id\":\"https:\/\/www.oceamic2.com\/es\/caballa\/\",\"url\":\"https:\/\/www.oceamic2.com\/es\/caballa\/\",\"name\":\"Producci\u00f3n de conservas de caballa en varias recetas\",\"isPartOf\":{\"@id\":\"https:\/\/www.oceamic2.com\/#website\"},\"primaryImageOfPage\":{\"@id\":\"https:\/\/www.oceamic2.com\/es\/caballa\/#primaryimage\"},\"image\":{\"@id\":\"https:\/\/www.oceamic2.com\/es\/caballa\/#primaryimage\"},\"thumbnailUrl\":\"https:\/\/mlby6cou2v80.i.optimole.com\/w:auto\/h:auto\/q:mauto\/f:best\/https:\/\/www.oceamic2.com\/wp-content\/uploads\/2021\/01\/raw-mackerel-with-spices_1_50.png\",\"datePublished\":\"2024-05-16T14:32:24+00:00\",\"dateModified\":\"2024-05-16T14:51:45+00:00\",\"description\":\"Oceamic II, una conservera de caballa de Marruecos, produce para ti conservas de caballa en varias recetas y con marca blanca.\",\"breadcrumb\":{\"@id\":\"https:\/\/www.oceamic2.com\/es\/caballa\/#breadcrumb\"},\"inLanguage\":\"es\",\"potentialAction\":[{\"@type\":\"ReadAction\",\"target\":[\"https:\/\/www.oceamic2.com\/es\/caballa\/\"]}]},{\"@type\":\"ImageObject\",\"inLanguage\":\"es\",\"@id\":\"https:\/\/www.oceamic2.com\/es\/caballa\/#primaryimage\",\"url\":\"https:\/\/mlby6cou2v80.i.optimole.com\/w:auto\/h:auto\/q:mauto\/f:best\/https:\/\/www.oceamic2.com\/wp-content\/uploads\/2021\/01\/raw-mackerel-with-spices_1_50.png\",\"contentUrl\":\"https:\/\/mlby6cou2v80.i.optimole.com\/w:auto\/h:auto\/q:mauto\/f:best\/https:\/\/www.oceamic2.com\/wp-content\/uploads\/2021\/01\/raw-mackerel-with-spices_1_50.png\"},{\"@type\":\"BreadcrumbList\",\"@id\":\"https:\/\/www.oceamic2.com\/es\/caballa\/#breadcrumb\",\"itemListElement\":[{\"@type\":\"ListItem\",\"position\":1,\"name\":\"Home\",\"item\":\"https:\/\/www.oceamic2.com\/es\/\"},{\"@type\":\"ListItem\",\"position\":2,\"name\":\"Caballa\"}]},{\"@type\":\"WebSite\",\"@id\":\"https:\/\/www.oceamic2.com\/#website\",\"url\":\"https:\/\/www.oceamic2.com\/\",\"name\":\"\",\"description\":\"\",\"publisher\":{\"@id\":\"https:\/\/www.oceamic2.com\/#organization\"},\"potentialAction\":[{\"@type\":\"SearchAction\",\"target\":{\"@type\":\"EntryPoint\",\"urlTemplate\":\"https:\/\/www.oceamic2.com\/?s={search_term_string}\"},\"query-input\":{\"@type\":\"PropertyValueSpecification\",\"valueRequired\":true,\"valueName\":\"search_term_string\"}}],\"inLanguage\":\"es\"},{\"@type\":\"Organization\",\"@id\":\"https:\/\/www.oceamic2.com\/#organization\",\"name\":\"Oceamic II\",\"url\":\"https:\/\/www.oceamic2.com\/\",\"logo\":{\"@type\":\"ImageObject\",\"inLanguage\":\"es\",\"@id\":\"https:\/\/www.oceamic2.com\/#\/schema\/logo\/image\/\",\"url\":\"https:\/\/mlby6cou2v80.i.optimole.com\/w:auto\/h:auto\/q:mauto\/f:best\/https:\/\/www.oceamic2.com\/wp-content\/uploads\/2021\/02\/Calque-2.png\",\"contentUrl\":\"https:\/\/mlby6cou2v80.i.optimole.com\/w:auto\/h:auto\/q:mauto\/f:best\/https:\/\/www.oceamic2.com\/wp-content\/uploads\/2021\/02\/Calque-2.png\",\"width\":246,\"height\":164,\"caption\":\"Oceamic II\"},\"image\":{\"@id\":\"https:\/\/www.oceamic2.com\/#\/schema\/logo\/image\/\"}}]}<\/script>\n<!-- \/ Yoast SEO plugin. -->","yoast_head_json":{"title":"Producci\u00f3n de conservas de caballa en varias recetas","description":"Oceamic II, una conservera de caballa de Marruecos, produce para ti conservas de caballa en varias recetas y con marca blanca.","robots":{"index":"index","follow":"follow","max-snippet":"max-snippet:-1","max-image-preview":"max-image-preview:large","max-video-preview":"max-video-preview:-1"},"canonical":"https:\/\/www.oceamic2.com\/es\/caballa\/","og_locale":"es_ES","og_type":"article","og_title":"Producci\u00f3n de conservas de caballa en varias recetas","og_description":"Oceamic II, una conservera de caballa de Marruecos, produce para ti conservas de caballa en varias recetas y con marca blanca.","og_url":"https:\/\/www.oceamic2.com\/es\/caballa\/","article_modified_time":"2024-05-16T14:51:45+00:00","og_image":[{"url":"https:\/\/mlby6cou2v80.i.optimole.com\/w:auto\/h:auto\/q:mauto\/f:best\/https:\/\/www.oceamic2.com\/wp-content\/uploads\/2021\/01\/raw-mackerel-with-spices_1_50.png","type":"","width":"","height":""}],"twitter_card":"summary_large_image","twitter_misc":{"Tiempo de lectura":"3 minutos"},"schema":{"@context":"https:\/\/schema.org","@graph":[{"@type":"WebPage","@id":"https:\/\/www.oceamic2.com\/es\/caballa\/","url":"https:\/\/www.oceamic2.com\/es\/caballa\/","name":"Producci\u00f3n de conservas de caballa en varias recetas","isPartOf":{"@id":"https:\/\/www.oceamic2.com\/#website"},"primaryImageOfPage":{"@id":"https:\/\/www.oceamic2.com\/es\/caballa\/#primaryimage"},"image":{"@id":"https:\/\/www.oceamic2.com\/es\/caballa\/#primaryimage"},"thumbnailUrl":"https:\/\/mlby6cou2v80.i.optimole.com\/w:auto\/h:auto\/q:mauto\/f:best\/https:\/\/www.oceamic2.com\/wp-content\/uploads\/2021\/01\/raw-mackerel-with-spices_1_50.png","datePublished":"2024-05-16T14:32:24+00:00","dateModified":"2024-05-16T14:51:45+00:00","description":"Oceamic II, una conservera de caballa de Marruecos, produce para ti conservas de caballa en varias recetas y con marca blanca.","breadcrumb":{"@id":"https:\/\/www.oceamic2.com\/es\/caballa\/#breadcrumb"},"inLanguage":"es","potentialAction":[{"@type":"ReadAction","target":["https:\/\/www.oceamic2.com\/es\/caballa\/"]}]},{"@type":"ImageObject","inLanguage":"es","@id":"https:\/\/www.oceamic2.com\/es\/caballa\/#primaryimage","url":"https:\/\/mlby6cou2v80.i.optimole.com\/w:auto\/h:auto\/q:mauto\/f:best\/https:\/\/www.oceamic2.com\/wp-content\/uploads\/2021\/01\/raw-mackerel-with-spices_1_50.png","contentUrl":"https:\/\/mlby6cou2v80.i.optimole.com\/w:auto\/h:auto\/q:mauto\/f:best\/https:\/\/www.oceamic2.com\/wp-content\/uploads\/2021\/01\/raw-mackerel-with-spices_1_50.png"},{"@type":"BreadcrumbList","@id":"https:\/\/www.oceamic2.com\/es\/caballa\/#breadcrumb","itemListElement":[{"@type":"ListItem","position":1,"name":"Home","item":"https:\/\/www.oceamic2.com\/es\/"},{"@type":"ListItem","position":2,"name":"Caballa"}]},{"@type":"WebSite","@id":"https:\/\/www.oceamic2.com\/#website","url":"https:\/\/www.oceamic2.com\/","name":"","description":"","publisher":{"@id":"https:\/\/www.oceamic2.com\/#organization"},"potentialAction":[{"@type":"SearchAction","target":{"@type":"EntryPoint","urlTemplate":"https:\/\/www.oceamic2.com\/?s={search_term_string}"},"query-input":{"@type":"PropertyValueSpecification","valueRequired":true,"valueName":"search_term_string"}}],"inLanguage":"es"},{"@type":"Organization","@id":"https:\/\/www.oceamic2.com\/#organization","name":"Oceamic II","url":"https:\/\/www.oceamic2.com\/","logo":{"@type":"ImageObject","inLanguage":"es","@id":"https:\/\/www.oceamic2.com\/#\/schema\/logo\/image\/","url":"https:\/\/mlby6cou2v80.i.optimole.com\/w:auto\/h:auto\/q:mauto\/f:best\/https:\/\/www.oceamic2.com\/wp-content\/uploads\/2021\/02\/Calque-2.png","contentUrl":"https:\/\/mlby6cou2v80.i.optimole.com\/w:auto\/h:auto\/q:mauto\/f:best\/https:\/\/www.oceamic2.com\/wp-content\/uploads\/2021\/02\/Calque-2.png","width":246,"height":164,"caption":"Oceamic II"},"image":{"@id":"https:\/\/www.oceamic2.com\/#\/schema\/logo\/image\/"}}]}},"_links":{"self":[{"href":"https:\/\/www.oceamic2.com\/es\/wp-json\/wp\/v2\/pages\/4378","targetHints":{"allow":["GET"]}}],"collection":[{"href":"https:\/\/www.oceamic2.com\/es\/wp-json\/wp\/v2\/pages"}],"about":[{"href":"https:\/\/www.oceamic2.com\/es\/wp-json\/wp\/v2\/types\/page"}],"author":[{"embeddable":true,"href":"https:\/\/www.oceamic2.com\/es\/wp-json\/wp\/v2\/users\/2"}],"replies":[{"embeddable":true,"href":"https:\/\/www.oceamic2.com\/es\/wp-json\/wp\/v2\/comments?post=4378"}],"version-history":[{"count":2,"href":"https:\/\/www.oceamic2.com\/es\/wp-json\/wp\/v2\/pages\/4378\/revisions"}],"predecessor-version":[{"id":4384,"href":"https:\/\/www.oceamic2.com\/es\/wp-json\/wp\/v2\/pages\/4378\/revisions\/4384"}],"wp:attachment":[{"href":"https:\/\/www.oceamic2.com\/es\/wp-json\/wp\/v2\/media?parent=4378"}],"curies":[{"name":"wp","href":"https:\/\/api.w.org\/{rel}","templated":true}]}}