{"id":3355,"date":"2022-09-28T10:53:24","date_gmt":"2022-09-28T10:53:24","guid":{"rendered":"https:\/\/www.oceamic2.com\/mentions-legales\/"},"modified":"2024-05-17T10:41:19","modified_gmt":"2024-05-17T10:41:19","slug":"legal-notice","status":"publish","type":"page","link":"https:\/\/www.oceamic2.com\/en\/legal-notice\/","title":{"rendered":"Legal Notice"},"content":{"rendered":"\n<div class=\"wp-block-cover alignwide is-light is-position-center-center landingImg eplus-Ngdf7V\"><span aria-hidden=\"true\" class=\"wp-block-cover__background has-background-dim-30 has-background-dim\"><\/span><img fetchpriority=\"high\" decoding=\"async\" width=\"992\" height=\"570\" class=\"wp-block-cover__image-background wp-image-137\" alt=\"\" src=\"https:\/\/mlby6cou2v80.i.optimole.com\/w:auto\/h:auto\/q:mauto\/f:best\/https:\/\/www.oceamic2.com\/wp-content\/uploads\/2021\/01\/raw-mackerel-with-spices_1_50.png\" data-object-fit=\"cover\" srcset=\"https:\/\/mlby6cou2v80.i.optimole.com\/w:auto\/h:auto\/q:mauto\/f:best\/https:\/\/www.oceamic2.com\/wp-content\/uploads\/2021\/01\/raw-mackerel-with-spices_1_50.png 992w, https:\/\/mlby6cou2v80.i.optimole.com\/w:300\/h:172\/q:mauto\/f:best\/https:\/\/www.oceamic2.com\/wp-content\/uploads\/2021\/01\/raw-mackerel-with-spices_1_50.png 300w, https:\/\/mlby6cou2v80.i.optimole.com\/w:768\/h:441\/q:mauto\/f:best\/https:\/\/www.oceamic2.com\/wp-content\/uploads\/2021\/01\/raw-mackerel-with-spices_1_50.png 768w\" sizes=\"(max-width: 992px) 100vw, 992px\" \/><div class=\"wp-block-cover__inner-container is-layout-flow wp-block-cover-is-layout-flow\">\n<p class=\"has-text-align-center display-2 fw-regular m-0 text-white has-text-color\" style=\"color:#fffffa;font-size:74px;line-height:1.1\">Legal notice<\/p>\n\n\n\n<p class=\"has-text-align-center text-white m-0\"><a href=\"https:\/\/www.oceamic2.com\/\">Accueil<\/a> \/ Mentions l\u00e9gales<\/p>\n<\/div><\/div>\n\n<div style=\"height:20px\" aria-hidden=\"true\" class=\"wp-block-spacer eplus-3OuIJr\"><\/div>\n\n<div class=\"wp-block-group px-1\"><div class=\"wp-block-group__inner-container is-layout-flow wp-block-group-is-layout-flow\">\n<h1>INFORMATIONS ET MENTIONS L\u00c9GALES DE LA <br\/><strong>CONSERVERIE DE POISSONS OCEAMIC II<\/strong><\/h1>\n\n\n\n<svg class=\"mx-auto d-flex mt-4\" xmlns=\"http:\/\/www.w3.org\/2000\/svg\" width=\"120\" height=\"26.688\"><path fill-rule=\"evenodd\" fill=\"#02BCEF\" d=\"M0 8s14.563 11.931 36 11c21.438-.931 36.192-9.945 59-13 14.446-1.631 12.971-.148 17 0 .293-.564-10.496-5.344-18-5-12.308-2.325-48.754 12.447-63 12-1.08.265-8.761 2.295-31-5z\"><\/path><\/svg>\n<\/div><\/div>\n\n<div style=\"height:20px\" aria-hidden=\"true\" class=\"wp-block-spacer my-2 my-md-1\"><\/div>\n\n<div class=\"wp-block-group px-3 px-6\"><div class=\"wp-block-group__inner-container is-layout-flow wp-block-group-is-layout-flow\">\n<h2>PUBLICATION<\/h2>\n\n\n\n<p class=\"text-justify\"><strong>OCEAMIC LAAYOUNE II<\/strong><br\/>\nSARL au capital de 65 400 000 DHS<br\/>\n RC : 11365 &#8211; CNSS : 7722988 &#8211; IF : 40458163 &#8211; ICE : 002031075000022 &#8211; Agr\u00e9ment N\u00b0 : 6127 <\/p>\n\n\n\n<ul class=\"eplus-j89Sp2 custom-bullet text-muted pl-4 lh-sm wp-block-list\">\n<li><strong>T\u00e9l\u00e9phone :<\/strong><a href=\"tel:+212 528 998 374\"> <mark style=\"background-color:rgba(0, 0, 0, 0);color:#657581\" class=\"has-inline-color\">+212 528 998 374<\/mark><\/a><\/li>\n\n\n\n<li><strong>Website :<\/strong> www.oceamic2.com<\/li>\n\n\n\n<li><strong>E-Mail :<\/strong> <a href=\"mailto:contact@oceamic2.com\"><mark style=\"background-color:rgba(0, 0, 0, 0);color:#657581\" class=\"has-inline-color\">contact@oceamic2.com<\/mark><\/a><\/li>\n\n\n\n<li><strong>Adresse :<\/strong> Lot N\u00b060, Zone industrielle El Marsa &#8211; Laayoune PORT.BP : 77 &#8211; Maroc<\/li>\n<\/ul>\n\n\n\n<h3>Conception, r\u00e9alisation &#038; H\u00e9bergement du site<\/h3>\n\n\n\n<p class=\"text-justify mb-2\">Conception site Internet : <a href=\"https:\/\/www.picaxel.com\" target=\"_blank\" rel=\"noopener\"><strong>PICAXEL<\/strong><\/a><br\/>\nH\u00e9bergement web : <a href=\"https:\/\/www.infomaniak.com\" target=\"_blank\" rel=\"noopener\"><strong>INFOMANIAK<\/strong><\/a><\/p>\n\n\n\n<h3>Modification du site<\/h3>\n\n\n\n<p class=\"text-justify\">\u00ab OCEAMIC II \u00bb se r\u00e9serve le droit de modifier ou de corriger le contenu de ce site et cette mention l\u00e9gale \u00e0 tout moment et ceci sans pr\u00e9avis.<br\/><br\/>\n\nPour toute question ou remarque concernant le site : contact@oceamic2.com<\/p>\n<\/div><\/div>\n\n<div style=\"height:85px\" aria-hidden=\"true\" class=\"wp-block-spacer eplus-EvfbGV\"><\/div>\n\n<p><\/p>\n","protected":false},"excerpt":{"rendered":"<p>INFORMATIONS ET MENTIONS L\u00c9GALES DE LA CONSERVERIE DE POISSONS OCEAMIC II PUBLICATION OCEAMIC LAAYOUNE II SARL au capital de 65 400 000 DHS RC : 11365 &#8211; CNSS : 7722988 &#8211; IF : 40458163 &#8211; ICE : 002031075000022 &#8211; Agr\u00e9ment N\u00b0 : 6127 Conception, r\u00e9alisation &#038; H\u00e9bergement du site Conception site Internet : PICAXEL H\u00e9bergement&hellip; <a class=\"more-link\" href=\"https:\/\/www.oceamic2.com\/en\/legal-notice\/\">Continue reading <span class=\"screen-reader-text\">Legal Notice<\/span><\/a><\/p>\n","protected":false},"author":2,"featured_media":0,"parent":0,"menu_order":26,"comment_status":"closed","ping_status":"closed","template":"","meta":{"_acf_changed":false,"inline_featured_image":false,"footnotes":""},"class_list":["post-3355","page","type-page","status-publish","hentry","entry"],"acf":[],"yoast_head":"<!-- This site is optimized with the Yoast SEO plugin v24.8.1 - https:\/\/yoast.com\/wordpress\/plugins\/seo\/ -->\n<title>Legal notice of the fish cannery Oceamic II<\/title>\n<meta name=\"description\" content=\"Mentions and legal information of the fish cannery Oceamic II.\" \/>\n<meta name=\"robots\" content=\"noindex, nofollow\" \/>\n<meta property=\"og:locale\" content=\"en_US\" \/>\n<meta property=\"og:type\" content=\"article\" \/>\n<meta property=\"og:title\" content=\"Legal notice of the fish cannery Oceamic II\" \/>\n<meta property=\"og:description\" content=\"Mentions and legal information of the fish cannery Oceamic II.\" \/>\n<meta property=\"og:url\" content=\"https:\/\/www.oceamic2.com\/en\/legal-notice\/\" \/>\n<meta property=\"article:modified_time\" content=\"2024-05-17T10:41:19+00:00\" \/>\n<meta property=\"og:image\" content=\"https:\/\/mlby6cou2v80.i.optimole.com\/w:auto\/h:auto\/q:mauto\/f:best\/https:\/\/www.oceamic2.com\/wp-content\/uploads\/2021\/01\/raw-mackerel-with-spices_1_50.png\" \/>\n<meta name=\"twitter:card\" content=\"summary_large_image\" \/>\n<meta name=\"twitter:label1\" content=\"Est. reading time\" \/>\n\t<meta name=\"twitter:data1\" content=\"1 minute\" \/>\n<script type=\"application\/ld+json\" class=\"yoast-schema-graph\">{\"@context\":\"https:\/\/schema.org\",\"@graph\":[{\"@type\":\"WebPage\",\"@id\":\"https:\/\/www.oceamic2.com\/en\/legal-notice\/\",\"url\":\"https:\/\/www.oceamic2.com\/en\/legal-notice\/\",\"name\":\"Legal notice of the fish cannery Oceamic II\",\"isPartOf\":{\"@id\":\"https:\/\/www.oceamic2.com\/#website\"},\"primaryImageOfPage\":{\"@id\":\"https:\/\/www.oceamic2.com\/en\/legal-notice\/#primaryimage\"},\"image\":{\"@id\":\"https:\/\/www.oceamic2.com\/en\/legal-notice\/#primaryimage\"},\"thumbnailUrl\":\"https:\/\/mlby6cou2v80.i.optimole.com\/w:auto\/h:auto\/q:mauto\/f:best\/https:\/\/www.oceamic2.com\/wp-content\/uploads\/2021\/01\/raw-mackerel-with-spices_1_50.png\",\"datePublished\":\"2022-09-28T10:53:24+00:00\",\"dateModified\":\"2024-05-17T10:41:19+00:00\",\"description\":\"Mentions and legal information of the fish cannery Oceamic II.\",\"breadcrumb\":{\"@id\":\"https:\/\/www.oceamic2.com\/en\/legal-notice\/#breadcrumb\"},\"inLanguage\":\"en-US\",\"potentialAction\":[{\"@type\":\"ReadAction\",\"target\":[\"https:\/\/www.oceamic2.com\/en\/legal-notice\/\"]}]},{\"@type\":\"ImageObject\",\"inLanguage\":\"en-US\",\"@id\":\"https:\/\/www.oceamic2.com\/en\/legal-notice\/#primaryimage\",\"url\":\"https:\/\/mlby6cou2v80.i.optimole.com\/w:auto\/h:auto\/q:mauto\/f:best\/https:\/\/www.oceamic2.com\/wp-content\/uploads\/2021\/01\/raw-mackerel-with-spices_1_50.png\",\"contentUrl\":\"https:\/\/mlby6cou2v80.i.optimole.com\/w:auto\/h:auto\/q:mauto\/f:best\/https:\/\/www.oceamic2.com\/wp-content\/uploads\/2021\/01\/raw-mackerel-with-spices_1_50.png\"},{\"@type\":\"BreadcrumbList\",\"@id\":\"https:\/\/www.oceamic2.com\/en\/legal-notice\/#breadcrumb\",\"itemListElement\":[{\"@type\":\"ListItem\",\"position\":1,\"name\":\"Home\",\"item\":\"https:\/\/www.oceamic2.com\/en\/\"},{\"@type\":\"ListItem\",\"position\":2,\"name\":\"Legal Notice\"}]},{\"@type\":\"WebSite\",\"@id\":\"https:\/\/www.oceamic2.com\/#website\",\"url\":\"https:\/\/www.oceamic2.com\/\",\"name\":\"\",\"description\":\"\",\"publisher\":{\"@id\":\"https:\/\/www.oceamic2.com\/#organization\"},\"potentialAction\":[{\"@type\":\"SearchAction\",\"target\":{\"@type\":\"EntryPoint\",\"urlTemplate\":\"https:\/\/www.oceamic2.com\/?s={search_term_string}\"},\"query-input\":{\"@type\":\"PropertyValueSpecification\",\"valueRequired\":true,\"valueName\":\"search_term_string\"}}],\"inLanguage\":\"en-US\"},{\"@type\":\"Organization\",\"@id\":\"https:\/\/www.oceamic2.com\/#organization\",\"name\":\"Oceamic II\",\"url\":\"https:\/\/www.oceamic2.com\/\",\"logo\":{\"@type\":\"ImageObject\",\"inLanguage\":\"en-US\",\"@id\":\"https:\/\/www.oceamic2.com\/#\/schema\/logo\/image\/\",\"url\":\"https:\/\/mlby6cou2v80.i.optimole.com\/w:auto\/h:auto\/q:mauto\/f:best\/https:\/\/www.oceamic2.com\/wp-content\/uploads\/2021\/02\/Calque-2.png\",\"contentUrl\":\"https:\/\/mlby6cou2v80.i.optimole.com\/w:auto\/h:auto\/q:mauto\/f:best\/https:\/\/www.oceamic2.com\/wp-content\/uploads\/2021\/02\/Calque-2.png\",\"width\":246,\"height\":164,\"caption\":\"Oceamic II\"},\"image\":{\"@id\":\"https:\/\/www.oceamic2.com\/#\/schema\/logo\/image\/\"}}]}<\/script>\n<!-- \/ Yoast SEO plugin. -->","yoast_head_json":{"title":"Legal notice of the fish cannery Oceamic II","description":"Mentions and legal information of the fish cannery Oceamic II.","robots":{"index":"noindex","follow":"nofollow"},"og_locale":"en_US","og_type":"article","og_title":"Legal notice of the fish cannery Oceamic II","og_description":"Mentions and legal information of the fish cannery Oceamic II.","og_url":"https:\/\/www.oceamic2.com\/en\/legal-notice\/","article_modified_time":"2024-05-17T10:41:19+00:00","og_image":[{"url":"https:\/\/mlby6cou2v80.i.optimole.com\/w:auto\/h:auto\/q:mauto\/f:best\/https:\/\/www.oceamic2.com\/wp-content\/uploads\/2021\/01\/raw-mackerel-with-spices_1_50.png","type":"","width":"","height":""}],"twitter_card":"summary_large_image","twitter_misc":{"Est. reading time":"1 minute"},"schema":{"@context":"https:\/\/schema.org","@graph":[{"@type":"WebPage","@id":"https:\/\/www.oceamic2.com\/en\/legal-notice\/","url":"https:\/\/www.oceamic2.com\/en\/legal-notice\/","name":"Legal notice of the fish cannery Oceamic II","isPartOf":{"@id":"https:\/\/www.oceamic2.com\/#website"},"primaryImageOfPage":{"@id":"https:\/\/www.oceamic2.com\/en\/legal-notice\/#primaryimage"},"image":{"@id":"https:\/\/www.oceamic2.com\/en\/legal-notice\/#primaryimage"},"thumbnailUrl":"https:\/\/mlby6cou2v80.i.optimole.com\/w:auto\/h:auto\/q:mauto\/f:best\/https:\/\/www.oceamic2.com\/wp-content\/uploads\/2021\/01\/raw-mackerel-with-spices_1_50.png","datePublished":"2022-09-28T10:53:24+00:00","dateModified":"2024-05-17T10:41:19+00:00","description":"Mentions and legal information of the fish cannery Oceamic II.","breadcrumb":{"@id":"https:\/\/www.oceamic2.com\/en\/legal-notice\/#breadcrumb"},"inLanguage":"en-US","potentialAction":[{"@type":"ReadAction","target":["https:\/\/www.oceamic2.com\/en\/legal-notice\/"]}]},{"@type":"ImageObject","inLanguage":"en-US","@id":"https:\/\/www.oceamic2.com\/en\/legal-notice\/#primaryimage","url":"https:\/\/mlby6cou2v80.i.optimole.com\/w:auto\/h:auto\/q:mauto\/f:best\/https:\/\/www.oceamic2.com\/wp-content\/uploads\/2021\/01\/raw-mackerel-with-spices_1_50.png","contentUrl":"https:\/\/mlby6cou2v80.i.optimole.com\/w:auto\/h:auto\/q:mauto\/f:best\/https:\/\/www.oceamic2.com\/wp-content\/uploads\/2021\/01\/raw-mackerel-with-spices_1_50.png"},{"@type":"BreadcrumbList","@id":"https:\/\/www.oceamic2.com\/en\/legal-notice\/#breadcrumb","itemListElement":[{"@type":"ListItem","position":1,"name":"Home","item":"https:\/\/www.oceamic2.com\/en\/"},{"@type":"ListItem","position":2,"name":"Legal Notice"}]},{"@type":"WebSite","@id":"https:\/\/www.oceamic2.com\/#website","url":"https:\/\/www.oceamic2.com\/","name":"","description":"","publisher":{"@id":"https:\/\/www.oceamic2.com\/#organization"},"potentialAction":[{"@type":"SearchAction","target":{"@type":"EntryPoint","urlTemplate":"https:\/\/www.oceamic2.com\/?s={search_term_string}"},"query-input":{"@type":"PropertyValueSpecification","valueRequired":true,"valueName":"search_term_string"}}],"inLanguage":"en-US"},{"@type":"Organization","@id":"https:\/\/www.oceamic2.com\/#organization","name":"Oceamic II","url":"https:\/\/www.oceamic2.com\/","logo":{"@type":"ImageObject","inLanguage":"en-US","@id":"https:\/\/www.oceamic2.com\/#\/schema\/logo\/image\/","url":"https:\/\/mlby6cou2v80.i.optimole.com\/w:auto\/h:auto\/q:mauto\/f:best\/https:\/\/www.oceamic2.com\/wp-content\/uploads\/2021\/02\/Calque-2.png","contentUrl":"https:\/\/mlby6cou2v80.i.optimole.com\/w:auto\/h:auto\/q:mauto\/f:best\/https:\/\/www.oceamic2.com\/wp-content\/uploads\/2021\/02\/Calque-2.png","width":246,"height":164,"caption":"Oceamic II"},"image":{"@id":"https:\/\/www.oceamic2.com\/#\/schema\/logo\/image\/"}}]}},"_links":{"self":[{"href":"https:\/\/www.oceamic2.com\/en\/wp-json\/wp\/v2\/pages\/3355","targetHints":{"allow":["GET"]}}],"collection":[{"href":"https:\/\/www.oceamic2.com\/en\/wp-json\/wp\/v2\/pages"}],"about":[{"href":"https:\/\/www.oceamic2.com\/en\/wp-json\/wp\/v2\/types\/page"}],"author":[{"embeddable":true,"href":"https:\/\/www.oceamic2.com\/en\/wp-json\/wp\/v2\/users\/2"}],"replies":[{"embeddable":true,"href":"https:\/\/www.oceamic2.com\/en\/wp-json\/wp\/v2\/comments?post=3355"}],"version-history":[{"count":27,"href":"https:\/\/www.oceamic2.com\/en\/wp-json\/wp\/v2\/pages\/3355\/revisions"}],"predecessor-version":[{"id":4520,"href":"https:\/\/www.oceamic2.com\/en\/wp-json\/wp\/v2\/pages\/3355\/revisions\/4520"}],"wp:attachment":[{"href":"https:\/\/www.oceamic2.com\/en\/wp-json\/wp\/v2\/media?parent=3355"}],"curies":[{"name":"wp","href":"https:\/\/api.w.org\/{rel}","templated":true}]}}